{"id":1307,"date":"2025-08-18T09:01:01","date_gmt":"2025-08-18T09:01:01","guid":{"rendered":"https:\/\/onemoreup.es\/registro-de-afiliados\/"},"modified":"2025-08-20T11:02:54","modified_gmt":"2025-08-20T11:02:54","slug":"registro-de-afiliados","status":"publish","type":"page","link":"https:\/\/onemoreup.es\/en\/registro-de-afiliados\/","title":{"rendered":"Affiliate Registration"},"content":{"rendered":"<h2 data-start=\"102\" data-end=\"157\">Payment Terms for One More Up Affiliates<\/h2>\n<ol data-start=\"159\" data-end=\"1017\">\n<li data-start=\"159\" data-end=\"273\">\n<p data-start=\"162\" data-end=\"193\"><strong data-start=\"162\" data-end=\"191\">Payment frequency<\/strong><\/p>\n<ul data-start=\"197\" data-end=\"273\">\n<li data-start=\"197\" data-end=\"273\">\n<p data-start=\"199\" data-end=\"273\">Payments to our members will be made <strong data-start=\"244\" data-end=\"270\">every 30 calendar days<\/strong>.<\/p>\n<\/li>\n<\/ul>\n<\/li>\n<li data-start=\"275\" data-end=\"585\">\n<p data-start=\"278\" data-end=\"304\"><strong data-start=\"278\" data-end=\"302\">Commission established<\/strong><\/p>\n<ul data-start=\"308\" data-end=\"585\">\n<li data-start=\"308\" data-end=\"467\">\n<p data-start=\"310\" data-end=\"467\">The commission will be from <strong data-start=\"331\" data-end=\"381\">10% on the amount of confirmed sales<\/strong> made by customers who purchase through your <strong data-start=\"433\" data-end=\"464\">affiliate code or link<\/strong>.<\/p>\n<\/li>\n<li data-start=\"471\" data-end=\"585\">\n<p data-start=\"473\" data-end=\"585\">&quot;Confirmed sales&quot; refers to sales that have not been returned, cancelled, or subject to a claim.<\/p>\n<\/li>\n<\/ul>\n<\/li>\n<li data-start=\"587\" data-end=\"832\">\n<p data-start=\"590\" data-end=\"610\"><strong data-start=\"590\" data-end=\"608\">Payment methods<\/strong><\/p>\n<ul data-start=\"614\" data-end=\"832\">\n<li data-start=\"614\" data-end=\"726\">\n<p data-start=\"616\" data-end=\"651\">Payments will be made via:<\/p>\n<ul data-start=\"657\" data-end=\"726\">\n<li data-start=\"657\" data-end=\"670\">\n<p data-start=\"659\" data-end=\"670\"><strong data-start=\"659\" data-end=\"668\">Bizum<\/strong><\/p>\n<\/li>\n<li data-start=\"676\" data-end=\"690\">\n<p data-start=\"678\" data-end=\"690\"><strong data-start=\"678\" data-end=\"688\">PayPal<\/strong><\/p>\n<\/li>\n<li data-start=\"696\" data-end=\"726\">\n<p data-start=\"698\" data-end=\"726\"><strong data-start=\"698\" data-end=\"724\">Bank transfer<\/strong><\/p>\n<\/li>\n<\/ul>\n<\/li>\n<li data-start=\"730\" data-end=\"832\">\n<p data-start=\"732\" data-end=\"832\">The affiliate must provide the necessary information to complete the transaction correctly.<\/p>\n<\/li>\n<\/ul>\n<\/li>\n<li data-start=\"834\" data-end=\"1017\">\n<p data-start=\"837\" data-end=\"862\"><strong data-start=\"837\" data-end=\"860\">Validation period<\/strong><\/p>\n<ul data-start=\"866\" data-end=\"1017\">\n<li data-start=\"866\" data-end=\"1017\">\n<p data-start=\"868\" data-end=\"1017\">One More Up reserves a period of up to 10 additional days after the closing of the period to validate sales and make the corresponding payment.<\/p>\n<\/li>\n<\/ul>\n<\/li>\n<\/ol>\n<hr data-start=\"1019\" data-end=\"1022\" \/>\n<h3 data-start=\"1024\" data-end=\"1048\">Welcome Note<\/h3>\n<p data-start=\"1049\" data-end=\"1318\">Thank you for joining our affiliate network. We are proud to have you as part of it. <strong data-start=\"1144\" data-end=\"1178\">new ambassador for One More Up<\/strong>. We are so excited to welcome you to our little family and are confident that together we will grow a little more each day. \ud83d\udc9c\ud83d\udc9a\ud83d\udda4<\/p>\n<p data-start=\"1049\" data-end=\"1318\">Affiliate Login<\/p>\n<p data-start=\"1049\" data-end=\"1318\"><\/p>\n<p data-start=\"1049\" data-end=\"1318\">Affiliate panel<\/p>\n<p data-start=\"1049\" data-end=\"1318\"><\/p>\n<p data-start=\"1049\" data-end=\"1318\">\n<p data-start=\"1049\" data-end=\"1318\">\n<p data-start=\"1049\" data-end=\"1318\">","protected":false},"excerpt":{"rendered":"<p>Condiciones de Pagos para Afiliados de One More Up Periodicidad de los pagos Los pagos a nuestros afiliados se realizar\u00e1n cada 30 d\u00edas naturales. Comisi\u00f3n establecida La comisi\u00f3n ser\u00e1 del 10% sobre el importe de las ventas confirmadas realizadas por clientes que compren a trav\u00e9s de su c\u00f3digo o enlace de afiliado. Se entiende por [&hellip;]<\/p>\n","protected":false},"author":8,"featured_media":0,"parent":0,"menu_order":0,"comment_status":"closed","ping_status":"closed","template":"","meta":{"footnotes":""},"class_list":["post-1307","page","type-page","status-publish","hentry"],"aioseo_notices":[],"_links":{"self":[{"href":"https:\/\/onemoreup.es\/en\/wp-json\/wp\/v2\/pages\/1307","targetHints":{"allow":["GET"]}}],"collection":[{"href":"https:\/\/onemoreup.es\/en\/wp-json\/wp\/v2\/pages"}],"about":[{"href":"https:\/\/onemoreup.es\/en\/wp-json\/wp\/v2\/types\/page"}],"author":[{"embeddable":true,"href":"https:\/\/onemoreup.es\/en\/wp-json\/wp\/v2\/users\/8"}],"replies":[{"embeddable":true,"href":"https:\/\/onemoreup.es\/en\/wp-json\/wp\/v2\/comments?post=1307"}],"version-history":[{"count":3,"href":"https:\/\/onemoreup.es\/en\/wp-json\/wp\/v2\/pages\/1307\/revisions"}],"predecessor-version":[{"id":1352,"href":"https:\/\/onemoreup.es\/en\/wp-json\/wp\/v2\/pages\/1307\/revisions\/1352"}],"wp:attachment":[{"href":"https:\/\/onemoreup.es\/en\/wp-json\/wp\/v2\/media?parent=1307"}],"curies":[{"name":"wp","href":"https:\/\/api.w.org\/{rel}","templated":true}]}}