{"id":168,"date":"2025-07-09T10:56:11","date_gmt":"2025-07-09T10:56:11","guid":{"rendered":"https:\/\/onemoreup.es\/?page_id=168"},"modified":"2025-09-05T09:34:35","modified_gmt":"2025-09-05T09:34:35","slug":"contacto","status":"publish","type":"page","link":"https:\/\/onemoreup.es\/en\/contacto\/","title":{"rendered":"Contact"},"content":{"rendered":"\n<div class=\"wp-block-cover alignfull extendify-image-import has-aspect-ratio\" style=\"margin-top:0;margin-bottom:0;padding-top:var(--wp--preset--spacing--50);padding-bottom:var(--wp--preset--spacing--50);aspect-ratio:auto;min-height:unset;\"><img decoding=\"async\" class=\"wp-block-cover__image-background\" alt=\"\" src=\"https:\/\/images.unsplash.com\/photo-1579758629938-03607ccdbaba?ixid=M3w0MzUxNjF8MHwxfHNlYXJjaHwyfHxneW0lMjBjbG90aGVzfGVufDB8fHx8MTc1MTU0MTY0MXww&amp;ixlib=rb-4.1.0&amp;orientation=landscape?fit=crop&amp;crop=entropy%2Cfaces&amp;auto=format%2Ccompress&amp;w=1280\" data-object-fit=\"cover\"\/><span aria-hidden=\"true\" class=\"wp-block-cover__background has-background-dim-80 has-background-dim\" style=\"background-color:#050505\"><\/span><div class=\"wp-block-cover__inner-container has-global-padding is-layout-constrained wp-block-cover-is-layout-constrained\">\n<h1 class=\"wp-block-heading alignwide has-text-align-center has-text-color has-link-color wp-elements-2d299a6d71a5518d57b8bf081b9c1264\" style=\"color:#fefefe;font-size:clamp(1.188rem, 1.188rem + ((1vw - 0.2rem) * 1.153), 1.88rem);\">Contacto<\/h1>\n<\/div><\/div>\n\n\n\n<div class=\"wp-block-group alignfull has-background-background-color has-background has-global-padding is-layout-constrained wp-block-group-is-layout-constrained\" style=\"margin-top:0;margin-bottom:0;padding-top:var(--wp--preset--spacing--60);padding-bottom:var(--wp--preset--spacing--60)\">\n<div class=\"wp-block-columns alignwide is-layout-flex wp-container-core-columns-is-layout-08c01c1c wp-block-columns-is-layout-flex\">\n<div class=\"wp-block-column is-layout-flow wp-block-column-is-layout-flow\">\n<h2 class=\"wp-block-heading has-large-font-size\">Cont\u00e1ctenos:<\/h2>\n\n\n\n<p>Avenida Comunidad Valenciana n\u00ba 15   <\/p>\n\n\n\n<p>Cp: 46113 Moncada \/ Valencia<\/p>\n\n\n\n<p style=\"margin-top:16px\">Tel\u00e9fono: 681 055 398<\/p>\n\n\n\n<p>Correo el\u00e9ctronico: one@onemoreup.es<\/p>\n\n\n\n<p>[wpforms id=\u00bb979&#8243;]<\/p>\n<\/div>\n\n\n\n<div class=\"wp-block-column is-layout-flow wp-block-column-is-layout-flow\"><\/div>\n<\/div>\n<\/div>\n\n\n\n<div class=\"wp-block-group alignfull has-tertiary-background-color has-background has-global-padding is-layout-constrained wp-container-core-group-is-layout-7276a2bb wp-block-group-is-layout-constrained\" style=\"margin-top:0;margin-bottom:0;padding-top:var(--wp--preset--spacing--60);padding-right:var(--wp--preset--spacing--30);padding-bottom:var(--wp--preset--spacing--60);padding-left:var(--wp--preset--spacing--30)\">\n<div class=\"wp-block-group alignwide is-vertical is-layout-flex wp-container-core-group-is-layout-fe9cc265 wp-block-group-is-layout-flex\">\n<div class=\"wp-block-group alignwide has-global-padding is-content-justification-center is-layout-constrained wp-block-group-is-layout-constrained\">\n<h2 class=\"wp-block-heading has-large-font-size\">Preguntas frecuentes sobre ropa y calzado fitness.<\/h2>\n\n\n\n<p style=\"margin-top:16px\">Encuentra respuestas claras para resolver tus dudas sobre nuestros productos y servicios de forma r\u00e1pida.<\/p>\n<\/div>\n<\/div>\n\n\n\n<div class=\"wp-block-columns alignwide is-layout-flex wp-container-core-columns-is-layout-47c06fe3 wp-block-columns-is-layout-flex\">\n<div class=\"wp-block-column is-layout-flow wp-block-column-is-layout-flow\">\n<h3 class=\"wp-block-heading\" style=\"font-size:clamp(14px, 0.875rem + ((1vw - 3.2px) * 0.625), 20px);line-height:1.5\">\u00bfC\u00f3mo puedo realizar un pedido en OMU?<\/h3>\n\n\n\n<p class=\"has-small-font-size\" style=\"margin-top:8px\">Puedes comprar f\u00e1cilmente seleccionando tus productos favoritos y siguiendo el proceso de pago en l\u00ednea.<\/p>\n<\/div>\n\n\n\n<div class=\"wp-block-column is-layout-flow wp-block-column-is-layout-flow\">\n<h3 class=\"wp-block-heading\" style=\"font-size:clamp(14px, 0.875rem + ((1vw - 3.2px) * 0.625), 20px);line-height:1.5\">\u00bfCu\u00e1les son los m\u00e9todos de pago aceptados?<\/h3>\n\n\n\n<p class=\"has-small-font-size\" style=\"margin-top:8px\">Aceptamos tarjetas de cr\u00e9dito, d\u00e9bito, y pagos a trav\u00e9s de plataformas seguras como PayPal.<\/p>\n<\/div>\n<\/div>\n\n\n\n<div class=\"wp-block-columns alignwide is-layout-flex wp-container-core-columns-is-layout-47c06fe3 wp-block-columns-is-layout-flex\">\n<div class=\"wp-block-column is-layout-flow wp-block-column-is-layout-flow\">\n<h3 class=\"wp-block-heading\" style=\"font-size:clamp(14px, 0.875rem + ((1vw - 3.2px) * 0.625), 20px);line-height:1.5\">\u00bfCu\u00e1l es el tiempo de entrega estimado?<\/h3>\n\n\n\n<p class=\"has-small-font-size\" style=\"margin-top:8px\">Los pedidos llegan entre 3 y 7 d\u00edas h\u00e1biles seg\u00fan tu ubicaci\u00f3n.<\/p>\n<\/div>\n\n\n\n<div class=\"wp-block-column is-layout-flow wp-block-column-is-layout-flow\">\n<h3 class=\"wp-block-heading\" style=\"font-size:clamp(14px, 0.875rem + ((1vw - 3.2px) * 0.625), 20px);line-height:1.5\">\u00bfPuedo devolver un producto si no me gusta?<\/h3>\n\n\n\n<p class=\"has-small-font-size\" style=\"margin-top:8px\">S\u00ed, ofrecemos devoluciones dentro de los 15 d\u00edas posteriores a la compra con condiciones claras.<\/p>\n<\/div>\n<\/div>\n<\/div>\n\n\n\n<div class=\"wp-block-group alignfull has-background-background-color has-background has-global-padding is-layout-constrained wp-container-core-group-is-layout-9b19db8b wp-block-group-is-layout-constrained\" style=\"margin-top:0;margin-bottom:0;padding-top:var(--wp--preset--spacing--60);padding-right:var(--wp--preset--spacing--30);padding-bottom:var(--wp--preset--spacing--60);padding-left:var(--wp--preset--spacing--30)\">\n<div class=\"wp-block-media-text alignwide has-media-on-the-right is-stacked-on-mobile is-vertically-aligned-center is-image-fill-element extendify-image-import\" style=\"padding-right:0;padding-left:0;grid-template-columns:auto 40%\"><div class=\"wp-block-media-text__content\">\n<div class=\"wp-block-group has-global-padding is-content-justification-left is-layout-constrained wp-container-core-group-is-layout-cdff7eec wp-block-group-is-layout-constrained\" style=\"padding-top:var(--wp--preset--spacing--30);padding-right:0;padding-bottom:var(--wp--preset--spacing--30);padding-left:0\">\n<h2 class=\"wp-block-heading has-large-font-size\">Con\u00e9ctate con nosotros y potencia tu estilo fitness.<\/h2>\n\n\n\n<p style=\"margin-top:16px\">Cont\u00e1ctanos para resolver dudas, conocer productos o recibir soporte en tu compra.<\/p>\n\n\n\n<ul style=\"line-height:2\" class=\"wp-block-list has-small-font-size\">\n<li>Atenci\u00f3n personalizada<\/li>\n\n\n\n<li>Env\u00edos r\u00e1pidos y seguros<\/li>\n\n\n\n<li>Calidad garantizada<\/li>\n\n\n\n<li>Variedad en ropa y calzado<\/li>\n\n\n\n<li>Ofertas exclusivas<\/li>\n<\/ul>\n\n\n\n<div class=\"wp-block-buttons is-layout-flex wp-container-core-buttons-is-layout-12dcd427 wp-block-buttons-is-layout-flex\" style=\"margin-top:var(--wp--preset--spacing--40)\">\n<div class=\"wp-block-button\"><a class=\"wp-block-button__link wp-element-button\" href=\"#\">Descubre m\u00e1s<\/a><\/div>\n<\/div>\n<\/div>\n<\/div><figure class=\"wp-block-media-text__media\"><img decoding=\"async\" src=\"https:\/\/images.unsplash.com\/photo-1606902965551-dce093cda6e7?ixid=M3w0MzUxNjF8MHwxfHNlYXJjaHwxfHxneW0lMjBjbG90aGVzfGVufDB8fHx8MTc1MTU0MTY0MXww&amp;ixlib=rb-4.1.0&amp;orientation=portrait?fit=crop&amp;crop=entropy%2Cfaces&amp;auto=format%2Ccompress&amp;w=1280\" alt=\"\" style=\"object-position:50% 50%\"\/><\/figure><\/div>\n<\/div>\n","protected":false},"excerpt":{"rendered":"<p>Cont\u00e1ctenos: Avenida Comunidad Valenciana n\u00ba 15 Cp: 46113 Moncada \/ Valencia Tel\u00e9fono: 681 055 398 Correo el\u00e9ctronico: one@onemoreup.es [wpforms id=\u00bb979&#8243;] Preguntas frecuentes sobre ropa y calzado fitness. Encuentra respuestas claras para resolver tus dudas sobre nuestros productos y servicios de forma r\u00e1pida. \u00bfC\u00f3mo puedo realizar un pedido en OMU? Puedes comprar f\u00e1cilmente seleccionando tus productos [&hellip;]<\/p>\n","protected":false},"author":8,"featured_media":0,"parent":0,"menu_order":0,"comment_status":"closed","ping_status":"closed","template":"","meta":{"footnotes":""},"class_list":["post-168","page","type-page","status-publish","hentry"],"aioseo_notices":[],"_links":{"self":[{"href":"https:\/\/onemoreup.es\/en\/wp-json\/wp\/v2\/pages\/168","targetHints":{"allow":["GET"]}}],"collection":[{"href":"https:\/\/onemoreup.es\/en\/wp-json\/wp\/v2\/pages"}],"about":[{"href":"https:\/\/onemoreup.es\/en\/wp-json\/wp\/v2\/types\/page"}],"author":[{"embeddable":true,"href":"https:\/\/onemoreup.es\/en\/wp-json\/wp\/v2\/users\/8"}],"replies":[{"embeddable":true,"href":"https:\/\/onemoreup.es\/en\/wp-json\/wp\/v2\/comments?post=168"}],"version-history":[{"count":6,"href":"https:\/\/onemoreup.es\/en\/wp-json\/wp\/v2\/pages\/168\/revisions"}],"predecessor-version":[{"id":2127,"href":"https:\/\/onemoreup.es\/en\/wp-json\/wp\/v2\/pages\/168\/revisions\/2127"}],"wp:attachment":[{"href":"https:\/\/onemoreup.es\/en\/wp-json\/wp\/v2\/media?parent=168"}],"curies":[{"name":"wp","href":"https:\/\/api.w.org\/{rel}","templated":true}]}}