{"id":398,"date":"2025-07-17T10:26:52","date_gmt":"2025-07-17T10:26:52","guid":{"rendered":"https:\/\/onemoreup.es\/?page_id=398"},"modified":"2026-03-03T09:00:27","modified_gmt":"2026-03-03T09:00:27","slug":"aviso-legal","status":"publish","type":"page","link":"https:\/\/onemoreup.es\/en\/aviso-legal\/","title":{"rendered":"Legal Notice"},"content":{"rendered":"<div class=\"wp-block-group alignfull has-background-background-color has-background has-global-padding is-layout-constrained wp-container-core-group-is-layout-fb85e995 wp-block-group-is-layout-constrained\" style=\"margin-top:0;margin-bottom:0;padding-top:var(--wp--preset--spacing--60);padding-right:var(--wp--preset--spacing--30);padding-bottom:var(--wp--preset--spacing--60);padding-left:var(--wp--preset--spacing--30)\">\n<h2 class=\"wp-block-heading has-text-align-center has-large-font-size\"><\/h2>\n\n\n\n<h2 class=\"wp-block-heading\">1. Identifying data<\/h2>\n\n\n\n<p>En cumplimiento con el deber de informaci\u00f3n recogido en la <strong>Ley 34\/2002, de 11 de julio, de Servicios de la Sociedad de la Informaci\u00f3n y del Comercio Electr\u00f3nico (LSSI-CE)<\/strong>, se informa que:<\/p>\n\n\n\n<p><strong>Holder:<\/strong> One More Up<br><strong>Nombre y apellidos:<\/strong> Yolanda Santos Ruiz<br><strong>NIF:<\/strong> 73566289F<br><strong>Registered office:<\/strong> Avenida Comunidad Valenciana 15, 46113 Moncada, Valencia, Spain<br><strong>Email:<\/strong> <a>one@onemoreup.es<\/a><br><strong>Contact phone number:<\/strong> +34 681 05 53 98<br><strong>Website:<\/strong> <a href=\"https:\/\/onemoreup.es\/en\/\">https:\/\/onemoreup.es<\/a><\/p>\n\n\n\n<p><strong>Registro Sanitario:<\/strong> Inscrita en el Registro General Sanitario de Empresas Alimentarias y Alimentos (RGSEAA) con n\u00famero <strong>260026370\/V<\/strong>, para la actividad de comercializaci\u00f3n y distribuci\u00f3n de complementos alimenticios.<\/p>\n\n\n\n<hr class=\"wp-block-separator has-alpha-channel-opacity\"\/>\n\n\n\n<h2 class=\"wp-block-heading\">2. Object<\/h2>\n\n\n\n<p>El presente Aviso Legal regula el acceso, navegaci\u00f3n y uso del sitio web <a href=\"https:\/\/onemoreup.es\/en\/\">https:\/\/onemoreup.es<\/a> (en adelante, el \u201cSitio Web\u201d).<\/p>\n\n\n\n<p>El acceso y utilizaci\u00f3n del Sitio Web atribuye la condici\u00f3n de usuario e implica la aceptaci\u00f3n plena y sin reservas de todas las disposiciones incluidas en este Aviso Legal.<\/p>\n\n\n\n<hr class=\"wp-block-separator has-alpha-channel-opacity\"\/>\n\n\n\n<h2 class=\"wp-block-heading\">3. Terms of use<\/h2>\n\n\n\n<p>El usuario se compromete a utilizar el Sitio Web de conformidad con:<\/p>\n\n\n\n<ul class=\"wp-block-list\">\n<li>La legislaci\u00f3n vigente<\/li>\n\n\n\n<li>La buena fe<\/li>\n\n\n\n<li>El orden p\u00fablico<\/li>\n\n\n\n<li>Las presentes condiciones<\/li>\n<\/ul>\n\n\n\n<p>Queda expresamente prohibido el uso del Sitio Web con fines il\u00edcitos o lesivos contra el titular o terceros, o que puedan causar perjuicio o impedir el normal funcionamiento del Sitio Web.<\/p>\n\n\n\n<hr class=\"wp-block-separator has-alpha-channel-opacity\"\/>\n\n\n\n<h2 class=\"wp-block-heading\">4. Intellectual and industrial property<\/h2>\n\n\n\n<p>Todos los contenidos del Sitio Web (textos, im\u00e1genes, logotipos, dise\u00f1os, estructura, c\u00f3digo fuente, etc.) son titularidad de One More Up o de terceros que han autorizado su uso.<\/p>\n\n\n\n<p>Queda prohibida su reproducci\u00f3n, distribuci\u00f3n, comunicaci\u00f3n p\u00fablica o transformaci\u00f3n sin autorizaci\u00f3n expresa del titular.<\/p>\n\n\n\n<hr class=\"wp-block-separator has-alpha-channel-opacity\"\/>\n\n\n\n<h2 class=\"wp-block-heading\">5. Data protection<\/h2>\n\n\n\n<p>Los datos personales recabados a trav\u00e9s del Sitio Web ser\u00e1n tratados conforme a lo establecido en la normativa vigente en materia de protecci\u00f3n de datos y de acuerdo con lo dispuesto en la Pol\u00edtica de Privacidad, disponible en esta misma web.<\/p>\n\n\n\n<hr class=\"wp-block-separator has-alpha-channel-opacity\"\/>\n\n\n\n<h2 class=\"wp-block-heading\">6. Responsibility<\/h2>\n\n\n\n<p>El titular no se hace responsable de los da\u00f1os y perjuicios que pudieran derivarse de:<\/p>\n\n\n\n<ul class=\"wp-block-list\">\n<li>Interferencias, interrupciones o desconexiones en el funcionamiento del sistema electr\u00f3nico<\/li>\n\n\n\n<li>Virus inform\u00e1ticos o elementos da\u00f1inos<\/li>\n\n\n\n<li>Errores de seguridad derivados del uso de dispositivos infectados<\/li>\n<\/ul>\n\n\n\n<hr class=\"wp-block-separator has-alpha-channel-opacity\"\/>\n\n\n\n<h2 class=\"wp-block-heading\">7. Legislaci\u00f3n aplicable y jurisdicci\u00f3n<\/h2>\n\n\n\n<p>El presente Aviso Legal se rige por la legislaci\u00f3n espa\u00f1ola.<\/p>\n\n\n\n<p>Para la resoluci\u00f3n de cualquier controversia que pudiera derivarse del acceso o uso del Sitio Web, las partes se someter\u00e1n a los Juzgados y Tribunales de Valencia, salvo que la normativa en materia de consumidores y usuarios establezca otro fuero imperativo.<\/p>\n\n\n\n<figure class=\"wp-block-gallery alignwide has-nested-images columns-default is-cropped wp-block-gallery-1 is-layout-flex wp-block-gallery-is-layout-flex\">\n<figure class=\"wp-block-image size-full extendify-image-import\"><img loading=\"lazy\" decoding=\"async\" width=\"1024\" height=\"1536\" data-id=\"3993\" src=\"http:\/\/onemoreup.es\/wp-content\/uploads\/2026\/03\/5efeafd5-863b-46ea-97a6-9ec4ebb32279.jpg\" alt=\"\" class=\"wp-image-3993\" style=\"aspect-ratio:3\/4;object-fit:cover\" srcset=\"https:\/\/onemoreup.es\/wp-content\/uploads\/2026\/03\/5efeafd5-863b-46ea-97a6-9ec4ebb32279.jpg 1024w, https:\/\/onemoreup.es\/wp-content\/uploads\/2026\/03\/5efeafd5-863b-46ea-97a6-9ec4ebb32279-200x300.jpg 200w, https:\/\/onemoreup.es\/wp-content\/uploads\/2026\/03\/5efeafd5-863b-46ea-97a6-9ec4ebb32279-683x1024.jpg 683w, https:\/\/onemoreup.es\/wp-content\/uploads\/2026\/03\/5efeafd5-863b-46ea-97a6-9ec4ebb32279-768x1152.jpg 768w, https:\/\/onemoreup.es\/wp-content\/uploads\/2026\/03\/5efeafd5-863b-46ea-97a6-9ec4ebb32279-8x12.jpg 8w, https:\/\/onemoreup.es\/wp-content\/uploads\/2026\/03\/5efeafd5-863b-46ea-97a6-9ec4ebb32279-600x900.jpg 600w\" sizes=\"auto, (max-width: 1024px) 100vw, 1024px\" \/><\/figure>\n\n\n\n<figure class=\"wp-block-image size-full extendify-image-import\"><img loading=\"lazy\" decoding=\"async\" width=\"1024\" height=\"1024\" data-id=\"3994\" src=\"https:\/\/onemoreup.es\/wp-content\/uploads\/2026\/03\/3d64df25-be4d-429a-bf83-667851ff4e80-1.jpg\" alt=\"\" class=\"wp-image-3994\" style=\"aspect-ratio:3\/4;object-fit:cover\" srcset=\"https:\/\/onemoreup.es\/wp-content\/uploads\/2026\/03\/3d64df25-be4d-429a-bf83-667851ff4e80-1.jpg 1024w, https:\/\/onemoreup.es\/wp-content\/uploads\/2026\/03\/3d64df25-be4d-429a-bf83-667851ff4e80-1-300x300.jpg 300w, https:\/\/onemoreup.es\/wp-content\/uploads\/2026\/03\/3d64df25-be4d-429a-bf83-667851ff4e80-1-150x150.jpg 150w, https:\/\/onemoreup.es\/wp-content\/uploads\/2026\/03\/3d64df25-be4d-429a-bf83-667851ff4e80-1-768x768.jpg 768w, https:\/\/onemoreup.es\/wp-content\/uploads\/2026\/03\/3d64df25-be4d-429a-bf83-667851ff4e80-1-12x12.jpg 12w, https:\/\/onemoreup.es\/wp-content\/uploads\/2026\/03\/3d64df25-be4d-429a-bf83-667851ff4e80-1-600x600.jpg 600w, https:\/\/onemoreup.es\/wp-content\/uploads\/2026\/03\/3d64df25-be4d-429a-bf83-667851ff4e80-1-100x100.jpg 100w\" sizes=\"auto, (max-width: 1024px) 100vw, 1024px\" \/><\/figure>\n\n\n\n<figure class=\"wp-block-image size-full extendify-image-import\"><img loading=\"lazy\" decoding=\"async\" width=\"1024\" height=\"1536\" data-id=\"3898\" src=\"http:\/\/onemoreup.es\/wp-content\/uploads\/2025\/08\/c7be9f39-a967-451a-a3eb-6cb3092da69a.png\" alt=\"\" class=\"wp-image-3898\" style=\"aspect-ratio:3\/4;object-fit:cover\"\/><\/figure>\n<\/figure>\n<\/div>\n\n\n\n<div class=\"wp-block-group alignfull has-tertiary-background-color has-background has-global-padding is-layout-constrained wp-container-core-group-is-layout-7276a2bb wp-block-group-is-layout-constrained\" style=\"margin-top:0;margin-bottom:0;padding-top:var(--wp--preset--spacing--60);padding-right:var(--wp--preset--spacing--30);padding-bottom:var(--wp--preset--spacing--60);padding-left:var(--wp--preset--spacing--30)\">\n<div class=\"wp-block-group alignwide is-vertical is-layout-flex wp-container-core-group-is-layout-fe9cc265 wp-block-group-is-layout-flex\">\n<div class=\"wp-block-group alignwide has-global-padding is-content-justification-center is-layout-constrained wp-block-group-is-layout-constrained\">\n<h2 class=\"wp-block-heading has-large-font-size\">Please see our detailed legal notice.<\/h2>\n\n\n\n<p style=\"margin-top:16px\">Here we explain the terms, policies and rights that govern the use of our online store.<\/p>\n<\/div>\n<\/div>\n\n\n\n<div class=\"wp-block-columns alignwide is-layout-flex wp-container-core-columns-is-layout-47c06fe3 wp-block-columns-is-layout-flex\">\n<div class=\"wp-block-column is-layout-flow wp-block-column-is-layout-flow\">\n<h3 class=\"wp-block-heading\" style=\"font-size:clamp(14px, 0.875rem + ((1vw - 3.2px) * 0.625), 20px);line-height:1.5\">Who is responsible for OMUP?<\/h3>\n\n\n\n<p class=\"has-small-font-size\" style=\"margin-top:8px\">The online store OMU One More Up is managed by Yolanda Santos Ruiz, with address at Avda. Comunidad Valenciana 15 46113 Moncada, Valencia.<\/p>\n<\/div>\n\n\n\n<div class=\"wp-block-column is-layout-flow wp-block-column-is-layout-flow\">\n<h3 class=\"wp-block-heading\" style=\"font-size:clamp(14px, 0.875rem + ((1vw - 3.2px) * 0.625), 20px);line-height:1.5\">What information did we gather?<\/h3>\n\n\n\n<p class=\"has-small-font-size\" style=\"margin-top:8px\">We collect personal data necessary to process orders and improve your shopping experience.<\/p>\n<\/div>\n<\/div>\n\n\n\n<div class=\"wp-block-columns alignwide is-layout-flex wp-container-core-columns-is-layout-47c06fe3 wp-block-columns-is-layout-flex\">\n<div class=\"wp-block-column is-layout-flow wp-block-column-is-layout-flow\">\n<h3 class=\"wp-block-heading\" style=\"font-size:clamp(14px, 0.875rem + ((1vw - 3.2px) * 0.625), 20px);line-height:1.5\">How do we protect your data?<\/h3>\n\n\n\n<p class=\"has-small-font-size\" style=\"margin-top:8px\">We implement security measures to guarantee the confidentiality and protection of your data.<\/p>\n<\/div>\n\n\n\n<div class=\"wp-block-column is-layout-flow wp-block-column-is-layout-flow\">\n<h3 class=\"wp-block-heading\" style=\"font-size:clamp(14px, 0.875rem + ((1vw - 3.2px) * 0.625), 20px);line-height:1.5\">What are the terms of use?<\/h3>\n\n\n\n<p class=\"has-small-font-size\" style=\"margin-top:8px\">By using our website you agree to the policies described in this legal notice and our terms of service.<\/p>\n<\/div>\n<\/div>\n<\/div>\n\n\n\n<div class=\"wp-block-group alignfull has-background-background-color has-background has-global-padding is-layout-constrained wp-container-core-group-is-layout-7276a2bb wp-block-group-is-layout-constrained\" style=\"margin-top:0;margin-bottom:0;padding-top:var(--wp--preset--spacing--60);padding-right:var(--wp--preset--spacing--30);padding-bottom:var(--wp--preset--spacing--60);padding-left:var(--wp--preset--spacing--30)\">\n<div class=\"wp-block-group alignwide has-global-padding is-content-justification-center is-layout-constrained wp-block-group-is-layout-constrained\">\n<h2 class=\"wp-block-heading has-text-align-center has-large-font-size\">Committed to your trust, guaranteed with transparency<\/h2>\n\n\n\n<p class=\"has-text-align-center\" style=\"margin-top:16px\">Here we detail our legal policies, terms of use and the protection of your rights at OMU One More Up.<\/p>\n<\/div>\n\n\n\n<div class=\"wp-block-columns alignwide is-layout-flex wp-container-core-columns-is-layout-28f84493 wp-block-columns-is-layout-flex\">\n<div class=\"wp-block-column is-layout-flow wp-block-column-is-layout-flow\">\n<div class=\"wp-block-group has-global-padding is-layout-constrained wp-block-group-is-layout-constrained\">\n<div class=\"wp-block-group is-content-justification-center is-nowrap is-layout-flex wp-container-core-group-is-layout-23441af8 wp-block-group-is-layout-flex\">\n<div class=\"wp-block-group wp-container-content-fd3097a4 is-content-justification-center is-nowrap is-layout-flex wp-container-core-group-is-layout-23441af8 wp-block-group-is-layout-flex\" style=\"border-radius:100px;min-height:48px\">\n<figure class=\"wp-block-image aligncenter size-large extendify-image-import wp-duotone-secondary-and-primary\"><img decoding=\"async\" src=\"data:image\/svg+xml;base64,PHN2ZyB4bWxucz0iaHR0cDovL3d3dy53My5vcmcvMjAwMC9zdmciIGhlaWdodD0iNDhweCIgdmlld0JveD0iMCAtOTYwIDk2MCA5NjAiIHdpZHRoPSI0OHB4IiBmaWxsPSIjMWUxZTFlIj48cGF0aCBkPSJtMzQ2LTYwLTc2LTEzMC0xNTEtMzEgMTctMTQ3LTk2LTExMiA5Ni0xMTEtMTctMTQ3IDE1MS0zMSA3Ni0xMzEgMTM0IDYyIDEzNC02MiA3NyAxMzEgMTUwIDMxLTE3IDE0NyA5NiAxMTEtOTYgMTEyIDE3IDE0Ny0xNTAgMzEtNzcgMTMwLTEzNC02Mi0xMzQgNjJabTI3LTc5IDEwNy00NSAxMTAgNDUgNjctMTAwIDExNy0zMC0xMi0xMTkgODEtOTItODEtOTQgMTItMTE5LTExNy0yOC02OS0xMDAtMTA4IDQ1LTExMC00NS02NyAxMDAtMTE3IDI4IDEyIDExOS04MSA5NCA4MSA5Mi0xMiAxMjEgMTE3IDI4IDcwIDEwMFptMTA3LTM0MVptLTQzIDEzMyAyMjctMjI1LTQ1LTQxLTE4MiAxODAtOTUtOTktNDYgNDUgMTQxIDE0MFoiLz48L3N2Zz4=\" alt=\"\"\/><\/figure>\n<\/div>\n<\/div>\n\n\n\n<h3 class=\"wp-block-heading has-text-align-center\" style=\"margin-top:24px;font-size:clamp(0.875rem, 0.875rem + ((1vw - 0.2rem) * 0.625), 1.25rem);\">Total commitment to customer privacy<\/h3>\n<\/div>\n<\/div>\n\n\n\n<div class=\"wp-block-column is-layout-flow wp-block-column-is-layout-flow\">\n<div class=\"wp-block-group has-global-padding is-layout-constrained wp-block-group-is-layout-constrained\">\n<div class=\"wp-block-group is-content-justification-center is-nowrap is-layout-flex wp-container-core-group-is-layout-23441af8 wp-block-group-is-layout-flex\">\n<div class=\"wp-block-group wp-container-content-fd3097a4 is-content-justification-center is-nowrap is-layout-flex wp-container-core-group-is-layout-23441af8 wp-block-group-is-layout-flex\" style=\"border-radius:100px;min-height:48px\">\n<figure class=\"wp-block-image aligncenter size-large extendify-image-import wp-duotone-secondary-and-primary\"><img decoding=\"async\" src=\"data:image\/svg+xml;base64,PHN2ZyB4bWxucz0iaHR0cDovL3d3dy53My5vcmcvMjAwMC9zdmciIGhlaWdodD0iNDhweCIgdmlld0JveD0iMCAtOTYwIDk2MCA5NjAiIHdpZHRoPSI0OHB4IiBmaWxsPSIjMWUxZTFlIj48cGF0aCBkPSJtNDM2LTM0NyAyMjgtMjI4LTQyLTQxLTE4MyAxODMtMTAxLTEwMS00NCA0NCAxNDIgMTQzWm00NCAyNjZxLTE0MC0zNS0yMzAtMTYyLjVUMTYwLTUyM3YtMjM4bDMyMC0xMjAgMzIwIDEyMHYyMzhxMCAxNTItOTAgMjc5LjVUNDgwLTgxWm0wLTYycTExNS0zOCAxODcuNS0xNDMuNVQ3NDAtNTIzdi0xOTZsLTI2MC05OC0yNjAgOTh2MTk2cTAgMTMxIDcyLjUgMjM2LjVUNDgwLTE0M1ptMC0zMzdaIi8+PC9zdmc+\" alt=\"\"\/><\/figure>\n<\/div>\n<\/div>\n\n\n\n<h3 class=\"wp-block-heading has-text-align-center\" style=\"margin-top:24px;font-size:clamp(0.875rem, 0.875rem + ((1vw - 0.2rem) * 0.625), 1.25rem);\">Quality guarantee on all our products<\/h3>\n<\/div>\n<\/div>\n\n\n\n<div class=\"wp-block-column is-layout-flow wp-block-column-is-layout-flow\">\n<div class=\"wp-block-group has-global-padding is-layout-constrained wp-block-group-is-layout-constrained\">\n<div class=\"wp-block-group is-content-justification-center is-nowrap is-layout-flex wp-container-core-group-is-layout-23441af8 wp-block-group-is-layout-flex\">\n<div class=\"wp-block-group wp-container-content-fd3097a4 is-content-justification-center is-nowrap is-layout-flex wp-container-core-group-is-layout-23441af8 wp-block-group-is-layout-flex\" style=\"border-radius:100px;min-height:48px\">\n<figure class=\"wp-block-image aligncenter size-large extendify-image-import wp-duotone-secondary-and-primary\"><img decoding=\"async\" src=\"data:image\/svg+xml;base64,PHN2ZyB4bWxucz0iaHR0cDovL3d3dy53My5vcmcvMjAwMC9zdmciIGhlaWdodD0iNDhweCIgdmlld0JveD0iMCAtOTYwIDk2MCA5NjAiIHdpZHRoPSI0OHB4IiBmaWxsPSIjMWUxZTFlIj48cGF0aCBkPSJtMzYzLTMxMCAxMTctNzEgMTE3IDcxLTMxLTEzMyAxMDQtOTAtMTM3LTExLTUzLTEyNi01MyAxMjYtMTM3IDExIDEwNCA5MC0zMSAxMzNaTTQ4MS0yOSAzNDYtMTYwSDE2MHYtMTg2TDI2LTQ4MGwxMzQtMTM0di0xODZoMTg2bDEzNS0xMzQgMTMzIDEzNGgxODZ2MTg2bDEzNCAxMzQtMTM0IDEzNHYxODZINjE0TDQ4MS0yOVptMC04NCAxMDcuOTItMTA3SDc0MHYtMTUxbDEwOS0xMDktMTA5LTEwOXYtMTUxSDU4OUw0ODEtODQ5IDM3MS03NDBIMjIwdjE1MUwxMTEtNDgwbDEwOSAxMDl2MTUxaDE1MGwxMTEgMTA3Wm0wLTM2OFoiLz48L3N2Zz4=\" alt=\"\"\/><\/figure>\n<\/div>\n<\/div>\n\n\n\n<h3 class=\"wp-block-heading has-text-align-center\" style=\"margin-top:24px;font-size:clamp(0.875rem, 0.875rem + ((1vw - 0.2rem) * 0.625), 1.25rem);\">Personalized attention for each user<\/h3>\n<\/div>\n<\/div>\n\n\n\n<div class=\"wp-block-column is-layout-flow wp-block-column-is-layout-flow\">\n<div class=\"wp-block-group has-global-padding is-layout-constrained wp-block-group-is-layout-constrained\">\n<div class=\"wp-block-group is-content-justification-center is-nowrap is-layout-flex wp-container-core-group-is-layout-23441af8 wp-block-group-is-layout-flex\">\n<div class=\"wp-block-group wp-container-content-fd3097a4 is-content-justification-center is-nowrap is-layout-flex wp-container-core-group-is-layout-23441af8 wp-block-group-is-layout-flex\" style=\"border-radius:100px;min-height:48px\">\n<figure class=\"wp-block-image aligncenter size-large extendify-image-import wp-duotone-secondary-and-primary\"><img decoding=\"async\" src=\"data:image\/svg+xml;base64,PHN2ZyB4bWxucz0iaHR0cDovL3d3dy53My5vcmcvMjAwMC9zdmciIGhlaWdodD0iNDhweCIgdmlld0JveD0iMCAtOTYwIDk2MCA5NjAiIHdpZHRoPSI0OHB4IiBmaWxsPSIjMWUxZTFlIj48cGF0aCBkPSJtMzIzLTI0NSAxNTctOTQgMTU3IDk1LTQyLTE3OCAxMzgtMTIwLTE4Mi0xNi03MS0xNjgtNzEgMTY3LTE4MiAxNiAxMzggMTIwLTQyIDE3OFptLTkwIDEyNSA2NS0yODFMODAtNTkwbDI4OC0yNSAxMTItMjY1IDExMiAyNjUgMjg4IDI1LTIxOCAxODkgNjUgMjgxLTI0Ny0xNDktMjQ3IDE0OVptNDU3LTU2MCAyMS04OS03MS01OSA5NC04IDM2LTg0IDM2IDg0IDk0IDgtNzEgNTkgMjEgODktODAtNDctODAgNDdaTTQ4MC00ODVaIi8+PC9zdmc+\" alt=\"\"\/><\/figure>\n<\/div>\n<\/div>\n\n\n\n<h3 class=\"wp-block-heading has-text-align-center\" style=\"margin-top:24px;font-size:clamp(0.875rem, 0.875rem + ((1vw - 0.2rem) * 0.625), 1.25rem);\">Secure transactions and data protection<\/h3>\n<\/div>\n<\/div>\n<\/div>\n<\/div>","protected":false},"excerpt":{"rendered":"<p>1. Datos identificativos En cumplimiento con el deber de informaci\u00f3n recogido en la Ley 34\/2002, de 11 de julio, de Servicios de la Sociedad de la Informaci\u00f3n y del Comercio Electr\u00f3nico (LSSI-CE), se informa que: Titular: One More UpNombre y apellidos: Yolanda Santos RuizNIF: 73566289FDomicilio social: Avenida Comunidad Valenciana 15, 46113 Moncada, Valencia, Espa\u00f1aCorreo electr\u00f3nico: [&hellip;]<\/p>\n","protected":false},"author":8,"featured_media":0,"parent":0,"menu_order":0,"comment_status":"closed","ping_status":"closed","template":"","meta":{"footnotes":""},"class_list":["post-398","page","type-page","status-publish","hentry"],"aioseo_notices":[],"_links":{"self":[{"href":"https:\/\/onemoreup.es\/en\/wp-json\/wp\/v2\/pages\/398","targetHints":{"allow":["GET"]}}],"collection":[{"href":"https:\/\/onemoreup.es\/en\/wp-json\/wp\/v2\/pages"}],"about":[{"href":"https:\/\/onemoreup.es\/en\/wp-json\/wp\/v2\/types\/page"}],"author":[{"embeddable":true,"href":"https:\/\/onemoreup.es\/en\/wp-json\/wp\/v2\/users\/8"}],"replies":[{"embeddable":true,"href":"https:\/\/onemoreup.es\/en\/wp-json\/wp\/v2\/comments?post=398"}],"version-history":[{"count":5,"href":"https:\/\/onemoreup.es\/en\/wp-json\/wp\/v2\/pages\/398\/revisions"}],"predecessor-version":[{"id":3996,"href":"https:\/\/onemoreup.es\/en\/wp-json\/wp\/v2\/pages\/398\/revisions\/3996"}],"wp:attachment":[{"href":"https:\/\/onemoreup.es\/en\/wp-json\/wp\/v2\/media?parent=398"}],"curies":[{"name":"wp","href":"https:\/\/api.w.org\/{rel}","templated":true}]}}