{"id":517,"date":"2025-07-18T09:30:06","date_gmt":"2025-07-18T09:30:06","guid":{"rendered":"https:\/\/onemoreup.es\/?page_id=517"},"modified":"2025-07-18T10:02:06","modified_gmt":"2025-07-18T10:02:06","slug":"formas-de-pago","status":"publish","type":"page","link":"https:\/\/onemoreup.es\/en\/formas-de-pago\/","title":{"rendered":"Payment methods"},"content":{"rendered":"<div class=\"wp-block-group alignfull has-background-background-color has-background has-global-padding is-layout-constrained wp-container-core-group-is-layout-68d5e5bb wp-block-group-is-layout-constrained\" style=\"margin-top:0;margin-bottom:0;padding-top:var(--wp--preset--spacing--50);padding-right:var(--wp--preset--spacing--30);padding-bottom:var(--wp--preset--spacing--60);padding-left:var(--wp--preset--spacing--30)\">\n<div class=\"wp-block-group alignwide is-vertical is-layout-flex wp-container-core-group-is-layout-fe9cc265 wp-block-group-is-layout-flex\">\n<div class=\"wp-block-group has-global-padding is-layout-constrained wp-block-group-is-layout-constrained\">\n<h2 class=\"wp-block-heading has-large-font-size\" style=\"margin-top:12px\">Discover our payment options<\/h2>\n\n\n\n<p style=\"margin-top:16px\">Learn how you can pay for your purchases easily and securely<\/p>\n<\/div>\n<\/div>\n\n\n\n<div class=\"wp-block-columns alignwide is-layout-flex wp-container-core-columns-is-layout-08c01c1c wp-block-columns-is-layout-flex\">\n<div class=\"wp-block-column is-layout-flow wp-block-column-is-layout-flow\">\n<figure class=\"wp-block-image extendify-image-import\"><img decoding=\"async\" src=\"https:\/\/images.unsplash.com\/photo-1673837552444-7a90431588fe?ixid=M3w0MzUxNjF8MHwxfHNlYXJjaHwxMHx8cGF5bWVudCUyMG9wdGlvbnN8ZW58MHx8fHwxNzUyODMwOTQzfDA&amp;ixlib=rb-4.1.0&amp;orientation=portrait?fit=crop&amp;crop=entropy%2Cfaces&amp;auto=format%2Ccompress&amp;w=1280\" alt=\"\" style=\"aspect-ratio:1;object-fit:cover\"\/><\/figure>\n<\/div>\n\n\n\n<div class=\"wp-block-column is-layout-flow wp-container-core-column-is-layout-ef883af5 wp-block-column-is-layout-flow\">\n<div class=\"wp-block-group has-tertiary-background-color has-background has-global-padding is-layout-constrained wp-container-core-group-is-layout-0e4ecca0 wp-block-group-is-layout-constrained\" style=\"padding-top:1.5rem;padding-right:1.5rem;padding-bottom:1.5rem;padding-left:1.5rem\">\n<h3 class=\"wp-block-heading\" style=\"font-size:clamp(14px, 0.875rem + ((1vw - 3.2px) * 0.625), 20px);line-height:1.5\">Credit and debit cards<\/h3>\n\n\n\n<p class=\"has-small-font-size\" style=\"margin-top:8px\">We accept all major credit cards for your convenience.<\/p>\n<\/div>\n\n\n\n<div class=\"wp-block-group has-tertiary-background-color has-background has-global-padding is-layout-constrained wp-container-core-group-is-layout-0e4ecca0 wp-block-group-is-layout-constrained\" style=\"padding-top:1.5rem;padding-right:1.5rem;padding-bottom:1.5rem;padding-left:1.5rem\">\n<h3 class=\"wp-block-heading\" style=\"font-size:clamp(14px, 0.875rem + ((1vw - 3.2px) * 0.625), 20px);line-height:1.5\">Payment via PayPal<\/h3>\n\n\n\n<p class=\"has-small-font-size\" style=\"margin-top:8px\">Use PayPal for fast and secure purchases<\/p>\n<\/div>\n\n\n\n<div class=\"wp-block-group has-tertiary-background-color has-background has-global-padding is-layout-constrained wp-container-core-group-is-layout-0e4ecca0 wp-block-group-is-layout-constrained\" style=\"padding-top:1.5rem;padding-right:1.5rem;padding-bottom:1.5rem;padding-left:1.5rem\">\n<h3 class=\"wp-block-heading\" style=\"font-size:clamp(14px, 0.875rem + ((1vw - 3.2px) * 0.625), 20px);line-height:1.5\">Bank transfers<\/h3>\n\n\n\n<p class=\"has-small-font-size\" style=\"margin-top:8px\">Make your payment directly from your trusted bank<\/p>\n<\/div>\n\n\n\n<div class=\"wp-block-group has-tertiary-background-color has-background has-global-padding is-layout-constrained wp-container-core-group-is-layout-0e4ecca0 wp-block-group-is-layout-constrained\" style=\"padding-top:1.5rem;padding-right:1.5rem;padding-bottom:1.5rem;padding-left:1.5rem\">\n<h3 class=\"wp-block-heading\" style=\"font-size:clamp(14px, 0.875rem + ((1vw - 3.2px) * 0.625), 20px);line-height:1.5\">Cash on delivery<\/h3>\n\n\n\n<p class=\"has-small-font-size\" style=\"margin-top:8px\">Pay securely when you receive your order at home<\/p>\n<\/div>\n<\/div>\n<\/div>\n<\/div>\n\n\n\n<div class=\"wp-block-group alignfull has-tertiary-background-color has-background has-global-padding is-layout-constrained wp-container-core-group-is-layout-7276a2bb wp-block-group-is-layout-constrained\" style=\"margin-top:0;margin-bottom:0;padding-top:var(--wp--preset--spacing--60);padding-right:var(--wp--preset--spacing--30);padding-bottom:var(--wp--preset--spacing--60);padding-left:var(--wp--preset--spacing--30)\">\n<div class=\"wp-block-columns alignwide is-layout-flex wp-container-core-columns-is-layout-714d85e9 wp-block-columns-is-layout-flex\">\n<div class=\"wp-block-column is-layout-flow wp-block-column-is-layout-flow\" style=\"flex-basis:33.33%\">\n<h2 class=\"wp-block-heading has-large-font-size\">Secure and convenient payment options.<\/h2>\n\n\n\n<p style=\"margin-top:16px\">Discover how you can pay for your purchases with complete confidence and ease at gyn clothing.<\/p>\n<\/div>\n\n\n\n<div class=\"wp-block-column is-layout-flow wp-container-core-column-is-layout-ef883af5 wp-block-column-is-layout-flow\" style=\"flex-basis:66.66%\">\n<details class=\"wp-block-details has-background-background-color has-background is-layout-flow wp-container-core-details-is-layout-925c762a wp-block-details-is-layout-flow\" style=\"padding-top:1.25rem;padding-right:1.5rem;padding-bottom:1.25rem;padding-left:1.5rem;font-size:clamp(14px, 0.875rem + ((1vw - 3.2px) * 0.625), 20px);font-style:normal;font-weight:500\" open><summary>What payment methods do you accept?<\/summary>\n<p class=\"has-small-font-size\" style=\"font-style:normal;font-weight:400\">We accept credit cards, debit cards, bank transfers, and payments through digital platforms.<\/p>\n<\/details>\n\n\n\n<details class=\"wp-block-details has-background-background-color has-background is-layout-flow wp-container-core-details-is-layout-d8fa6230 wp-block-details-is-layout-flow\" style=\"padding-top:1.25rem;padding-right:1.5rem;padding-bottom:1.25rem;padding-left:1.5rem;font-size:clamp(14px, 0.875rem + ((1vw - 3.2px) * 0.625), 20px);font-style:normal;font-weight:500\"><summary>Can I pay by credit card?<\/summary>\n<p class=\"has-small-font-size\" style=\"font-style:normal;font-weight:400\">Yes, all major credit cards are welcome and the process is completely secure.<\/p>\n<\/details>\n\n\n\n<details class=\"wp-block-details has-background-background-color has-background is-layout-flow wp-container-core-details-is-layout-d8fa6230 wp-block-details-is-layout-flow\" style=\"padding-top:1.25rem;padding-right:1.5rem;padding-bottom:1.25rem;padding-left:1.5rem;font-size:clamp(14px, 0.875rem + ((1vw - 3.2px) * 0.625), 20px);font-style:normal;font-weight:500\"><summary>Are there installment payment options?<\/summary>\n<p class=\"has-small-font-size\" style=\"font-style:normal;font-weight:400\">We offer installment financing through partner platforms so you can buy with peace of mind.<\/p>\n<\/details>\n\n\n\n<details class=\"wp-block-details has-background-background-color has-background is-layout-flow wp-container-core-details-is-layout-d8fa6230 wp-block-details-is-layout-flow\" style=\"padding-top:1.25rem;padding-right:1.5rem;padding-bottom:1.25rem;padding-left:1.5rem;font-size:clamp(14px, 0.875rem + ((1vw - 3.2px) * 0.625), 20px);font-style:normal;font-weight:500\"><summary>Is it safe to enter my payment details on the website?<\/summary>\n<p class=\"has-small-font-size\" style=\"font-style:normal;font-weight:400\">Yes, our site uses advanced encryption technology to protect your information.<\/p>\n<\/details>\n<\/div>\n<\/div>\n<\/div>\n\n\n\n<div class=\"wp-block-group alignfull has-background-background-color has-background has-global-padding is-layout-constrained wp-container-core-group-is-layout-fb85e995 wp-block-group-is-layout-constrained\" style=\"margin-top:0;margin-bottom:0;padding-top:var(--wp--preset--spacing--60);padding-right:var(--wp--preset--spacing--30);padding-bottom:var(--wp--preset--spacing--60);padding-left:var(--wp--preset--spacing--30)\">\n<div class=\"wp-block-group alignwide has-global-padding is-content-justification-center is-layout-constrained wp-block-group-is-layout-constrained\">\n<h2 class=\"wp-block-heading has-text-align-center has-large-font-size\">Secure payments, guaranteed trust<\/h2>\n\n\n\n<p class=\"has-text-align-center\" style=\"margin-top:16px\">Discover our secure payment options, which offer you convenience and protection with every purchase.<\/p>\n<\/div>\n\n\n\n<div class=\"wp-block-columns alignwide is-layout-flex wp-container-core-columns-is-layout-28f84493 wp-block-columns-is-layout-flex\">\n<div class=\"wp-block-column is-layout-flow wp-block-column-is-layout-flow\">\n<div class=\"wp-block-group has-global-padding is-layout-constrained wp-block-group-is-layout-constrained\">\n<div class=\"wp-block-group is-content-justification-center is-nowrap is-layout-flex wp-container-core-group-is-layout-23441af8 wp-block-group-is-layout-flex\">\n<div class=\"wp-block-group has-tertiary-background-color has-background wp-container-content-487bf011 is-content-justification-center is-nowrap is-layout-flex wp-container-core-group-is-layout-cf138b5d wp-block-group-is-layout-flex\" style=\"border-radius:100px;min-height:96px;padding-top:var(--wp--preset--spacing--20);padding-right:var(--wp--preset--spacing--20);padding-bottom:var(--wp--preset--spacing--20);padding-left:var(--wp--preset--spacing--20)\">\n<figure class=\"wp-block-image aligncenter size-large extendify-image-import wp-duotone-secondary-and-primary\"><img decoding=\"async\" src=\"data:image\/svg+xml;base64,PHN2ZyB4bWxucz0iaHR0cDovL3d3dy53My5vcmcvMjAwMC9zdmciIGhlaWdodD0iNDhweCIgdmlld0JveD0iMCAtOTYwIDk2MCA5NjAiIHdpZHRoPSI0OHB4IiBmaWxsPSIjMWUxZTFlIj48cGF0aCBkPSJtMzQ2LTYwLTc2LTEzMC0xNTEtMzEgMTctMTQ3LTk2LTExMiA5Ni0xMTEtMTctMTQ3IDE1MS0zMSA3Ni0xMzEgMTM0IDYyIDEzNC02MiA3NyAxMzEgMTUwIDMxLTE3IDE0NyA5NiAxMTEtOTYgMTEyIDE3IDE0Ny0xNTAgMzEtNzcgMTMwLTEzNC02Mi0xMzQgNjJabTI3LTc5IDEwNy00NSAxMTAgNDUgNjctMTAwIDExNy0zMC0xMi0xMTkgODEtOTItODEtOTQgMTItMTE5LTExNy0yOC02OS0xMDAtMTA4IDQ1LTExMC00NS02NyAxMDAtMTE3IDI4IDEyIDExOS04MSA5NCA4MSA5Mi0xMiAxMjEgMTE3IDI4IDcwIDEwMFptMTA3LTM0MVptLTQzIDEzMyAyMjctMjI1LTQ1LTQxLTE4MiAxODAtOTUtOTktNDYgNDUgMTQxIDE0MFoiLz48L3N2Zz4=\" alt=\"\"\/><\/figure>\n<\/div>\n<\/div>\n\n\n\n<h3 class=\"wp-block-heading has-text-align-center\" style=\"margin-top:24px;font-size:clamp(0.875rem, 0.875rem + ((1vw - 0.2rem) * 0.625), 1.25rem);\">Payment by credit and debit card<\/h3>\n\n\n\n<p class=\"has-text-align-center has-small-font-size\" style=\"margin-top:8px\">We accept all major credit cards so you can shop easily and with complete security.<\/p>\n<\/div>\n<\/div>\n\n\n\n<div class=\"wp-block-column is-layout-flow wp-block-column-is-layout-flow\">\n<div class=\"wp-block-group has-global-padding is-layout-constrained wp-block-group-is-layout-constrained\">\n<div class=\"wp-block-group is-content-justification-center is-nowrap is-layout-flex wp-container-core-group-is-layout-23441af8 wp-block-group-is-layout-flex\">\n<div class=\"wp-block-group has-tertiary-background-color has-background wp-container-content-487bf011 is-content-justification-center is-nowrap is-layout-flex wp-container-core-group-is-layout-cf138b5d wp-block-group-is-layout-flex\" style=\"border-radius:100px;min-height:96px;padding-top:var(--wp--preset--spacing--20);padding-right:var(--wp--preset--spacing--20);padding-bottom:var(--wp--preset--spacing--20);padding-left:var(--wp--preset--spacing--20)\">\n<figure class=\"wp-block-image aligncenter size-large extendify-image-import wp-duotone-secondary-and-primary\"><img decoding=\"async\" src=\"data:image\/svg+xml;base64,PHN2ZyB4bWxucz0iaHR0cDovL3d3dy53My5vcmcvMjAwMC9zdmciIGhlaWdodD0iNDhweCIgdmlld0JveD0iMCAtOTYwIDk2MCA5NjAiIHdpZHRoPSI0OHB4IiBmaWxsPSIjMWUxZTFlIj48cGF0aCBkPSJtNDM2LTM0NyAyMjgtMjI4LTQyLTQxLTE4MyAxODMtMTAxLTEwMS00NCA0NCAxNDIgMTQzWm00NCAyNjZxLTE0MC0zNS0yMzAtMTYyLjVUMTYwLTUyM3YtMjM4bDMyMC0xMjAgMzIwIDEyMHYyMzhxMCAxNTItOTAgMjc5LjVUNDgwLTgxWm0wLTYycTExNS0zOCAxODcuNS0xNDMuNVQ3NDAtNTIzdi0xOTZsLTI2MC05OC0yNjAgOTh2MTk2cTAgMTMxIDcyLjUgMjM2LjVUNDgwLTE0M1ptMC0zMzdaIi8+PC9zdmc+\" alt=\"\"\/><\/figure>\n<\/div>\n<\/div>\n\n\n\n<h3 class=\"wp-block-heading has-text-align-center\" style=\"margin-top:24px;font-size:clamp(0.875rem, 0.875rem + ((1vw - 0.2rem) * 0.625), 1.25rem);\">Direct bank transfer<\/h3>\n\n\n\n<p class=\"has-text-align-center has-small-font-size\" style=\"margin-top:8px\">Make your payment via bank transfer with complete confidence and without complications.<\/p>\n<\/div>\n<\/div>\n\n\n\n<div class=\"wp-block-column is-layout-flow wp-block-column-is-layout-flow\">\n<div class=\"wp-block-group has-global-padding is-layout-constrained wp-block-group-is-layout-constrained\">\n<div class=\"wp-block-group is-content-justification-center is-nowrap is-layout-flex wp-container-core-group-is-layout-23441af8 wp-block-group-is-layout-flex\">\n<div class=\"wp-block-group has-tertiary-background-color has-background wp-container-content-487bf011 is-content-justification-center is-nowrap is-layout-flex wp-container-core-group-is-layout-cf138b5d wp-block-group-is-layout-flex\" style=\"border-radius:100px;min-height:96px;padding-top:var(--wp--preset--spacing--20);padding-right:var(--wp--preset--spacing--20);padding-bottom:var(--wp--preset--spacing--20);padding-left:var(--wp--preset--spacing--20)\">\n<figure class=\"wp-block-image aligncenter size-large extendify-image-import wp-duotone-secondary-and-primary\"><img decoding=\"async\" src=\"data:image\/svg+xml;base64,PHN2ZyB4bWxucz0iaHR0cDovL3d3dy53My5vcmcvMjAwMC9zdmciIGhlaWdodD0iNDhweCIgdmlld0JveD0iMCAtOTYwIDk2MCA5NjAiIHdpZHRoPSI0OHB4IiBmaWxsPSIjMWUxZTFlIj48cGF0aCBkPSJtMzYzLTMxMCAxMTctNzEgMTE3IDcxLTMxLTEzMyAxMDQtOTAtMTM3LTExLTUzLTEyNi01MyAxMjYtMTM3IDExIDEwNCA5MC0zMSAxMzNaTTQ4MS0yOSAzNDYtMTYwSDE2MHYtMTg2TDI2LTQ4MGwxMzQtMTM0di0xODZoMTg2bDEzNS0xMzQgMTMzIDEzNGgxODZ2MTg2bDEzNCAxMzQtMTM0IDEzNHYxODZINjE0TDQ4MS0yOVptMC04NCAxMDcuOTItMTA3SDc0MHYtMTUxbDEwOS0xMDktMTA5LTEwOXYtMTUxSDU4OUw0ODEtODQ5IDM3MS03NDBIMjIwdjE1MUwxMTEtNDgwbDEwOSAxMDl2MTUxaDE1MGwxMTEgMTA3Wm0wLTM2OFoiLz48L3N2Zz4=\" alt=\"\"\/><\/figure>\n<\/div>\n<\/div>\n\n\n\n<h3 class=\"wp-block-heading has-text-align-center\" style=\"margin-top:24px;font-size:clamp(0.875rem, 0.875rem + ((1vw - 0.2rem) * 0.625), 1.25rem);\">Payments through digital platforms<\/h3>\n\n\n\n<p class=\"has-text-align-center has-small-font-size\" style=\"margin-top:8px\">Use methods like PayPal and other digital payments for a fast and secure experience.<\/p>\n<\/div>\n<\/div>\n<\/div>\n<\/div>\n\n\n\n<div class=\"wp-block-group alignfull has-tertiary-background-color has-background has-global-padding is-layout-constrained wp-container-core-group-is-layout-7276a2bb wp-block-group-is-layout-constrained\" style=\"margin-top:0;margin-bottom:0;padding-top:var(--wp--preset--spacing--60);padding-right:var(--wp--preset--spacing--30);padding-bottom:var(--wp--preset--spacing--60);padding-left:var(--wp--preset--spacing--30)\">\n<div class=\"wp-block-columns alignwide is-layout-flex wp-container-core-columns-is-layout-28f84493 wp-block-columns-is-layout-flex\">\n<div class=\"wp-block-column is-layout-flow wp-container-core-column-is-layout-119bc444 wp-block-column-is-layout-flow\">\n<h2 class=\"wp-block-heading has-large-font-size\">Payment Options<\/h2>\n\n\n\n<p style=\"margin-top:16px\">Discover how you can choose between our secure and simple payment methods to complete your purchases with total confidence.<\/p>\n\n\n\n<div class=\"wp-block-buttons is-content-justification-left is-layout-flex wp-container-core-buttons-is-layout-fc4fd283 wp-block-buttons-is-layout-flex\">\n<div class=\"wp-block-button is-style-fill\"><a class=\"wp-block-button__link wp-element-button\" href=\"#\">View Details<\/a><\/div>\n<\/div>\n<\/div>\n\n\n\n<div class=\"wp-block-column is-layout-flow wp-container-core-column-is-layout-8a368f38 wp-block-column-is-layout-flow\">\n<div class=\"wp-block-columns is-layout-flex wp-container-core-columns-is-layout-28f84493 wp-block-columns-is-layout-flex\">\n<div class=\"wp-block-column is-vertically-aligned-stretch is-layout-flow wp-container-core-column-is-layout-8a368f38 wp-block-column-is-layout-flow\" style=\"flex-basis:48px\">\n<div class=\"wp-block-group has-global-padding is-layout-constrained wp-container-core-group-is-layout-4b2ef9fa wp-block-group-is-layout-constrained\">\n<div class=\"wp-block-group is-vertical is-content-justification-center is-nowrap is-layout-flex wp-container-core-group-is-layout-22bbd74c wp-block-group-is-layout-flex\" style=\"border-width:1px;border-radius:20rem;min-height:48px;padding-top:var(--wp--preset--spacing--20);padding-right:var(--wp--preset--spacing--20);padding-bottom:var(--wp--preset--spacing--20);padding-left:var(--wp--preset--spacing--20)\">\n<p class=\"has-small-font-size\" style=\"font-style:normal;font-weight:500;line-height:1\">1<\/p>\n<\/div>\n<\/div>\n\n\n\n<div class=\"wp-block-group has-global-padding is-layout-constrained wp-container-core-group-is-layout-aeac42b8 wp-block-group-is-layout-constrained\" style=\"min-height:100%\">\n<div class=\"wp-block-group has-foreground-background-color has-background is-vertical is-layout-flex wp-container-core-group-is-layout-2be940f7 wp-block-group-is-layout-flex\" style=\"min-height:100%;padding-top:0;padding-right:0.03rem;padding-bottom:0;padding-left:0.03rem\">\n<div style=\"height:0px\" aria-hidden=\"true\" class=\"wp-block-spacer wp-container-content-759e20a8\"><\/div>\n<\/div>\n<\/div>\n<\/div>\n\n\n\n<div class=\"wp-block-column is-layout-flow wp-block-column-is-layout-flow\">\n<h3 class=\"wp-block-heading\" style=\"font-size:clamp(0.984rem, 0.984rem + ((1vw - 0.2rem) * 0.86), 1.5rem);line-height:1.5\">Step One: Select your Method<\/h3>\n\n\n\n<p class=\"has-small-font-size\" style=\"margin-top:8px\">Choose between credit cards, debit cards, PayPal or bank transfer to pay in the way that is most convenient and fastest for you.<\/p>\n<\/div>\n<\/div>\n\n\n\n<div class=\"wp-block-columns is-layout-flex wp-container-core-columns-is-layout-28f84493 wp-block-columns-is-layout-flex\">\n<div class=\"wp-block-column is-vertically-aligned-stretch is-layout-flow wp-container-core-column-is-layout-8a368f38 wp-block-column-is-layout-flow\" style=\"flex-basis:48px\">\n<div class=\"wp-block-group has-global-padding is-layout-constrained wp-container-core-group-is-layout-4b2ef9fa wp-block-group-is-layout-constrained\">\n<div class=\"wp-block-group is-vertical is-content-justification-center is-nowrap is-layout-flex wp-container-core-group-is-layout-22bbd74c wp-block-group-is-layout-flex\" style=\"border-width:1px;border-radius:20rem;min-height:48px;padding-top:var(--wp--preset--spacing--20);padding-right:var(--wp--preset--spacing--20);padding-bottom:var(--wp--preset--spacing--20);padding-left:var(--wp--preset--spacing--20)\">\n<p class=\"has-small-font-size\" style=\"font-style:normal;font-weight:500;line-height:1\">2<\/p>\n<\/div>\n<\/div>\n\n\n\n<div class=\"wp-block-group has-global-padding is-layout-constrained wp-container-core-group-is-layout-aeac42b8 wp-block-group-is-layout-constrained\" style=\"min-height:100%\">\n<div class=\"wp-block-group has-foreground-background-color has-background has-global-padding is-layout-constrained wp-container-core-group-is-layout-d9cda1d1 wp-block-group-is-layout-constrained\" style=\"min-height:100%;padding-top:0;padding-right:0.03rem;padding-bottom:0;padding-left:0.03rem\">\n<div style=\"height:100px\" aria-hidden=\"true\" class=\"wp-block-spacer\"><\/div>\n<\/div>\n<\/div>\n<\/div>\n\n\n\n<div class=\"wp-block-column is-layout-flow wp-block-column-is-layout-flow\">\n<h3 class=\"wp-block-heading\" style=\"font-size:clamp(0.984rem, 0.984rem + ((1vw - 0.2rem) * 0.86), 1.5rem);line-height:1.5\">Step Two: Confirm your purchase<\/h3>\n\n\n\n<p class=\"has-small-font-size\" style=\"margin-top:8px\">Please verify your order details and selected payment method to ensure everything is correct before finalizing.<\/p>\n<\/div>\n<\/div>\n\n\n\n<div class=\"wp-block-columns is-layout-flex wp-container-core-columns-is-layout-28f84493 wp-block-columns-is-layout-flex\">\n<div class=\"wp-block-column is-vertically-aligned-stretch is-layout-flow wp-container-core-column-is-layout-8a368f38 wp-block-column-is-layout-flow\" style=\"flex-basis:48px\">\n<div class=\"wp-block-group has-global-padding is-layout-constrained wp-container-core-group-is-layout-4b2ef9fa wp-block-group-is-layout-constrained\">\n<div class=\"wp-block-group is-vertical is-content-justification-center is-nowrap is-layout-flex wp-container-core-group-is-layout-22bbd74c wp-block-group-is-layout-flex\" style=\"border-width:1px;border-radius:20rem;min-height:48px;padding-top:var(--wp--preset--spacing--20);padding-right:var(--wp--preset--spacing--20);padding-bottom:var(--wp--preset--spacing--20);padding-left:var(--wp--preset--spacing--20)\">\n<p class=\"has-small-font-size\" style=\"font-style:normal;font-weight:500;line-height:1\">3<\/p>\n<\/div>\n<\/div>\n<\/div>\n\n\n\n<div class=\"wp-block-column is-layout-flow wp-block-column-is-layout-flow\">\n<h3 class=\"wp-block-heading\" style=\"font-size:clamp(0.984rem, 0.984rem + ((1vw - 0.2rem) * 0.86), 1.5rem);line-height:1.5\">Step Three: Receive your order<\/h3>\n\n\n\n<p class=\"has-small-font-size\" style=\"margin-top:8px\">Once payment is approved, we process your order and ship it so you can enjoy your fitness clothing and footwear soon.<\/p>\n<\/div>\n<\/div>\n<\/div>\n<\/div>\n<\/div>\n\n\n\n<div class=\"wp-block-group alignfull has-background-background-color has-background has-global-padding is-layout-constrained wp-container-core-group-is-layout-7276a2bb wp-block-group-is-layout-constrained\" style=\"margin-top:0;margin-bottom:0;padding-top:var(--wp--preset--spacing--60);padding-right:var(--wp--preset--spacing--30);padding-bottom:var(--wp--preset--spacing--60);padding-left:var(--wp--preset--spacing--30)\">\n<div class=\"wp-block-group has-global-padding is-layout-constrained wp-block-group-is-layout-constrained\">\n<h2 class=\"wp-block-heading has-text-align-center has-large-font-size\">Shop with confidence from us.<\/h2>\n\n\n\n<p class=\"has-text-align-center\" style=\"margin-top:16px\">Discover our secure payment options and choose the one that best suits you for an easy and fast shopping experience.<\/p>\n\n\n\n<div class=\"wp-block-buttons is-content-justification-center is-layout-flex wp-container-core-buttons-is-layout-720bcce9 wp-block-buttons-is-layout-flex\">\n<div class=\"wp-block-button\"><a class=\"wp-block-button__link wp-element-button\" href=\"#\">View options<\/a><\/div>\n<\/div>\n<\/div>\n\n\n\n<div style=\"aspect-ratio:16\/9;min-height:unset;\" class=\"wp-block-cover alignwide extendify-image-import has-aspect-ratio\"><img decoding=\"async\" class=\"wp-block-cover__image-background\" alt=\"\" src=\"https:\/\/images.unsplash.com\/photo-1726066012825-b1ab9ba6e158?ixid=M3w0MzUxNjF8MHwxfHNlYXJjaHwxfHxwYXltZW50JTIwb3B0aW9uc3xlbnwwfHx8fDE3NTI4MzA5NDN8MA&amp;ixlib=rb-4.1.0&amp;orientation=portrait?fit=crop&amp;crop=entropy%2Cfaces&amp;auto=format%2Ccompress&amp;w=1280\" data-object-fit=\"cover\"\/><span aria-hidden=\"true\" class=\"wp-block-cover__background has-background-dim-0 has-background-dim\"><\/span><div class=\"wp-block-cover__inner-container has-global-padding is-layout-constrained wp-block-cover-is-layout-constrained\">\n<div style=\"height:360px\" aria-hidden=\"true\" class=\"wp-block-spacer\"><\/div>\n<\/div><\/div>\n<\/div>","protected":false},"excerpt":{"rendered":"<p>Descubre nuestras opciones de pago Conoce c\u00f3mo puedes pagar tus compras f\u00e1cil y seguro Tarjetas de cr\u00e9dito y d\u00e9bito Aceptamos las principales tarjetas para mayor comodidad Pago a trav\u00e9s de PayPal Utiliza PayPal para compras r\u00e1pidas y protegidas Transferencias bancarias Realiza tu pago directo desde tu banco de confianza Pago contra entrega Paga de forma [&hellip;]<\/p>\n","protected":false},"author":8,"featured_media":0,"parent":0,"menu_order":0,"comment_status":"closed","ping_status":"closed","template":"","meta":{"footnotes":""},"class_list":["post-517","page","type-page","status-publish","hentry"],"aioseo_notices":[],"_links":{"self":[{"href":"https:\/\/onemoreup.es\/en\/wp-json\/wp\/v2\/pages\/517","targetHints":{"allow":["GET"]}}],"collection":[{"href":"https:\/\/onemoreup.es\/en\/wp-json\/wp\/v2\/pages"}],"about":[{"href":"https:\/\/onemoreup.es\/en\/wp-json\/wp\/v2\/types\/page"}],"author":[{"embeddable":true,"href":"https:\/\/onemoreup.es\/en\/wp-json\/wp\/v2\/users\/8"}],"replies":[{"embeddable":true,"href":"https:\/\/onemoreup.es\/en\/wp-json\/wp\/v2\/comments?post=517"}],"version-history":[{"count":1,"href":"https:\/\/onemoreup.es\/en\/wp-json\/wp\/v2\/pages\/517\/revisions"}],"predecessor-version":[{"id":518,"href":"https:\/\/onemoreup.es\/en\/wp-json\/wp\/v2\/pages\/517\/revisions\/518"}],"wp:attachment":[{"href":"https:\/\/onemoreup.es\/en\/wp-json\/wp\/v2\/media?parent=517"}],"curies":[{"name":"wp","href":"https:\/\/api.w.org\/{rel}","templated":true}]}}