{"id":1006,"date":"2025-08-05T09:46:03","date_gmt":"2025-08-05T09:46:03","guid":{"rendered":"https:\/\/onemoreup.es\/?post_type=product&#038;p=1006"},"modified":"2025-09-30T09:14:00","modified_gmt":"2025-09-30T09:14:00","slug":"l-carnitina-100-natural-2000-mg","status":"publish","type":"product","link":"https:\/\/onemoreup.es\/en\/tienda\/l-carnitina-100-natural-2000-mg\/","title":{"rendered":"L-Carnitine 2000 mg | 150 capsules | 75 doses"},"content":{"rendered":"<p>L-Carnitine 2000 mg | 150 capsules | 75 doses<\/p>\n<p data-start=\"480\" data-end=\"678\">L-Carnitine is an amino acid that naturally participates in energy metabolism, helping to transport fatty acids to the mitochondria to be used as a source of energy.<\/p>\n<p data-start=\"680\" data-end=\"953\">\u2705 <strong data-start=\"682\" data-end=\"704\">High concentration<\/strong>: 2000 mg per dose.<br data-start=\"724\" data-end=\"727\" \/>\u2705 <strong data-start=\"729\" data-end=\"756\">Performance and vitality<\/strong>: ideal as support before physical activity.<br data-start=\"804\" data-end=\"807\" \/>\u2705 <strong data-start=\"809\" data-end=\"829\">Practical format<\/strong>: 150 capsules, up to 75 days of use.<br data-start=\"866\" data-end=\"869\" \/>\u2705 <strong data-start=\"871\" data-end=\"894\">Quality guaranteed<\/strong>: product manufactured in the European Union under GMP standards.<\/p>\n<p data-start=\"955\" data-end=\"1059\"><strong data-start=\"955\" data-end=\"973\">Instructions for use<\/strong>Take the recommended dose with water, preferably before physical activity.<\/p>\n<p>Delivery time: 1 to 4 working days via MRW<\/p>\n<p>&nbsp;<\/p>","protected":false},"excerpt":{"rendered":"<p>L-Carnitina 2000 mg | 150 c\u00e1psulas | 75 dosis La L-Carnitina es un amino\u00e1cido que participa de forma natural en el metabolismo energ\u00e9tico, ayudando a transportar los \u00e1cidos grasos a las mitocondrias para ser utilizados como fuente de energ\u00eda. \u2705 Alta concentraci\u00f3n: 2000 mg por dosis.\u2705 Rendimiento y vitalidad: ideal como apoyo antes de la [&hellip;]<\/p>\n","protected":false},"featured_media":1008,"comment_status":"open","ping_status":"closed","template":"","meta":[],"product_brand":[],"product_cat":[18,162],"product_tag":[],"class_list":{"0":"post-1006","1":"product","2":"type-product","3":"status-publish","4":"has-post-thumbnail","6":"product_cat-complementacion-alimentaria","7":"product_cat-suplementacion-y-vitaminas","9":"first","10":"instock","11":"taxable","12":"shipping-taxable","13":"purchasable","14":"product-type-simple"},"aioseo_notices":[],"_links":{"self":[{"href":"https:\/\/onemoreup.es\/en\/wp-json\/wp\/v2\/product\/1006","targetHints":{"allow":["GET"]}}],"collection":[{"href":"https:\/\/onemoreup.es\/en\/wp-json\/wp\/v2\/product"}],"about":[{"href":"https:\/\/onemoreup.es\/en\/wp-json\/wp\/v2\/types\/product"}],"replies":[{"embeddable":true,"href":"https:\/\/onemoreup.es\/en\/wp-json\/wp\/v2\/comments?post=1006"}],"wp:featuredmedia":[{"embeddable":true,"href":"https:\/\/onemoreup.es\/en\/wp-json\/wp\/v2\/media\/1008"}],"wp:attachment":[{"href":"https:\/\/onemoreup.es\/en\/wp-json\/wp\/v2\/media?parent=1006"}],"wp:term":[{"taxonomy":"product_brand","embeddable":true,"href":"https:\/\/onemoreup.es\/en\/wp-json\/wp\/v2\/product_brand?post=1006"},{"taxonomy":"product_cat","embeddable":true,"href":"https:\/\/onemoreup.es\/en\/wp-json\/wp\/v2\/product_cat?post=1006"},{"taxonomy":"product_tag","embeddable":true,"href":"https:\/\/onemoreup.es\/en\/wp-json\/wp\/v2\/product_tag?post=1006"}],"curies":[{"name":"wp","href":"https:\/\/api.w.org\/{rel}","templated":true}]}}