{"id":1017,"date":"2025-08-05T09:51:43","date_gmt":"2025-08-05T09:51:43","guid":{"rendered":"https:\/\/onemoreup.es\/?post_type=product&#038;p=1017"},"modified":"2025-09-25T08:37:36","modified_gmt":"2025-09-25T08:37:36","slug":"termogenico-quema-grasa-natural-keto","status":"publish","type":"product","link":"https:\/\/onemoreup.es\/en\/tienda\/termogenico-quema-grasa-natural-keto\/","title":{"rendered":"Thermogenic natural fat burner Keto"},"content":{"rendered":"<p>Thermogenic Natural Fat Burner for Keto. 240 Vegetable Capsules, 120 Day Supply. Powerful Fitness Diet Treatment. Natural Supplement for Weight Management. 100% Natural Ingredients. Vegan. CE Certified. N2 Natural Nutrition<\/p>\n<p><span class=\"a-list-item\">\ud83d\udd25KETO FITNESS TREATMENT: This Natural Fitness Supplement contains ingredients like L-Carnitine, Guarana, Green Coffee, and Green Tea, known for their detoxifying properties. These are complemented by natural thermogenic supplements such as L-Theanine and Piperine, which aid in weight management. Additionally, Chromium acts as an appetite suppressant, particularly for sugars.<\/span><\/p>\n<p><span class=\"a-list-item\">\ud83d\udcaaIMPROVES PHYSICAL PERFORMANCE AND BOOSTS METABOLISM: The L-Carnitine and Vitamin B6 in this supplement increase muscle performance and energy production. The properties of Guarana and Piperine can help reduce fatigue and improve mood.<\/span><\/p>\n<p><span class=\"a-list-item\">\ud83d\udc8aCHLOROPHYLL CAPSULES. FREE OF MAGNESIUM STEARATE, GLUTEN AND LACTOSE: Our supplement comes in vegetable chlorophyll capsules instead of tablets, to provide maximum concentration and purity, minimizing the use of binders, maximizing the absorption of active ingredients and reducing intestinal irritation.<\/span><\/p>\n<p><span class=\"a-list-item\">\ud83c\udf3fVEGAN CERTIFIED: 100% Natural Supplements, certified VEGAN by the British Vegetarian Society. Manufactured in EU laboratories, they comply with the strict ISO 9001, FDA, and GMP (Good Manufacturing Practices) standards and manufacturing processes. All our ingredients are GMO-free and cruelty-free.<\/span>\ud83d\udce9SATISFACTION GUARANTEE: At N2 Natural Nutrition, customer satisfaction is our priority. So if you have any questions or suggestions, please don&#039;t hesitate to contact us. Our team of nutritionists and experts will be happy to offer you the best solution as soon as possible.<\/p>\n<p>&nbsp;<\/p>\n<p>Delivery time: 1 to 5 working days via MRW<\/p>","protected":false},"excerpt":{"rendered":"<p>Termog\u00e9nico quema grasa natural Keto. 240 C\u00e1psulas Vegetales, 120 d\u00edas. Tratamiento Potente Dieta Fitness. Suplemento Natural para Mantener la Linea. Ingredientes 100% Naturales. VEGANO. CE. N2 Natural Nutrition \ud83d\udd25TRATAMIENTO KETO FITNESS: El Suplemento Natural Fitness tiene ingredientes como L-Carnitina, Guaran\u00e1, Caf\u00e9 Verde y T\u00e9 Verde que son reconocidos por sus propiedades detox , complementados por [&hellip;]<\/p>\n","protected":false},"featured_media":1016,"comment_status":"open","ping_status":"closed","template":"","meta":[],"product_brand":[],"product_cat":[18,162],"product_tag":[],"class_list":{"0":"post-1017","1":"product","2":"type-product","3":"status-publish","4":"has-post-thumbnail","6":"product_cat-complementacion-alimentaria","7":"product_cat-suplementacion-y-vitaminas","9":"first","10":"instock","11":"taxable","12":"shipping-taxable","13":"purchasable","14":"product-type-simple"},"aioseo_notices":[],"_links":{"self":[{"href":"https:\/\/onemoreup.es\/en\/wp-json\/wp\/v2\/product\/1017","targetHints":{"allow":["GET"]}}],"collection":[{"href":"https:\/\/onemoreup.es\/en\/wp-json\/wp\/v2\/product"}],"about":[{"href":"https:\/\/onemoreup.es\/en\/wp-json\/wp\/v2\/types\/product"}],"replies":[{"embeddable":true,"href":"https:\/\/onemoreup.es\/en\/wp-json\/wp\/v2\/comments?post=1017"}],"wp:featuredmedia":[{"embeddable":true,"href":"https:\/\/onemoreup.es\/en\/wp-json\/wp\/v2\/media\/1016"}],"wp:attachment":[{"href":"https:\/\/onemoreup.es\/en\/wp-json\/wp\/v2\/media?parent=1017"}],"wp:term":[{"taxonomy":"product_brand","embeddable":true,"href":"https:\/\/onemoreup.es\/en\/wp-json\/wp\/v2\/product_brand?post=1017"},{"taxonomy":"product_cat","embeddable":true,"href":"https:\/\/onemoreup.es\/en\/wp-json\/wp\/v2\/product_cat?post=1017"},{"taxonomy":"product_tag","embeddable":true,"href":"https:\/\/onemoreup.es\/en\/wp-json\/wp\/v2\/product_tag?post=1017"}],"curies":[{"name":"wp","href":"https:\/\/api.w.org\/{rel}","templated":true}]}}