{"id":102,"date":"2025-07-01T09:50:40","date_gmt":"2025-07-01T09:50:40","guid":{"rendered":"https:\/\/onemoreup.es\/?post_type=product&#038;p=102"},"modified":"2025-07-01T09:51:06","modified_gmt":"2025-07-01T09:51:06","slug":"cuerda-saltar-profesional-de-aluminio-ajustable-ed-cuerda-de-saltar-para-crossfit-boxeo-y-fitness-jump-rope-ligera-y-rapida-con-rodamientos-360","status":"publish","type":"product","link":"https:\/\/onemoreup.es\/en\/tienda\/cuerda-saltar-profesional-de-aluminio-ajustable-ed-cuerda-de-saltar-para-crossfit-boxeo-y-fitness-jump-rope-ligera-y-rapida-con-rodamientos-360\/","title":{"rendered":"Professional Adjustable Aluminum Jump Rope ED \u2013 Jump Rope for Crossfit, Boxing and Fitness | Lightweight and Fast Jump Rope with 360\u00b0 Bearings"},"content":{"rendered":"<p>Professional Adjustable Aluminum Jump Rope ED \u2013 Jump Rope for Crossfit, Boxing and Fitness | Lightweight and Fast Jump Rope with 360\u00b0 Bearings<\/p>\n<p>&nbsp;<\/p>\n<p>Delivery time: 24 to 72 business hours via MRW<\/p>\n<p>Quality guaranteed<\/p>\n<p>Warranty: 6 months for manufacturing defects<\/p>\n<table class=\"a-normal a-spacing-micro\" role=\"list\">\n<tbody>\n<tr class=\"a-spacing-small po-target_audience\" role=\"listitem\">\n<td class=\"a-span3\" role=\"presentation\"><span class=\"a-size-base a-text-bold\">Target audience<\/span><\/td>\n<td class=\"a-span9\" role=\"presentation\"><span class=\"a-size-base po-break-word\">Adults<\/span><\/td>\n<\/tr>\n<tr class=\"a-spacing-small po-special_feature\" role=\"listitem\">\n<td class=\"a-span3\" role=\"presentation\"><span class=\"a-size-base a-text-bold\">Special function<\/span><\/td>\n<td class=\"a-span9\" role=\"presentation\"><span class=\"a-size-base po-break-word\">Wear-resistant, Lightweight, Non-slip, Adjustable length<\/span><\/td>\n<\/tr>\n<tr class=\"a-spacing-small po-recommended_uses_for_product\" role=\"listitem\">\n<td class=\"a-span3\" role=\"presentation\"><span class=\"a-size-base a-text-bold\">Recommended uses for the product<\/span><\/td>\n<td class=\"a-span9\" role=\"presentation\"><span class=\"a-size-base po-break-word\">Exercise and fitness, Boxing, CrossFit<\/span><\/td>\n<\/tr>\n<tr class=\"a-spacing-small po-material\" role=\"listitem\">\n<td class=\"a-span3\" role=\"presentation\"><span class=\"a-size-base a-text-bold\">Material<\/span><\/td>\n<td class=\"a-span9\" role=\"presentation\"><span class=\"a-size-base po-break-word\">Aluminum<\/span><\/td>\n<\/tr>\n<tr class=\"a-spacing-small po-handle.material\" role=\"listitem\">\n<td class=\"a-span3\" role=\"presentation\"><span class=\"a-size-base a-text-bold\">Handle material<\/span><\/td>\n<td class=\"a-span9\" role=\"presentation\"><span class=\"a-size-base po-break-word\">Aluminum<\/span><\/td>\n<\/tr>\n<tr class=\"a-spacing-small po-color\" role=\"listitem\">\n<td class=\"a-span3\" role=\"presentation\"><span class=\"a-size-base a-text-bold\">Color<\/span><\/td>\n<td class=\"a-span9\" role=\"presentation\"><span class=\"a-size-base po-break-word\">Black<\/span><\/td>\n<\/tr>\n<tr class=\"a-spacing-small po-item_weight\" role=\"listitem\">\n<td class=\"a-span3\" role=\"presentation\"><span class=\"a-size-base a-text-bold\">Product weight<\/span><\/td>\n<td class=\"a-span9\" role=\"presentation\"><span class=\"a-size-base po-break-word\">140 Grams<\/span><\/td>\n<\/tr>\n<tr class=\"a-spacing-small po-grip.material\" role=\"listitem\">\n<td class=\"a-span3\" role=\"presentation\"><span class=\"a-size-base a-text-bold\">Grip material<\/span><\/td>\n<td class=\"a-span9\" role=\"presentation\"><span class=\"a-size-base po-break-word\">Aluminum<\/span><\/td>\n<\/tr>\n<\/tbody>\n<\/table>\n<p>&nbsp;<\/p>","protected":false},"excerpt":{"rendered":"<p>Cuerda saltar Profesional de Aluminio Ajustable ED\u2013 Cuerda de Saltar para Crossfit, Boxeo y Fitness | Jump Rope Ligera y R\u00e1pida con Rodamientos 360\u00b0 &nbsp; Plazo entrega: de 24 a 72 h laborables mediante MRW Calidad garantizada Garant\u00eda: 6 meses defecto fabricaci\u00f3n Audiencia destinataria Adultos Funci\u00f3n especial Resistente al desgaste, Ligera, Antideslizante, Longitud ajustable Usos [&hellip;]<\/p>\n","protected":false},"featured_media":103,"comment_status":"open","ping_status":"closed","template":"","meta":[],"product_brand":[],"product_cat":[21],"product_tag":[],"class_list":{"0":"post-102","1":"product","2":"type-product","3":"status-publish","4":"has-post-thumbnail","6":"product_cat-accesorios-sala-fitness","8":"first","9":"instock","10":"taxable","11":"shipping-taxable","12":"purchasable","13":"product-type-simple"},"aioseo_notices":[],"_links":{"self":[{"href":"https:\/\/onemoreup.es\/en\/wp-json\/wp\/v2\/product\/102","targetHints":{"allow":["GET"]}}],"collection":[{"href":"https:\/\/onemoreup.es\/en\/wp-json\/wp\/v2\/product"}],"about":[{"href":"https:\/\/onemoreup.es\/en\/wp-json\/wp\/v2\/types\/product"}],"replies":[{"embeddable":true,"href":"https:\/\/onemoreup.es\/en\/wp-json\/wp\/v2\/comments?post=102"}],"wp:featuredmedia":[{"embeddable":true,"href":"https:\/\/onemoreup.es\/en\/wp-json\/wp\/v2\/media\/103"}],"wp:attachment":[{"href":"https:\/\/onemoreup.es\/en\/wp-json\/wp\/v2\/media?parent=102"}],"wp:term":[{"taxonomy":"product_brand","embeddable":true,"href":"https:\/\/onemoreup.es\/en\/wp-json\/wp\/v2\/product_brand?post=102"},{"taxonomy":"product_cat","embeddable":true,"href":"https:\/\/onemoreup.es\/en\/wp-json\/wp\/v2\/product_cat?post=102"},{"taxonomy":"product_tag","embeddable":true,"href":"https:\/\/onemoreup.es\/en\/wp-json\/wp\/v2\/product_tag?post=102"}],"curies":[{"name":"wp","href":"https:\/\/api.w.org\/{rel}","templated":true}]}}