{"id":1097,"date":"2025-08-08T10:01:09","date_gmt":"2025-08-08T10:01:09","guid":{"rendered":"https:\/\/onemoreup.es\/?post_type=product&#038;p=1097"},"modified":"2025-09-25T08:37:35","modified_gmt":"2025-09-25T08:37:35","slug":"capsulas-de-l-glutamina","status":"publish","type":"product","link":"https:\/\/onemoreup.es\/en\/tienda\/capsulas-de-l-glutamina\/","title":{"rendered":"L Glutamine Capsules"},"content":{"rendered":"<p>L-Glutamine Capsules \u2013 210 capsules \u2013 750 mg of pure L-Glutamine per daily dose \u2013 amino acid \u2013 Vegan<\/p>\n<p><span class=\"a-list-item\">High-dose L-Glutamine capsules: Take just 1 capsule a day and get 750 mg of the amino acid L-Glutamine! With Sports &amp; Health glutamine capsules, you&#039;re making a great choice.<\/span><\/p>\n<p><span class=\"a-list-item\">7-month supply of L-Glutamine for you: One tin of Sports &amp; Health L-Glutamine capsules contains 210 capsules \u2013 with our recommended dosage of 1 capsule per day, you have a 7-month supply.<\/span><\/p>\n<p><span class=\"a-list-item\">Easy to swallow thanks to the soft vegetable capsule: simply take a glass of water and you&#039;ll find that taking our L-Glutamine capsules is a pleasure!<\/span><\/p>\n<p><span class=\"a-list-item\">Vegan: No animal products are created during the production process in our HACCP production, so you can perfectly integrate glutamine capsules into your vegan lifestyle.<\/span><\/p>\n<p>Delivery time: 1 to 5 business days<\/p>","protected":false},"excerpt":{"rendered":"<p>C\u00e1psulas de L Glutamina &#8211; 210 c\u00e1psulas &#8211; 750 mg de L-Glutamina pura por dosis diaria &#8211; amino\u00e1cido &#8211; Vegano Alta dosis de c\u00e1psulas de L -Glutamina: \u00a1Toma solo 1 c\u00e1psula al d\u00eda y obt\u00e9n 750 mg del amino\u00e1cido L-Glutamina! Con las c\u00e1psulas de glutamina de Sports &amp; Health est\u00e1s haciendo una buena elecci\u00f3n. Suministro [&hellip;]<\/p>\n","protected":false},"featured_media":1098,"comment_status":"open","ping_status":"closed","template":"","meta":[],"product_brand":[],"product_cat":[18,162],"product_tag":[],"class_list":{"0":"post-1097","1":"product","2":"type-product","3":"status-publish","4":"has-post-thumbnail","6":"product_cat-complementacion-alimentaria","7":"product_cat-suplementacion-y-vitaminas","9":"first","10":"instock","11":"taxable","12":"shipping-taxable","13":"purchasable","14":"product-type-simple"},"aioseo_notices":[],"_links":{"self":[{"href":"https:\/\/onemoreup.es\/en\/wp-json\/wp\/v2\/product\/1097","targetHints":{"allow":["GET"]}}],"collection":[{"href":"https:\/\/onemoreup.es\/en\/wp-json\/wp\/v2\/product"}],"about":[{"href":"https:\/\/onemoreup.es\/en\/wp-json\/wp\/v2\/types\/product"}],"replies":[{"embeddable":true,"href":"https:\/\/onemoreup.es\/en\/wp-json\/wp\/v2\/comments?post=1097"}],"wp:featuredmedia":[{"embeddable":true,"href":"https:\/\/onemoreup.es\/en\/wp-json\/wp\/v2\/media\/1098"}],"wp:attachment":[{"href":"https:\/\/onemoreup.es\/en\/wp-json\/wp\/v2\/media?parent=1097"}],"wp:term":[{"taxonomy":"product_brand","embeddable":true,"href":"https:\/\/onemoreup.es\/en\/wp-json\/wp\/v2\/product_brand?post=1097"},{"taxonomy":"product_cat","embeddable":true,"href":"https:\/\/onemoreup.es\/en\/wp-json\/wp\/v2\/product_cat?post=1097"},{"taxonomy":"product_tag","embeddable":true,"href":"https:\/\/onemoreup.es\/en\/wp-json\/wp\/v2\/product_tag?post=1097"}],"curies":[{"name":"wp","href":"https:\/\/api.w.org\/{rel}","templated":true}]}}