{"id":1112,"date":"2025-08-08T10:25:31","date_gmt":"2025-08-08T10:25:31","guid":{"rendered":"https:\/\/onemoreup.es\/?post_type=product&#038;p=1112"},"modified":"2025-09-25T08:37:35","modified_gmt":"2025-09-25T08:37:35","slug":"l-glutamina","status":"publish","type":"product","link":"https:\/\/onemoreup.es\/en\/tienda\/l-glutamina\/","title":{"rendered":"L-GLUTAMINE"},"content":{"rendered":"<ul class=\"a-unordered-list a-vertical a-spacing-mini\">\n<li class=\"a-spacing-mini\"><span class=\"a-list-item\">FLAVORED L-GLUTAMINE: Each container holds 750g of high-quality L-glutamine with added L-taurine, in servings ideal for 150 applications. Each serving provides 4000mg of L-glutamine and 500mg of L-taurine. The L-glutamine used is obtained through a complex natural fermentation process from non-GMO corn and is perfect for your daily routine. German Elite Nutrition&#039;s flavored glutamine impresses with its carefully selected flavors and is available in two delicious varieties.<\/span><\/li>\n<li class=\"a-spacing-mini\"><span class=\"a-list-item\">WITH AN EXTRA BOOST OF TAURINE: In addition to high-quality L-glutamine, each serving contains an extra 500 mg of L-taurine, a proven substance that has long been a staple in modern formulas. Taurine is a naturally occurring compound found in many foods and perfectly complements glutamine, creating a synergistic combination that effectively supports your daily routine.<\/span><\/li>\n<li class=\"a-spacing-mini\"><span class=\"a-list-item\">BASIC SUPPLEMENT: Glutamine is a proven basic supplement that can be perfectly combined with other amino acids, such as creatine, L-citrulline, taurine, L-tyrosine, L-arginine, or AAKG. It is ideal for incorporating into individual supplementation routines, whether before, during, or after training.<\/span><\/li>\n<li class=\"a-spacing-mini\"><span class=\"a-list-item\">VEGAN AND SUGAR-FREE: This product is 100% vegan, lactose-free, and gluten-free, making it ideal for mindful eating. It contains no added sugars and is sweetened with sucralose, a calorie-free alternative with a pleasant sweet taste. Furthermore, the formula is free of artificial colors and, thanks to its fine powder texture, dissolves easily in water. Each serving is ready to enjoy in a snap, simply, cleanly, and conveniently.<\/span><\/li>\n<li class=\"a-spacing-mini\"><span class=\"a-list-item\">FROM ATHLETES FOR ATHLETES: Our German Elite Nutrition product range offers a wide variety of nutritional supplements, made with high-quality raw materials in EU-certified factories, to help you achieve your athletic goals. If you are not satisfied with a product or need advice, we are always available to help.<\/span><\/li>\n<li><\/li>\n<li class=\"a-spacing-mini\">Delivery time: 1 to 4 working days via MRW<\/li>\n<\/ul>","protected":false},"excerpt":{"rendered":"<p>L-GLUTAMINA CON SABOR: cada bote contiene 750 g de L-glutamina de alta calidad con L-taurina a\u00f1adida, en porciones ideales para 150 aplicaciones. Cada porci\u00f3n aporta 4000 mg de L-glutamina y 500 mg de L-taurina. La L-glutamina utilizada se obtiene mediante un complejo proceso de fermentaci\u00f3n natural a partir de ma\u00edz libre de transg\u00e9nicos y es [&hellip;]<\/p>\n","protected":false},"featured_media":1107,"comment_status":"open","ping_status":"closed","template":"","meta":[],"product_brand":[],"product_cat":[18,162],"product_tag":[],"class_list":{"0":"post-1112","1":"product","2":"type-product","3":"status-publish","4":"has-post-thumbnail","6":"product_cat-complementacion-alimentaria","7":"product_cat-suplementacion-y-vitaminas","9":"first","10":"instock","11":"taxable","12":"shipping-taxable","13":"purchasable","14":"product-type-simple"},"aioseo_notices":[],"_links":{"self":[{"href":"https:\/\/onemoreup.es\/en\/wp-json\/wp\/v2\/product\/1112","targetHints":{"allow":["GET"]}}],"collection":[{"href":"https:\/\/onemoreup.es\/en\/wp-json\/wp\/v2\/product"}],"about":[{"href":"https:\/\/onemoreup.es\/en\/wp-json\/wp\/v2\/types\/product"}],"replies":[{"embeddable":true,"href":"https:\/\/onemoreup.es\/en\/wp-json\/wp\/v2\/comments?post=1112"}],"wp:featuredmedia":[{"embeddable":true,"href":"https:\/\/onemoreup.es\/en\/wp-json\/wp\/v2\/media\/1107"}],"wp:attachment":[{"href":"https:\/\/onemoreup.es\/en\/wp-json\/wp\/v2\/media?parent=1112"}],"wp:term":[{"taxonomy":"product_brand","embeddable":true,"href":"https:\/\/onemoreup.es\/en\/wp-json\/wp\/v2\/product_brand?post=1112"},{"taxonomy":"product_cat","embeddable":true,"href":"https:\/\/onemoreup.es\/en\/wp-json\/wp\/v2\/product_cat?post=1112"},{"taxonomy":"product_tag","embeddable":true,"href":"https:\/\/onemoreup.es\/en\/wp-json\/wp\/v2\/product_tag?post=1112"}],"curies":[{"name":"wp","href":"https:\/\/api.w.org\/{rel}","templated":true}]}}