{"id":1209,"date":"2025-08-12T08:02:40","date_gmt":"2025-08-12T08:02:40","guid":{"rendered":"https:\/\/onemoreup.es\/?post_type=product&#038;p=1209"},"modified":"2025-08-12T08:47:06","modified_gmt":"2025-08-12T08:47:06","slug":"pantalon-corto-para-hombre-deporte","status":"publish","type":"product","link":"https:\/\/onemoreup.es\/en\/tienda\/pantalon-corto-para-hombre-deporte\/","title":{"rendered":"Men&#039;s Sports Shorts"},"content":{"rendered":"<p>Men&#039;s Shorts<\/p>\n<p>Colors: Gray and Black<\/p>\n<p>Men&#039;s 2-in-1 Sports Running Shorts with Internal Compression and Pocket - IDEAL gym<\/p>\n<ul class=\"a-unordered-list a-vertical a-spacing-small\">\n<li><span class=\"a-list-item a-size-base a-color-base\">Men&#039;s sports pants: double layer design, lightweight and breathable outer pants with elastic waistband. Lightweight and breathable outer pants made of durable fabric, comfortable to wear.<\/span><\/li>\n<li><span class=\"a-list-item a-size-base a-color-base\">Double-layer design: High-quality, short, and breathable mesh lining; short and breathable outer layer with a built-in pocket for convenient storage of small items like phones, keys, cards, and pedometers. Perfect for your most intense gym workouts.<\/span><\/li>\n<li><span class=\"a-list-item a-size-base a-color-base\">The compression shorts: lightweight internal lining sits close to the body, flexible and easy to move in during exercise, the invisible pocket for secure and stable storage of necessary items such as: card, key, smartphone.<\/span><\/li>\n<li><span class=\"a-list-item a-size-base a-color-base\">Quick-drying: The soft, breathable, and hygroscopic fabric is gentle, dries quickly, and wicks sweat away from the skin, keeping you dry and comfortable during sports, ease of movement, and enhanced breathability to keep you cool in warm weather.<\/span><\/li>\n<li><span class=\"a-list-item a-size-base a-color-base\">It&#039;s a great idea as a small birthday gift for men, a present for the person he loves. Size note: The size provided is in Chinese standard, please check the size in the description below and decide your purchase. Order 1-2 sizes larger than usual, as Asian size is smaller than EU size.<\/span><\/li>\n<\/ul>\n<p>Delivery time<\/p>","protected":false},"excerpt":{"rendered":"<p>Pantal\u00f3n Corto para Hombre Colores: Gris y Negro Pantalones Cortos Deportivos para Correr 2 en 1 con Compresi\u00f3n Interna y Bolsillo para Hombres IDEAL gym Pantalones deportivos para hombre: dise\u00f1o de doble capa, pantalones exteriores ligeros y transpirables con pretina el\u00e1stica Pantalones exteriores ligeros y transpirables hechos de tela duradera, Confort de uso. Dise\u00f1o de [&hellip;]<\/p>\n","protected":false},"featured_media":1213,"comment_status":"open","ping_status":"closed","template":"","meta":[],"product_brand":[],"product_cat":[27],"product_tag":[],"class_list":{"0":"post-1209","1":"product","2":"type-product","3":"status-publish","4":"has-post-thumbnail","6":"product_cat-ropa-deportiva-el","8":"first","9":"instock","10":"taxable","11":"shipping-taxable","12":"purchasable","13":"product-type-variable"},"aioseo_notices":[],"_links":{"self":[{"href":"https:\/\/onemoreup.es\/en\/wp-json\/wp\/v2\/product\/1209","targetHints":{"allow":["GET"]}}],"collection":[{"href":"https:\/\/onemoreup.es\/en\/wp-json\/wp\/v2\/product"}],"about":[{"href":"https:\/\/onemoreup.es\/en\/wp-json\/wp\/v2\/types\/product"}],"replies":[{"embeddable":true,"href":"https:\/\/onemoreup.es\/en\/wp-json\/wp\/v2\/comments?post=1209"}],"wp:featuredmedia":[{"embeddable":true,"href":"https:\/\/onemoreup.es\/en\/wp-json\/wp\/v2\/media\/1213"}],"wp:attachment":[{"href":"https:\/\/onemoreup.es\/en\/wp-json\/wp\/v2\/media?parent=1209"}],"wp:term":[{"taxonomy":"product_brand","embeddable":true,"href":"https:\/\/onemoreup.es\/en\/wp-json\/wp\/v2\/product_brand?post=1209"},{"taxonomy":"product_cat","embeddable":true,"href":"https:\/\/onemoreup.es\/en\/wp-json\/wp\/v2\/product_cat?post=1209"},{"taxonomy":"product_tag","embeddable":true,"href":"https:\/\/onemoreup.es\/en\/wp-json\/wp\/v2\/product_tag?post=1209"}],"curies":[{"name":"wp","href":"https:\/\/api.w.org\/{rel}","templated":true}]}}