{"id":1380,"date":"2025-08-20T12:32:13","date_gmt":"2025-08-20T12:32:13","guid":{"rendered":"https:\/\/onemoreup.es\/?post_type=product&#038;p=1380"},"modified":"2025-09-25T08:35:19","modified_gmt":"2025-09-25T08:35:19","slug":"proteina-en-polvo-premier-protein","status":"publish","type":"product","link":"https:\/\/onemoreup.es\/en\/tienda\/proteina-en-polvo-premier-protein\/","title":{"rendered":"Premier Protein Powder"},"content":{"rendered":"<h1 data-start=\"134\" data-end=\"192\">\ud83d\udd1d <strong data-start=\"139\" data-end=\"190\">Premier Protein 100% Whey Protein \u2013 One More Up<\/strong><\/h1>\n<p>Format: 650 g<\/p>\n<p data-start=\"193\" data-end=\"238\">More protein, fewer calories, maximum flavor.<\/p>\n<p data-start=\"240\" data-end=\"505\">\ud83d\udcaa <strong data-start=\"243\" data-end=\"279\">30 grams of quality protein<\/strong><br data-start=\"279\" data-end=\"282\" \/>Each serving provides <strong data-start=\"301\" data-end=\"339\">30g of whey protein<\/strong> to support your muscles and maintain a balanced diet. With just <strong data-start=\"408\" data-end=\"436\">150 kcal and 1 g of sugar<\/strong>, It is the perfect option for those seeking results without excess.<\/p>\n<p data-start=\"507\" data-end=\"731\">\ud83c\udf6b <strong data-start=\"510\" data-end=\"548\">Amazing taste without the guilt<\/strong><br data-start=\"548\" data-end=\"551\" \/>Available in irresistible flavors such as <strong data-start=\"592\" data-end=\"616\">chocolate and vanilla<\/strong>, With a creamy texture that makes every shake a moment of pure enjoyment. You&#039;ll find it hard to believe it&#039;s protein!<\/p>\n<p data-start=\"733\" data-end=\"769\">\ud83c\udfc6 <strong data-start=\"736\" data-end=\"767\">Clean and effective nutrition<\/strong><\/p>\n<ul data-start=\"770\" data-end=\"923\">\n<li data-start=\"770\" data-end=\"806\">\n<p data-start=\"772\" data-end=\"806\">Only <strong data-start=\"777\" data-end=\"794\">1 g of sugar<\/strong> per take.<\/p>\n<\/li>\n<li data-start=\"807\" data-end=\"864\">\n<p data-start=\"809\" data-end=\"864\"><strong data-start=\"809\" data-end=\"821\">150 kcal<\/strong> \u2192 ideal for calorie control diets.<\/p>\n<\/li>\n<li data-start=\"865\" data-end=\"923\">\n<p data-start=\"867\" data-end=\"923\">17 servings per container \u2192 convenient and long-lasting protein.<\/p>\n<\/li>\n<\/ul>\n<p data-start=\"925\" data-end=\"1143\">\u26a1 <strong data-start=\"927\" data-end=\"957\">Easy and quick to prepare<\/strong><br data-start=\"957\" data-end=\"960\" \/>Mix <strong data-start=\"967\" data-end=\"996\">2 scoops in 200 ml of water<\/strong> And in seconds your smoothie will be ready, whether it&#039;s <strong data-start=\"1043\" data-end=\"1089\">before, after training or between meals<\/strong>. Perfect for your active and dynamic lifestyle.<\/p>\n<p data-start=\"1145\" data-end=\"1394\">\u2600\ufe0f <strong data-start=\"1148\" data-end=\"1197\">Why choose Premier Protein at One More Up<\/strong><br data-start=\"1197\" data-end=\"1200\" \/>Because a protein shake doesn&#039;t have to be boring: <strong data-start=\"1261\" data-end=\"1316\">Here you get authentic flavor + balanced nutrition<\/strong>. Premier Protein is the ideal combination of performance, health and enjoyment.<\/p>\n<p data-start=\"1145\" data-end=\"1394\">\n<p data-start=\"1145\" data-end=\"1394\">Delivery time: 1 to 4 working days via MRW<\/p>","protected":false},"excerpt":{"rendered":"<p>\ud83d\udd1d Premier Protein 100% Whey Protein \u2013 One More Up Formato: 650 Grs M\u00e1s prote\u00edna, menos calor\u00edas, m\u00e1ximo sabor. \ud83d\udcaa 30 gramos de prote\u00edna de calidadCada raci\u00f3n aporta 30 g de prote\u00edna de suero de leche para apoyar tus m\u00fasculos y mantener una dieta equilibrada. Con solo 150 kcal y 1 g de az\u00facar, es [&hellip;]<\/p>\n","protected":false},"featured_media":1386,"comment_status":"open","ping_status":"closed","template":"","meta":[],"product_brand":[],"product_cat":[18,158],"product_tag":[],"class_list":{"0":"post-1380","1":"product","2":"type-product","3":"status-publish","4":"has-post-thumbnail","6":"product_cat-complementacion-alimentaria","7":"product_cat-proteinas","9":"first","10":"instock","11":"taxable","12":"shipping-taxable","13":"purchasable","14":"product-type-variable"},"aioseo_notices":[],"_links":{"self":[{"href":"https:\/\/onemoreup.es\/en\/wp-json\/wp\/v2\/product\/1380","targetHints":{"allow":["GET"]}}],"collection":[{"href":"https:\/\/onemoreup.es\/en\/wp-json\/wp\/v2\/product"}],"about":[{"href":"https:\/\/onemoreup.es\/en\/wp-json\/wp\/v2\/types\/product"}],"replies":[{"embeddable":true,"href":"https:\/\/onemoreup.es\/en\/wp-json\/wp\/v2\/comments?post=1380"}],"wp:featuredmedia":[{"embeddable":true,"href":"https:\/\/onemoreup.es\/en\/wp-json\/wp\/v2\/media\/1386"}],"wp:attachment":[{"href":"https:\/\/onemoreup.es\/en\/wp-json\/wp\/v2\/media?parent=1380"}],"wp:term":[{"taxonomy":"product_brand","embeddable":true,"href":"https:\/\/onemoreup.es\/en\/wp-json\/wp\/v2\/product_brand?post=1380"},{"taxonomy":"product_cat","embeddable":true,"href":"https:\/\/onemoreup.es\/en\/wp-json\/wp\/v2\/product_cat?post=1380"},{"taxonomy":"product_tag","embeddable":true,"href":"https:\/\/onemoreup.es\/en\/wp-json\/wp\/v2\/product_tag?post=1380"}],"curies":[{"name":"wp","href":"https:\/\/api.w.org\/{rel}","templated":true}]}}