{"id":1466,"date":"2025-08-25T11:15:46","date_gmt":"2025-08-25T11:15:46","guid":{"rendered":"https:\/\/onemoreup.es\/?post_type=product&#038;p=1466"},"modified":"2025-08-25T11:18:57","modified_gmt":"2025-08-25T11:18:57","slug":"rueda-para-abdominales","status":"publish","type":"product","link":"https:\/\/onemoreup.es\/en\/tienda\/rueda-para-abdominales\/","title":{"rendered":"Ab wheel"},"content":{"rendered":"<p>Ab wheel<\/p>\n<p>Maximum load of 150 kg, <\/p>\n<p>\ud83d\udd25 High-Resistance Abdominal Roller + Protective Mat \ud83d\udd25<\/p>\n<p>Want to take your training to the next level? This ab roller is designed for One More Up warriors who are looking for real results in their core, back, and glutes.<\/p>\n<p>\ud83d\udcaa Maximum Stability: Its stainless steel rod and premium tires support up to 150 kg without wobbling. Enjoy a firm and secure grip with every repetition.<\/p>\n<p>\ud83d\udcaa Train anywhere: Thanks to its non-slip textured design, you can use it on any floor (indoors or outdoors) quietly and without damaging the surface.<\/p>\n<p>\ud83d\udcaa Complete workout: Not only does it strengthen your abs in depth, but it also activates your glutes, shoulders and back, improving your strength and flexibility.<\/p>\n<p>\ud83d\udcaa Extra comfort: Includes a protective knee mat, preventing slips and making your workout more comfortable and safe.<\/p>\n<p>\u2714 Quality guaranteed: Manufactured by Mobiclinic, a leading company in the sector since 1985, recognized for its commitment to health and performance.<\/p>\n<p>\ud83d\ude80 Turn every workout into a challenge overcome and build the strong and stable core you need for your entire body.<\/p>\n<p>\ud83d\udc49 One More Up \u2013 Power up your workout.<\/p>\n<p>Delivery time is 1 to 5 working days via MRW<\/p>","protected":false},"excerpt":{"rendered":"<p>Rueda para abdominales Carga m\u00e1xima de 150 kg, \ud83d\udd25 Rodillo Abdominal de Alta Resistencia + Esterilla Protectora \ud83d\udd25 \u00bfQuieres llevar tu entrenamiento al siguiente nivel? Este rodillo abdominal est\u00e1 dise\u00f1ado para guerreras y guerreros One More Up que buscan resultados reales en su core, espalda y gl\u00fateos. \ud83d\udcaa M\u00e1xima Estabilidad: Su varilla de acero inoxidable [&hellip;]<\/p>\n","protected":false},"featured_media":1468,"comment_status":"open","ping_status":"closed","template":"","meta":[],"product_brand":[],"product_cat":[21],"product_tag":[],"class_list":{"0":"post-1466","1":"product","2":"type-product","3":"status-publish","4":"has-post-thumbnail","6":"product_cat-accesorios-sala-fitness","8":"first","9":"instock","10":"taxable","11":"shipping-taxable","12":"purchasable","13":"product-type-simple"},"aioseo_notices":[],"_links":{"self":[{"href":"https:\/\/onemoreup.es\/en\/wp-json\/wp\/v2\/product\/1466","targetHints":{"allow":["GET"]}}],"collection":[{"href":"https:\/\/onemoreup.es\/en\/wp-json\/wp\/v2\/product"}],"about":[{"href":"https:\/\/onemoreup.es\/en\/wp-json\/wp\/v2\/types\/product"}],"replies":[{"embeddable":true,"href":"https:\/\/onemoreup.es\/en\/wp-json\/wp\/v2\/comments?post=1466"}],"wp:featuredmedia":[{"embeddable":true,"href":"https:\/\/onemoreup.es\/en\/wp-json\/wp\/v2\/media\/1468"}],"wp:attachment":[{"href":"https:\/\/onemoreup.es\/en\/wp-json\/wp\/v2\/media?parent=1466"}],"wp:term":[{"taxonomy":"product_brand","embeddable":true,"href":"https:\/\/onemoreup.es\/en\/wp-json\/wp\/v2\/product_brand?post=1466"},{"taxonomy":"product_cat","embeddable":true,"href":"https:\/\/onemoreup.es\/en\/wp-json\/wp\/v2\/product_cat?post=1466"},{"taxonomy":"product_tag","embeddable":true,"href":"https:\/\/onemoreup.es\/en\/wp-json\/wp\/v2\/product_tag?post=1466"}],"curies":[{"name":"wp","href":"https:\/\/api.w.org\/{rel}","templated":true}]}}