{"id":1579,"date":"2025-08-26T12:21:26","date_gmt":"2025-08-26T12:21:26","guid":{"rendered":"https:\/\/onemoreup.es\/?post_type=product&#038;p=1579"},"modified":"2026-04-16T10:05:35","modified_gmt":"2026-04-16T10:05:35","slug":"leggings-omu-modelo-exclusivo","status":"publish","type":"product","link":"https:\/\/onemoreup.es\/en\/tienda\/leggings-omu-modelo-exclusivo\/","title":{"rendered":"Leggings Essential Pro"},"content":{"rendered":"<p>Leggings Essential Pro modelo Exclusivo<\/p>\n<p>One More Up&#039;s exclusive athletic leggings are designed to offer you comfort, style, and freedom of movement during every workout. A unique garment with a fitted design that adapts perfectly to your body.<\/p>\n<p>\u2714 Premium composition: 78% Nylon + 22% Spandex \u2192 elastic, resistant and soft to the touch fabric.<br \/>\n\u2714 Quick-drying &amp; breathable: ideal for yoga, fitness, running or high-intensity workouts.<br \/>\n\u2714 High waist: provides maximum support and stylizes the silhouette.<br \/>\n\u2714 Ergonomic design: adapts to the body and enhances the figure with total comfort.<br \/>\n\u2714 Available in our corporate colors: black, green and purple.<\/p>\n<p>\ud83d\udc9c OMU Style: Exclusive model that reflects the essence of One More Up.<\/p>\n<p>\ud83d\udccc Manufacturing and delivery conditions:<br \/>\nThese leggings are an exclusive One More Up model, made to order.<br \/>\n\ud83d\udc49 Delivery times are 1 \/ 4 business days.<\/p>\n<p>&nbsp;<\/p>\n<p data-start=\"116\" data-end=\"178\"><strong data-start=\"116\" data-end=\"178\">\ud83d\udce6 Due to high demand\u2026 You can reserve your product!<\/strong><\/p>\n<p data-start=\"180\" data-end=\"444\">Some of our items are flying off the shelves and, due to high sales demand, stock may run out quickly.<br data-start=\"292\" data-end=\"295\" \/>If it appears as <strong data-start=\"311\" data-end=\"340\">\u201cAvailable for reservation\u201d<\/strong>, means that <strong data-start=\"356\" data-end=\"397\">You can buy it as normal.<\/strong> and the <strong data-start=\"403\" data-end=\"443\">You will receive it within 5 to 10 days<\/strong>.<\/p>\n<p data-start=\"446\" data-end=\"531\">We are working to restock as soon as possible and get your order to you at home without delays.<\/p>\n<p data-start=\"533\" data-end=\"586\"><strong data-start=\"533\" data-end=\"586\">Thank you for being part of the OMU Community \ud83d\udc9a\ud83d\udc9c<\/strong><\/p>","protected":false},"excerpt":{"rendered":"<p>Leggings Essential Pro modelo Exclusivo Los leggings deportivos exclusivos One More Up est\u00e1n pensados para ofrecerte comodidad, estilo y libertad de movimiento en cada entrenamiento. Una prenda \u00fanica con dise\u00f1o ajustado que se adapta perfectamente a tu cuerpo. \u2714 Composici\u00f3n premium: 78% Nylon + 22% Spandex \u2192 tejido el\u00e1stico, resistente y de tacto suave. \u2714 [&hellip;]<\/p>\n","protected":false},"featured_media":3847,"comment_status":"open","ping_status":"closed","template":"","meta":[],"product_brand":[51],"product_cat":[100,19],"product_tag":[],"class_list":{"0":"post-1579","1":"product","2":"type-product","3":"status-publish","4":"has-post-thumbnail","6":"product_brand-one-more-up","7":"product_cat-edicion-exclusiva-one-more-up","8":"product_cat-ropa-deportiva-ella","10":"first","11":"instock","12":"taxable","13":"shipping-taxable","14":"purchasable","15":"product-type-variable"},"aioseo_notices":[],"_links":{"self":[{"href":"https:\/\/onemoreup.es\/en\/wp-json\/wp\/v2\/product\/1579","targetHints":{"allow":["GET"]}}],"collection":[{"href":"https:\/\/onemoreup.es\/en\/wp-json\/wp\/v2\/product"}],"about":[{"href":"https:\/\/onemoreup.es\/en\/wp-json\/wp\/v2\/types\/product"}],"replies":[{"embeddable":true,"href":"https:\/\/onemoreup.es\/en\/wp-json\/wp\/v2\/comments?post=1579"}],"wp:featuredmedia":[{"embeddable":true,"href":"https:\/\/onemoreup.es\/en\/wp-json\/wp\/v2\/media\/3847"}],"wp:attachment":[{"href":"https:\/\/onemoreup.es\/en\/wp-json\/wp\/v2\/media?parent=1579"}],"wp:term":[{"taxonomy":"product_brand","embeddable":true,"href":"https:\/\/onemoreup.es\/en\/wp-json\/wp\/v2\/product_brand?post=1579"},{"taxonomy":"product_cat","embeddable":true,"href":"https:\/\/onemoreup.es\/en\/wp-json\/wp\/v2\/product_cat?post=1579"},{"taxonomy":"product_tag","embeddable":true,"href":"https:\/\/onemoreup.es\/en\/wp-json\/wp\/v2\/product_tag?post=1579"}],"curies":[{"name":"wp","href":"https:\/\/api.w.org\/{rel}","templated":true}]}}