{"id":1602,"date":"2025-08-26T14:13:28","date_gmt":"2025-08-26T14:13:28","guid":{"rendered":"https:\/\/onemoreup.es\/?post_type=product&#038;p=1602"},"modified":"2026-03-04T11:17:20","modified_gmt":"2026-03-04T11:17:20","slug":"leggings-omu-energy-wear","status":"publish","type":"product","link":"https:\/\/onemoreup.es\/en\/tienda\/leggings-omu-energy-wear\/","title":{"rendered":"Leggings Wide Fit"},"content":{"rendered":"<p>Leggings Wide Fit \u2013 Modelo Exclusivo<\/p>\n<p>The exclusive One More Up Wide Fit leggings have been designed to combine the comfort and support of technical sports fabric with a different touch thanks to their slightly flared hem.<\/p>\n<p>\u2714 Premium composition: 78% Nylon + 22% Spandex \u2192 elastic, resistant and soft to the touch fabric.<br \/>\n\u2714 Quick-drying &amp; breathable: perfect for yoga, fitness, running or your everyday life.<br \/>\n\u2714 High waist: provides maximum support and stylizes the silhouette.<br \/>\n\u2714 Special design: fitted cut at the waist and hips that enhances the figure, with a wider leg opening, offering freedom of movement and a different style.<br \/>\n\u2714 Available in our corporate colors: black, green and purple.<\/p>\n<p>\ud83d\udc9c OMU Style: an exclusive model for women who want to make a difference without sacrificing performance.<\/p>\n<p>\ud83d\udccc Manufacturing and delivery conditions:<br \/>\nThese leggings are an exclusive One More Up model, made to order.<br \/>\n\ud83d\udc49 Delivery times are 7 to 25 working days.<\/p>","protected":false},"excerpt":{"rendered":"<p>Leggings Wide Fit \u2013 Modelo Exclusivo Los leggings exclusivos One More Up Wide Fit han sido dise\u00f1ados para combinar la comodidad y sujeci\u00f3n del tejido t\u00e9cnico deportivo con un toque diferente gracias a su acabado ligeramente acampanado en el bajo. \u2714 Composici\u00f3n premium: 78% Nylon + 22% Spandex \u2192 tejido el\u00e1stico, resistente y de tacto [&hellip;]<\/p>\n","protected":false},"featured_media":3866,"comment_status":"open","ping_status":"closed","template":"","meta":[],"product_brand":[51],"product_cat":[100,19],"product_tag":[],"class_list":{"0":"post-1602","1":"product","2":"type-product","3":"status-publish","4":"has-post-thumbnail","6":"product_brand-one-more-up","7":"product_cat-edicion-exclusiva-one-more-up","8":"product_cat-ropa-deportiva-ella","10":"first","11":"instock","12":"sale","13":"taxable","14":"shipping-taxable","15":"purchasable","16":"product-type-variable"},"aioseo_notices":[],"_links":{"self":[{"href":"https:\/\/onemoreup.es\/en\/wp-json\/wp\/v2\/product\/1602","targetHints":{"allow":["GET"]}}],"collection":[{"href":"https:\/\/onemoreup.es\/en\/wp-json\/wp\/v2\/product"}],"about":[{"href":"https:\/\/onemoreup.es\/en\/wp-json\/wp\/v2\/types\/product"}],"replies":[{"embeddable":true,"href":"https:\/\/onemoreup.es\/en\/wp-json\/wp\/v2\/comments?post=1602"}],"wp:featuredmedia":[{"embeddable":true,"href":"https:\/\/onemoreup.es\/en\/wp-json\/wp\/v2\/media\/3866"}],"wp:attachment":[{"href":"https:\/\/onemoreup.es\/en\/wp-json\/wp\/v2\/media?parent=1602"}],"wp:term":[{"taxonomy":"product_brand","embeddable":true,"href":"https:\/\/onemoreup.es\/en\/wp-json\/wp\/v2\/product_brand?post=1602"},{"taxonomy":"product_cat","embeddable":true,"href":"https:\/\/onemoreup.es\/en\/wp-json\/wp\/v2\/product_cat?post=1602"},{"taxonomy":"product_tag","embeddable":true,"href":"https:\/\/onemoreup.es\/en\/wp-json\/wp\/v2\/product_tag?post=1602"}],"curies":[{"name":"wp","href":"https:\/\/api.w.org\/{rel}","templated":true}]}}