{"id":177,"date":"2025-07-07T08:08:08","date_gmt":"2025-07-07T08:08:08","guid":{"rendered":"https:\/\/onemoreup.es\/?post_type=product&#038;p=177"},"modified":"2025-09-25T09:35:41","modified_gmt":"2025-09-25T09:35:41","slug":"ashwagandha-tratamiento-natural","status":"publish","type":"product","link":"https:\/\/onemoreup.es\/en\/tienda\/ashwagandha-tratamiento-natural\/","title":{"rendered":"ASHWAGANDHA NATURAL treatment"},"content":{"rendered":"<p>Organic Ashwagandha 605mg, 180 Capsules for 6 Months, With Black Pepper \u2013 Withania Somnifera Root Powder, Certified Organic, Vegan Supplement, Gluten and GMO Free<\/p>\n<p>&nbsp;<\/p>\n<p>Relief from stress and anxiety: We recommend it for women in premenstrual, perimenopausal, or menopausal stages. It does not cause drowsiness.<\/p>\n<p>Natural hormonal support with natural ingredients, NO CHEMICALS, ideal to combine with FEM BALANCE<\/p>\n<p>180 chapters.<\/p>\n<h1 id=\"title\" class=\"a-size-large a-spacing-none\"><\/h1>\n<p><span class=\"a-list-item\">\u00a0This package contains 180 capsules of Organic Ashwagandha, carefully formulated and enriched with organic black pepper for an ideal combination. This convenient format provides a 6-month supply. Find the perfect partner for your daily routine!<\/span><\/p>\n<p><span class=\"a-list-item\">The Wisdom of an Ancient Legacy \u2013 Ashwagandha, also known as Withania somnifera or Indian ginseng, is an Asian shrub that has been used for millennia in Ayurveda and throughout the long tradition of natural remedies. Rediscover an active lifestyle with the wisdom of nature and be amazed by a sense of well-being that transcends time.<\/span><\/p>\n<p><span class=\"a-list-item\">Ashwagandha and Black Pepper, Certified Organic \u2013 Each capsule of this supplement contains 600mg of organic ashwagandha and 5mg of organic black pepper. For best results, take one capsule daily. It&#039;s that easy! This supplement is also certified organic by the Soil Association.<\/span><\/p>\n<p><span class=\"a-list-item\">Suitable for Vegans and GMP Standards \u2013 This supplement is non-GMO, gluten-free, lactose-free, and contains no artificial flavors, colors, allergens, or additives. It has been manufactured under GMP (Good Manufacturing Practices) standards. It is also suitable for vegans and vegetarians.<\/span><\/p>\n<p>Contents: 180 capsules<\/p>\n<p>&nbsp;<\/p>\n<p>DELIVERY TIME: Due to high demand, orders may be delivered in 2 to 10 business days.<\/p>\n<p>&nbsp;<\/p>","protected":false},"excerpt":{"rendered":"<p>Ashwagandha Org\u00e1nica 605mg, 180 C\u00e1psulas para 6 Meses, Con Pimienta Negra &#8211; Polvo de Ra\u00edz de Withania Somnifera, Con Certificaci\u00f3n Org\u00e1nica, Suplemento Vegano, Sin Gluten ni OGM &nbsp; Alivio del estado de estres y ansiedad: Lo recomendamos para Ellas en estapas pre\/menstruales, perimenopausia o menopausia No causa Somnolencia Apoyo hormonal de forma natural componentes naturales [&hellip;]<\/p>\n","protected":false},"featured_media":985,"comment_status":"open","ping_status":"closed","template":"","meta":[],"product_brand":[],"product_cat":[18,165,166,162],"product_tag":[],"class_list":{"0":"post-177","1":"product","2":"type-product","3":"status-publish","4":"has-post-thumbnail","6":"product_cat-complementacion-alimentaria","7":"product_cat-control-maximo-rendimiento-el","8":"product_cat-control-maximo-rendimineto-ella","9":"product_cat-suplementacion-y-vitaminas","11":"first","12":"instock","13":"taxable","14":"shipping-taxable","15":"purchasable","16":"product-type-simple"},"aioseo_notices":[],"_links":{"self":[{"href":"https:\/\/onemoreup.es\/en\/wp-json\/wp\/v2\/product\/177","targetHints":{"allow":["GET"]}}],"collection":[{"href":"https:\/\/onemoreup.es\/en\/wp-json\/wp\/v2\/product"}],"about":[{"href":"https:\/\/onemoreup.es\/en\/wp-json\/wp\/v2\/types\/product"}],"replies":[{"embeddable":true,"href":"https:\/\/onemoreup.es\/en\/wp-json\/wp\/v2\/comments?post=177"}],"wp:featuredmedia":[{"embeddable":true,"href":"https:\/\/onemoreup.es\/en\/wp-json\/wp\/v2\/media\/985"}],"wp:attachment":[{"href":"https:\/\/onemoreup.es\/en\/wp-json\/wp\/v2\/media?parent=177"}],"wp:term":[{"taxonomy":"product_brand","embeddable":true,"href":"https:\/\/onemoreup.es\/en\/wp-json\/wp\/v2\/product_brand?post=177"},{"taxonomy":"product_cat","embeddable":true,"href":"https:\/\/onemoreup.es\/en\/wp-json\/wp\/v2\/product_cat?post=177"},{"taxonomy":"product_tag","embeddable":true,"href":"https:\/\/onemoreup.es\/en\/wp-json\/wp\/v2\/product_tag?post=177"}],"curies":[{"name":"wp","href":"https:\/\/api.w.org\/{rel}","templated":true}]}}