{"id":189,"date":"2025-07-07T08:26:23","date_gmt":"2025-07-07T08:26:23","guid":{"rendered":"https:\/\/onemoreup.es\/?post_type=product&#038;p=189"},"modified":"2025-09-25T09:35:41","modified_gmt":"2025-09-25T09:35:41","slug":"life-extension-pregnenolona-100-mg-100-capsulas","status":"publish","type":"product","link":"https:\/\/onemoreup.es\/en\/tienda\/life-extension-pregnenolona-100-mg-100-capsulas\/","title":{"rendered":"Life Extension, Pregnenolone, 100 mg, 100 capsules"},"content":{"rendered":"<pre class=\"tw-data-text tw-text-large tw-ta\" dir=\"ltr\" data-placeholder=\"Traducci\u00f3n\" data-ved=\"2ahUKEwj9h4SWqKqOAxW2QUEAHehjNS0Q3ewLegQICRAV\" aria-label=\"Translated text: Pregnenolone is a naturally occurring, highly versatile metabolic product of cholesterol, a precursor to sex hormones (estrogen, progesterone, and testosterone) and adrenal hormones (cortisol, DHEA, and aldosterone), which are involved in the stress response. Since the amount of pregnenolone produced in the body decreases with age, the physiological functions it supports also decline. This book demonstrates, based on recent scientific research, that pregnenolone has excellent effects on our psychophysical performance: it improves mood and memory, helps combat chronic fatigue and fibromyalgia, treats menopausal disorders and premenstrual syndrome, promotes skin elasticity, and is an excellent remedy for rheumatic and autoimmune diseases.\"><span class=\"Y2IQFc\" lang=\"es\">FOR HIM AND FOR HER! Give your life a natural boost! Pregnenolone is a natural, non-chemical metabolic byproduct of cholesterol, extremely versatile, and a precursor to sex hormones (estrogen, progesterone, and testosterone) and adrenal hormones (cortisol, DHEA, and aldosterone), all involved in the stress response. Since the amount of pregnenolone produced in the body decreases with age, the physiological functions it promotes also decline. Pregnenolone has excellent effects on our psychophysical performance: it improves mood and memory, helps combat chronic fatigue and fibromyalgia, treats menopausal disorders and premenstrual syndrome, promotes skin elasticity, and is an excellent remedy for rheumatic and autoimmune diseases. Contents: 100 capsules\r\n<\/span><\/pre>\n<div class=\"row item-row\">\n<div class=\"col-xs-24\">\n<h3><strong>Description<\/strong><\/h3>\n<div>\n<ul>\n<li>Gluten Free: product without gluten.<\/li>\n<li>Non-GMO LE Certified: LE certified non-GMO product.<\/li>\n<li>It promotes memory and hormonal balance.<\/li>\n<li>Dietary supplement.<\/li>\n<\/ul>\n<p>Pregnenolone is an ideal neurohormone for those looking to boost youthful hormone levels and maintain mental focus, healthy memory, and more.<\/p>\n<\/div>\n<\/div>\n<\/div>\n<div class=\"row item-row\">\n<div class=\"col-xs-24\">\n<h3><strong>Suggested use<\/strong><\/h3>\n<div class=\"prodOverviewDetail\">\n<p>Read the entire label and follow the instructions carefully before using the product. Take 1 capsule before bed.<\/p>\n<p>Take one (1) capsule per day.<\/p>\n<\/div>\n<\/div>\n<\/div>\n<div class=\"row item-row\">\n<div class=\"col-xs-24\">\n<h3><strong>Other ingredients<\/strong><\/h3>\n<div class=\"prodOverviewIngred\">\n<p>Microcrystalline cellulose, gelatin, vegetable stearate, silica.<\/p>\n<\/div>\n<\/div>\n<\/div>\n<div class=\"row item-row\">\n<div class=\"col-xs-24\">\n<h3><strong>Warnings<\/strong><\/h3>\n<div class=\"prodOverviewDetail\">\n<p>Product not suitable for persons under 18 years of age. Do not use if you are pregnant or breastfeeding. Consult a physician or other qualified and licensed healthcare professional before using this product if you have breast cancer, prostate cancer, an enlarged prostate, heart disease, low levels of &quot;good&quot; cholesterol (HDL), or if someone in your family has had any of these conditions, or if you are using any other dietary supplement or prescription or over-the-counter medication. Do not exceed the recommended serving. Exceeding the recommended serving may cause serious adverse health effects. Possible side effects include acne, hair loss, facial hair growth (in women), aggression, irritability, and increased estrogen levels. Discontinue use and contact a physician or other qualified and licensed healthcare professional immediately if you experience rapid heartbeat, dizziness, blurred vision, or other similar symptoms. Keep out of reach of children. Do not purchase if the safety seal is broken or damaged.<\/p>\n<p>Store the product tightly closed in a cool, dry place.<\/p>\n<\/div>\n<\/div>\n<\/div>\n<div class=\"row item-row\">\n<div class=\"col-xs-24\">\n<h3><strong>Disclaimer<\/strong><\/h3>\n<div id=\"disclaimer\" class=\"prodOverviewDetail\">\n<p>We recommend that you read the labels, warnings, and instructions for all products before using them and that you do not rely solely on the information provided by iHerb.<\/p>\n<\/div>\n<\/div>\n<\/div>\n<pre id=\"tw-target-text\" class=\"tw-data-text tw-text-large tw-ta\" dir=\"ltr\" data-placeholder=\"Traducci\u00f3n\" data-ved=\"2ahUKEwj9h4SWqKqOAxW2QUEAHehjNS0Q3ewLegQICRAV\" aria-label=\"Translated text: Pregnenolone is a naturally occurring, highly versatile metabolic product of cholesterol, a precursor to sex hormones (estrogen, progesterone, and testosterone) and adrenal hormones (cortisol, DHEA, and aldosterone), which are involved in the stress response. Since the amount of pregnenolone produced in the body decreases with age, the physiological functions it supports also decline. This book demonstrates, based on recent scientific research, that pregnenolone has excellent effects on our psychophysical performance: it improves mood and memory, helps combat chronic fatigue and fibromyalgia, treats menopausal disorders and premenstrual syndrome, promotes skin elasticity, and is an excellent remedy for rheumatic and autoimmune diseases.\"><span class=\"Y2IQFc\" lang=\"es\">\u00a0<\/span><\/pre>","protected":false},"excerpt":{"rendered":"<p>PARA \u00c9L Y PARA ELLA\u00a1<br \/>\nDale un buen empujon a tu vida de forma natural\u00a1<\/p>\n<p>&nbsp;<\/p>\n<p>La pregnenolona es un producto metab\u00f3lico NATURAL NO QUIMICO del colesterol,<br \/>\nextremadamente vers\u00e1til, precursor de las hormonas sexuales (estr\u00f3geno, progesterona y testosterona) y de las hormonas suprarrenales<br \/>\n(cortisol, DHEA y aldosterona), implicadas en la respuesta al estr\u00e9s. Dado que la cantidad de pregnenolona producida en el cuerpo disminuye con la edad,<br \/>\nlas funciones fisiol\u00f3gicas que promueve tambi\u00e9n disminuyen. la pregnenolona tiene excelentes efectos en nuestro rendimiento psicof\u00edsico: mejora el estado<br \/>\nde \u00e1nimo y la memoria,<br \/>\nayuda a combatir la fatiga cr\u00f3nica y la fibromialgia, trata los trastornos de la menopausia y el s\u00edndrome premenstrual,<br \/>\npromueve la elasticidad de la piel y es un excelente remedio para enfermedades reum\u00e1ticas y autoinmunes.<\/p>\n<p>Contenido: 100 capsulas<\/p>\n<p>Description<br \/>\nGluten Free: product without gluten.<br \/>\nNon-GMO LE Certified: LE certified non-GMO product.<br \/>\nIt promotes memory and hormonal balance.<br \/>\nDietary supplement.<\/p>\n<p>Pregnenolone is an ideal neurohormone for those looking to boost youthful hormone levels and maintain mental focus, healthy memory, and more.<\/p>\n<p>Suggested use<\/p>\n<p>Read the entire label and follow the instructions carefully before using the product. Take 1 capsule before bed.<\/p>\n<p>Take one (1) capsule per day.<\/p>\n<p>Other ingredients<\/p>\n<p>Microcrystalline cellulose, gelatin, vegetable stearate, silica.<\/p>\n<p>Warnings<\/p>\n<p>Product not suitable for persons under 18 years of age. Do not use if you are pregnant or breastfeeding. Consult a physician or other qualified and licensed healthcare professional before using this product if you have breast cancer, prostate cancer, an enlarged prostate, heart disease, low levels of &quot;good&quot; cholesterol (HDL), or if someone in your family has had any of these conditions, or if you are using any other dietary supplement or prescription or over-the-counter medication. Do not exceed the recommended serving. Exceeding the recommended serving may cause serious adverse health effects. Possible side effects include acne, hair loss, facial hair growth (in women), aggression, irritability, and increased estrogen levels. Discontinue use and contact a physician or other qualified and licensed healthcare professional immediately if you experience rapid heartbeat, dizziness, blurred vision, or other similar symptoms. Keep out of reach of children. Do not purchase if the safety seal is broken or damaged.<\/p>\n<p>Store the product tightly closed in a cool, dry place.<\/p>\n<p>Disclaimer<\/p>\n<p>We recommend that you read the labels, warnings, and instructions for all products before using them and that you do not rely solely on the information provided by iHerb.<\/p>","protected":false},"featured_media":190,"comment_status":"open","ping_status":"closed","template":"","meta":[],"product_brand":[],"product_cat":[18,165,166,162],"product_tag":[],"class_list":{"0":"post-189","1":"product","2":"type-product","3":"status-publish","4":"has-post-thumbnail","6":"product_cat-complementacion-alimentaria","7":"product_cat-control-maximo-rendimiento-el","8":"product_cat-control-maximo-rendimineto-ella","9":"product_cat-suplementacion-y-vitaminas","11":"first","12":"instock","13":"sale","14":"taxable","15":"shipping-taxable","16":"purchasable","17":"product-type-simple"},"aioseo_notices":[],"_links":{"self":[{"href":"https:\/\/onemoreup.es\/en\/wp-json\/wp\/v2\/product\/189","targetHints":{"allow":["GET"]}}],"collection":[{"href":"https:\/\/onemoreup.es\/en\/wp-json\/wp\/v2\/product"}],"about":[{"href":"https:\/\/onemoreup.es\/en\/wp-json\/wp\/v2\/types\/product"}],"replies":[{"embeddable":true,"href":"https:\/\/onemoreup.es\/en\/wp-json\/wp\/v2\/comments?post=189"}],"wp:featuredmedia":[{"embeddable":true,"href":"https:\/\/onemoreup.es\/en\/wp-json\/wp\/v2\/media\/190"}],"wp:attachment":[{"href":"https:\/\/onemoreup.es\/en\/wp-json\/wp\/v2\/media?parent=189"}],"wp:term":[{"taxonomy":"product_brand","embeddable":true,"href":"https:\/\/onemoreup.es\/en\/wp-json\/wp\/v2\/product_brand?post=189"},{"taxonomy":"product_cat","embeddable":true,"href":"https:\/\/onemoreup.es\/en\/wp-json\/wp\/v2\/product_cat?post=189"},{"taxonomy":"product_tag","embeddable":true,"href":"https:\/\/onemoreup.es\/en\/wp-json\/wp\/v2\/product_tag?post=189"}],"curies":[{"name":"wp","href":"https:\/\/api.w.org\/{rel}","templated":true}]}}