{"id":1915,"date":"2025-09-02T08:22:07","date_gmt":"2025-09-02T08:22:07","guid":{"rendered":"https:\/\/onemoreup.es\/?post_type=product&#038;p=1915"},"modified":"2025-09-25T08:56:06","modified_gmt":"2025-09-25T08:56:06","slug":"crema-mantequilla-de-cacahuete-fitness","status":"publish","type":"product","link":"https:\/\/onemoreup.es\/en\/tienda\/crema-mantequilla-de-cacahuete-fitness\/","title":{"rendered":"Fitness Peanut Butter Cream"},"content":{"rendered":"<p data-start=\"177\" data-end=\"238\">\ud83e\udd5c <strong data-start=\"180\" data-end=\"236\">Scitec Nutrition \u2013 Crunchy Peanut Butter 1 kg<\/strong><\/p>\n<p data-start=\"240\" data-end=\"519\">Give your day an extra boost of energy with the <strong data-start=\"281\" data-end=\"326\">Scitec Nutrition Peanut Butter<\/strong>. Made with a <strong data-start=\"345\" data-end=\"368\">100 % of peanuts<\/strong>, With no preservatives, no added sugars, and no palm oil, it&#039;s the perfect choice for those looking for <strong data-start=\"475\" data-end=\"516\">Real food and real results<\/strong>.<\/p>\n<p data-start=\"521\" data-end=\"553\">\ud83d\udcaa <strong data-start=\"524\" data-end=\"550\">One More Up Benefits<\/strong>:<\/p>\n<ul data-start=\"554\" data-end=\"982\">\n<li data-start=\"554\" data-end=\"686\">\n<p data-start=\"556\" data-end=\"686\">Natural source of <strong data-start=\"574\" data-end=\"622\">proteins, carbohydrates and healthy fats<\/strong>, ideal to enhance your training and daily nutrition.<\/p>\n<\/li>\n<li data-start=\"687\" data-end=\"795\">\n<p data-start=\"689\" data-end=\"795\">Rich in monounsaturated and polyunsaturated fats to provide <strong data-start=\"751\" data-end=\"772\">sustained energy<\/strong> throughout the day.<\/p>\n<\/li>\n<li data-start=\"796\" data-end=\"852\">\n<p data-start=\"798\" data-end=\"852\"><strong data-start=\"798\" data-end=\"813\">Low in salt<\/strong>Taking care of your health without sacrificing flavor.<\/p>\n<\/li>\n<li data-start=\"853\" data-end=\"915\">\n<p data-start=\"855\" data-end=\"915\"><strong data-start=\"855\" data-end=\"871\">1 kg format<\/strong>Performance and quality in a single package.<\/p>\n<\/li>\n<li data-start=\"916\" data-end=\"982\">\n<p data-start=\"918\" data-end=\"982\">Option <strong data-start=\"925\" data-end=\"940\">vegetarian<\/strong> Suitable for all types of lifestyles.<\/p>\n<\/li>\n<\/ul>\n<p data-start=\"984\" data-end=\"1233\">\u2728 <strong data-start=\"986\" data-end=\"1006\">How to enjoy it<\/strong>:<br data-start=\"1007\" data-end=\"1010\" \/>Perfect for spreading on toast, combining with fruit, adding to protein shakes, or simply eating by the spoonful. In its version <strong data-start=\"1141\" data-end=\"1154\">crunchy<\/strong>, You&#039;ll enjoy a delicious texture with little pieces that make all the difference.<\/p>\n<p data-start=\"1235\" data-end=\"1398\">\ud83d\udd25 <strong data-start=\"1238\" data-end=\"1264\">One More Up recommends<\/strong>Include it in your fitness nutrition plan to improve muscle recovery and keep you energized during every workout.<\/p>\n<p>\ud83d\udce6 <strong data-start=\"119\" data-end=\"139\">Delivery time<\/strong>: between <strong data-start=\"147\" data-end=\"172\">1 and 5 business days<\/strong>.<\/p>\n<p>&nbsp;<\/p>\n<p>&nbsp;<\/p>\n<p>Peanut Butter<\/p>\n<p>Palm Oil Free<\/p>\n<p>Vegan \u2013 Low in Salt<\/p>\n<p>Source of Protein<\/p>\n<p>Low Sugar<\/p>\n<p>Natural Energy Boost, 1 kg, Crunchy<\/p>","protected":false},"excerpt":{"rendered":"<p>\ud83e\udd5c Scitec Nutrition \u2013 Crema de Cacahuete Crujiente 1 kg Dale un extra de energ\u00eda a tu d\u00eda con la Mantequilla de Cacahuete Scitec Nutrition. Elaborada con un 100 % de cacahuetes, sin conservantes, sin az\u00facares a\u00f1adidos y sin aceite de palma, es la opci\u00f3n perfecta para quienes buscan alimentaci\u00f3n real y resultados reales. \ud83d\udcaa [&hellip;]<\/p>\n","protected":false},"featured_media":1916,"comment_status":"open","ping_status":"closed","template":"","meta":[],"product_brand":[],"product_cat":[18,163,158],"product_tag":[],"class_list":{"0":"post-1915","1":"product","2":"type-product","3":"status-publish","4":"has-post-thumbnail","6":"product_cat-complementacion-alimentaria","7":"product_cat-productos-dieta-fitness","8":"product_cat-proteinas","10":"first","11":"instock","12":"taxable","13":"shipping-taxable","14":"purchasable","15":"product-type-simple"},"aioseo_notices":[],"_links":{"self":[{"href":"https:\/\/onemoreup.es\/en\/wp-json\/wp\/v2\/product\/1915","targetHints":{"allow":["GET"]}}],"collection":[{"href":"https:\/\/onemoreup.es\/en\/wp-json\/wp\/v2\/product"}],"about":[{"href":"https:\/\/onemoreup.es\/en\/wp-json\/wp\/v2\/types\/product"}],"replies":[{"embeddable":true,"href":"https:\/\/onemoreup.es\/en\/wp-json\/wp\/v2\/comments?post=1915"}],"wp:featuredmedia":[{"embeddable":true,"href":"https:\/\/onemoreup.es\/en\/wp-json\/wp\/v2\/media\/1916"}],"wp:attachment":[{"href":"https:\/\/onemoreup.es\/en\/wp-json\/wp\/v2\/media?parent=1915"}],"wp:term":[{"taxonomy":"product_brand","embeddable":true,"href":"https:\/\/onemoreup.es\/en\/wp-json\/wp\/v2\/product_brand?post=1915"},{"taxonomy":"product_cat","embeddable":true,"href":"https:\/\/onemoreup.es\/en\/wp-json\/wp\/v2\/product_cat?post=1915"},{"taxonomy":"product_tag","embeddable":true,"href":"https:\/\/onemoreup.es\/en\/wp-json\/wp\/v2\/product_tag?post=1915"}],"curies":[{"name":"wp","href":"https:\/\/api.w.org\/{rel}","templated":true}]}}