{"id":1974,"date":"2025-09-03T10:37:12","date_gmt":"2025-09-03T10:37:12","guid":{"rendered":"https:\/\/onemoreup.es\/?post_type=product&#038;p=1974"},"modified":"2025-09-05T06:19:18","modified_gmt":"2025-09-05T06:19:18","slug":"nike-air-max-alpha-trainer-6-sneaker-hombre","status":"publish","type":"product","link":"https:\/\/onemoreup.es\/en\/tienda\/nike-air-max-alpha-trainer-6-sneaker-hombre\/","title":{"rendered":"NIKE Air Max Alpha Trainer 6, Men&#039;s Sneaker"},"content":{"rendered":"<h3 data-start=\"90\" data-end=\"151\">Nike Air Max Alpha Trainer 6 \u2013 Men&#039;s Sneaker<\/h3>\n<p data-start=\"153\" data-end=\"277\">\u2b50 <strong data-start=\"155\" data-end=\"173\">Top Brand NIKE<\/strong><\/p>\n<h4 data-start=\"279\" data-end=\"311\"><strong data-start=\"284\" data-end=\"309\">Product details<\/strong><\/h4>\n<ul data-start=\"312\" data-end=\"451\">\n<li data-start=\"312\" data-end=\"348\">\n<p data-start=\"314\" data-end=\"348\"><strong data-start=\"314\" data-end=\"339\">Sole material:<\/strong> Rubber<\/p>\n<\/li>\n<li data-start=\"349\" data-end=\"383\">\n<p data-start=\"351\" data-end=\"383\"><strong data-start=\"351\" data-end=\"369\">Axle height:<\/strong> Ankle Strap<\/p>\n<\/li>\n<li data-start=\"384\" data-end=\"420\">\n<p data-start=\"386\" data-end=\"420\"><strong data-start=\"386\" data-end=\"408\">Outer material:<\/strong> Synthetic<\/p>\n<\/li>\n<li data-start=\"421\" data-end=\"451\">\n<p data-start=\"423\" data-end=\"451\"><strong data-start=\"423\" data-end=\"444\">Internal material:<\/strong> Canvas<\/p>\n<\/li>\n<\/ul>\n<h4 data-start=\"453\" data-end=\"487\"><strong data-start=\"458\" data-end=\"485\">About this article<\/strong><\/h4>\n<ul data-start=\"488\" data-end=\"1037\">\n<li data-start=\"488\" data-end=\"602\">\n<p data-start=\"490\" data-end=\"602\"><strong data-start=\"490\" data-end=\"525\">Light and dynamic damping<\/strong>: designed to absorb impact and provide comfort with every movement.<\/p>\n<\/li>\n<li data-start=\"603\" data-end=\"719\">\n<p data-start=\"605\" data-end=\"719\"><strong data-start=\"605\" data-end=\"654\">Lightweight, breathable mesh upper<\/strong>It keeps your feet cool even during intense workouts.<\/p>\n<\/li>\n<li data-start=\"720\" data-end=\"822\">\n<p data-start=\"722\" data-end=\"822\"><strong data-start=\"722\" data-end=\"757\">Leather reinforcements in the forefoot<\/strong>: greater resistance and durability in the areas of greatest wear.<\/p>\n<\/li>\n<li data-start=\"823\" data-end=\"920\">\n<p data-start=\"825\" data-end=\"920\"><strong data-start=\"825\" data-end=\"859\">Non-slip rubber sole<\/strong>: firm and secure traction for all types of training.<\/p>\n<\/li>\n<li data-start=\"921\" data-end=\"1037\">\n<p data-start=\"923\" data-end=\"1037\"><strong data-start=\"923\" data-end=\"982\">Sporty design with ankle strap<\/strong>: comfortable and stable fit that provides extra security.<\/p>\n<\/li>\n<\/ul>\n<p data-start=\"1039\" data-end=\"1089\">\ud83d\udce6 <strong data-start=\"1042\" data-end=\"1063\">Delivery time:<\/strong> 1 to 10 business days.<\/p>","protected":false},"excerpt":{"rendered":"<p>Nike Air Max Alpha Trainer 6 \u2013 Sneaker Hombre \u2b50 Top Brand NIKE Detalles del producto Material de la suela: Caucho Altura de eje: Ankle Strap Material exterior: Synthetic Material interno: Lona Acerca de este art\u00edculo Amortiguaci\u00f3n ligera y din\u00e1mica: dise\u00f1ada para absorber el impacto y aportar comodidad en cada movimiento. Parte superior de malla [&hellip;]<\/p>\n","protected":false},"featured_media":1981,"comment_status":"open","ping_status":"closed","template":"","meta":[],"product_brand":[],"product_cat":[20],"product_tag":[],"class_list":{"0":"post-1974","1":"product","2":"type-product","3":"status-publish","4":"has-post-thumbnail","6":"product_cat-calzado-deportivo","8":"first","9":"instock","10":"taxable","11":"shipping-taxable","12":"purchasable","13":"product-type-variable"},"aioseo_notices":[],"_links":{"self":[{"href":"https:\/\/onemoreup.es\/en\/wp-json\/wp\/v2\/product\/1974","targetHints":{"allow":["GET"]}}],"collection":[{"href":"https:\/\/onemoreup.es\/en\/wp-json\/wp\/v2\/product"}],"about":[{"href":"https:\/\/onemoreup.es\/en\/wp-json\/wp\/v2\/types\/product"}],"replies":[{"embeddable":true,"href":"https:\/\/onemoreup.es\/en\/wp-json\/wp\/v2\/comments?post=1974"}],"wp:featuredmedia":[{"embeddable":true,"href":"https:\/\/onemoreup.es\/en\/wp-json\/wp\/v2\/media\/1981"}],"wp:attachment":[{"href":"https:\/\/onemoreup.es\/en\/wp-json\/wp\/v2\/media?parent=1974"}],"wp:term":[{"taxonomy":"product_brand","embeddable":true,"href":"https:\/\/onemoreup.es\/en\/wp-json\/wp\/v2\/product_brand?post=1974"},{"taxonomy":"product_cat","embeddable":true,"href":"https:\/\/onemoreup.es\/en\/wp-json\/wp\/v2\/product_cat?post=1974"},{"taxonomy":"product_tag","embeddable":true,"href":"https:\/\/onemoreup.es\/en\/wp-json\/wp\/v2\/product_tag?post=1974"}],"curies":[{"name":"wp","href":"https:\/\/api.w.org\/{rel}","templated":true}]}}