{"id":2001,"date":"2025-09-03T10:53:18","date_gmt":"2025-09-03T10:53:18","guid":{"rendered":"https:\/\/onemoreup.es\/?post_type=product&#038;p=2001"},"modified":"2025-09-05T06:19:17","modified_gmt":"2025-09-05T06:19:17","slug":"nike-savaleos-zapatillas-de-entrenamiento-hombre","status":"publish","type":"product","link":"https:\/\/onemoreup.es\/en\/tienda\/nike-savaleos-zapatillas-de-entrenamiento-hombre\/","title":{"rendered":"Nike Savaleos Men&#039;s Training Shoes"},"content":{"rendered":"<h3 data-start=\"151\" data-end=\"202\"><strong data-start=\"155\" data-end=\"200\">Nike \u2013 Men&#039;s Training Shoes<\/strong><\/h3>\n<h4 data-start=\"204\" data-end=\"245\"><strong data-start=\"209\" data-end=\"243\">Product technical details<\/strong><\/h4>\n<ul data-start=\"246\" data-end=\"855\">\n<li data-start=\"246\" data-end=\"307\">\n<p data-start=\"248\" data-end=\"307\"><strong data-start=\"248\" data-end=\"258\">Brand:<\/strong> Nike (World&#039;s top brand in sports footwear).<\/p>\n<\/li>\n<li data-start=\"308\" data-end=\"432\">\n<p data-start=\"310\" data-end=\"432\"><strong data-start=\"310\" data-end=\"335\">Sole material:<\/strong> High-strength rubber, designed to offer <strong data-start=\"386\" data-end=\"415\">Multidirectional traction<\/strong> and durability.<\/p>\n<\/li>\n<li data-start=\"433\" data-end=\"556\">\n<p data-start=\"435\" data-end=\"556\"><strong data-start=\"435\" data-end=\"457\">Outer material:<\/strong> Lightweight synthetic material, with strategic reinforcements to provide <strong data-start=\"516\" data-end=\"553\">support and wear resistance<\/strong>.<\/p>\n<\/li>\n<li data-start=\"557\" data-end=\"674\">\n<p data-start=\"559\" data-end=\"674\"><strong data-start=\"559\" data-end=\"580\">Internal material:<\/strong> Technical textiles that promote <strong data-start=\"612\" data-end=\"639\">perspiration and comfort<\/strong> during intense training.<\/p>\n<\/li>\n<li data-start=\"675\" data-end=\"774\">\n<p data-start=\"677\" data-end=\"774\"><strong data-start=\"677\" data-end=\"695\">Axle height:<\/strong> Ankle Strap \u2013 firm support at ankle height for greater stability.<\/p>\n<\/li>\n<li data-start=\"775\" data-end=\"855\">\n<p data-start=\"777\" data-end=\"855\"><strong data-start=\"777\" data-end=\"796\">Closure type:<\/strong> Laces, which allow for a secure and personalized fit.<\/p>\n<\/li>\n<\/ul>\n<h4 data-start=\"857\" data-end=\"891\"><strong data-start=\"862\" data-end=\"889\">About this product<\/strong><\/h4>\n<ul data-start=\"892\" data-end=\"1355\">\n<li data-start=\"892\" data-end=\"1016\">\n<p data-start=\"894\" data-end=\"1016\"><strong data-start=\"894\" data-end=\"935\">Stability in strength movements:<\/strong> Its flat heel design provides a firm base for weightlifting.<\/p>\n<\/li>\n<li data-start=\"1017\" data-end=\"1147\">\n<p data-start=\"1019\" data-end=\"1147\"><strong data-start=\"1019\" data-end=\"1058\">Flexibility at the front:<\/strong> It promotes natural foot mobility in agility exercises, sprints, or plyometrics.<\/p>\n<\/li>\n<li data-start=\"1148\" data-end=\"1264\">\n<p data-start=\"1150\" data-end=\"1264\"><strong data-start=\"1150\" data-end=\"1180\">Balanced damping:<\/strong> It protects joints from impact, without losing the feeling of stability.<\/p>\n<\/li>\n<li data-start=\"1265\" data-end=\"1355\">\n<p data-start=\"1267\" data-end=\"1355\"><strong data-start=\"1267\" data-end=\"1287\">Recommended use:<\/strong> functional training, CrossFit, strength and cardio routines.<\/p>\n<\/li>\n<\/ul>\n<p data-start=\"1357\" data-end=\"1407\">\ud83d\udce6 <strong data-start=\"1360\" data-end=\"1381\">Delivery time:<\/strong> 1 to 10 business days.<\/p>","protected":false},"excerpt":{"rendered":"<p>Nike \u2013 Zapatillas de Entrenamiento Hombre Detalles t\u00e9cnicos del producto Marca: Nike (Top Brand mundial en calzado deportivo). Material de la suela: Caucho de alta resistencia, dise\u00f1ado para ofrecer tracci\u00f3n multidireccional y durabilidad. Material exterior: Sint\u00e9tico ligero, con refuerzos estrat\u00e9gicos para aportar soporte y resistencia al desgaste. Material interno: Textil t\u00e9cnico que favorece la transpiraci\u00f3n [&hellip;]<\/p>\n","protected":false},"featured_media":2017,"comment_status":"open","ping_status":"closed","template":"","meta":[],"product_brand":[],"product_cat":[20],"product_tag":[],"class_list":{"0":"post-2001","1":"product","2":"type-product","3":"status-publish","4":"has-post-thumbnail","6":"product_cat-calzado-deportivo","8":"first","9":"instock","10":"taxable","11":"shipping-taxable","12":"purchasable","13":"product-type-variable"},"aioseo_notices":[],"_links":{"self":[{"href":"https:\/\/onemoreup.es\/en\/wp-json\/wp\/v2\/product\/2001","targetHints":{"allow":["GET"]}}],"collection":[{"href":"https:\/\/onemoreup.es\/en\/wp-json\/wp\/v2\/product"}],"about":[{"href":"https:\/\/onemoreup.es\/en\/wp-json\/wp\/v2\/types\/product"}],"replies":[{"embeddable":true,"href":"https:\/\/onemoreup.es\/en\/wp-json\/wp\/v2\/comments?post=2001"}],"wp:featuredmedia":[{"embeddable":true,"href":"https:\/\/onemoreup.es\/en\/wp-json\/wp\/v2\/media\/2017"}],"wp:attachment":[{"href":"https:\/\/onemoreup.es\/en\/wp-json\/wp\/v2\/media?parent=2001"}],"wp:term":[{"taxonomy":"product_brand","embeddable":true,"href":"https:\/\/onemoreup.es\/en\/wp-json\/wp\/v2\/product_brand?post=2001"},{"taxonomy":"product_cat","embeddable":true,"href":"https:\/\/onemoreup.es\/en\/wp-json\/wp\/v2\/product_cat?post=2001"},{"taxonomy":"product_tag","embeddable":true,"href":"https:\/\/onemoreup.es\/en\/wp-json\/wp\/v2\/product_tag?post=2001"}],"curies":[{"name":"wp","href":"https:\/\/api.w.org\/{rel}","templated":true}]}}