{"id":2023,"date":"2025-09-03T11:02:42","date_gmt":"2025-09-03T11:02:42","guid":{"rendered":"https:\/\/onemoreup.es\/?post_type=product&#038;p=2023"},"modified":"2025-09-08T08:33:35","modified_gmt":"2025-09-08T08:33:35","slug":"adidas-dropset-base-training-shoes-hombre","status":"publish","type":"product","link":"https:\/\/onemoreup.es\/en\/tienda\/adidas-dropset-base-training-shoes-hombre\/","title":{"rendered":"Adidas Dropset Base Training Shoes \u2013 Men"},"content":{"rendered":"<h3 data-start=\"123\" data-end=\"176\"><strong data-start=\"127\" data-end=\"174\">Adidas Dropset Base Training Shoes \u2013 Men<\/strong><\/h3>\n<p data-start=\"178\" data-end=\"319\">\u2b50 <strong data-start=\"180\" data-end=\"200\">Top Brand adidas<\/strong><br data-start=\"200\" data-end=\"203\" \/>\u2714 Thousands of positive reviews on training shoes<br data-start=\"264\" data-end=\"267\" \/>\u2714 Designed specifically for gym and strength training<\/p>\n<h4 data-start=\"321\" data-end=\"353\"><strong data-start=\"326\" data-end=\"351\">Product details<\/strong><\/h4>\n<ul data-start=\"354\" data-end=\"586\">\n<li data-start=\"354\" data-end=\"421\">\n<p data-start=\"356\" data-end=\"421\"><strong data-start=\"356\" data-end=\"381\">Sole material:<\/strong> Durable rubber with great traction.<\/p>\n<\/li>\n<li data-start=\"422\" data-end=\"466\">\n<p data-start=\"424\" data-end=\"466\"><strong data-start=\"424\" data-end=\"442\">Axle height:<\/strong> Ankle (lower ankle).<\/p>\n<\/li>\n<li data-start=\"467\" data-end=\"518\">\n<p data-start=\"469\" data-end=\"518\"><strong data-start=\"469\" data-end=\"491\">Outer material:<\/strong> Rubber + technical textile.<\/p>\n<\/li>\n<li data-start=\"519\" data-end=\"586\">\n<p data-start=\"521\" data-end=\"586\"><strong data-start=\"521\" data-end=\"542\">Internal material:<\/strong> Synthetic for a comfortable, lightweight fit.<\/p>\n<\/li>\n<\/ul>\n<h4 data-start=\"588\" data-end=\"622\"><strong data-start=\"593\" data-end=\"620\">About this article<\/strong><\/h4>\n<ul data-start=\"623\" data-end=\"1114\">\n<li data-start=\"623\" data-end=\"691\">\n<p data-start=\"625\" data-end=\"691\"><strong data-start=\"625\" data-end=\"643\">Classic last:<\/strong> A natural and secure fit for greater comfort.<\/p>\n<\/li>\n<li data-start=\"692\" data-end=\"793\">\n<p data-start=\"694\" data-end=\"793\"><strong data-start=\"694\" data-end=\"726\">Breathable textile upper:<\/strong> It promotes foot ventilation during intense training.<\/p>\n<\/li>\n<li data-start=\"794\" data-end=\"864\">\n<p data-start=\"796\" data-end=\"864\"><strong data-start=\"796\" data-end=\"819\">Soft textile lining:<\/strong> It provides comfort even during long sessions.<\/p>\n<\/li>\n<li data-start=\"865\" data-end=\"978\">\n<p data-start=\"867\" data-end=\"978\"><strong data-start=\"867\" data-end=\"892\">REPETITOR midsole:<\/strong> damping technology that combines stability and responsiveness in every movement.<\/p>\n<\/li>\n<li data-start=\"979\" data-end=\"1114\">\n<p data-start=\"981\" data-end=\"1114\"><strong data-start=\"981\" data-end=\"1007\">Robust rubber sole:<\/strong> Designed to offer grip and support in strength exercises, free weights and functional training.<\/p>\n<\/li>\n<\/ul>\n<p data-start=\"1116\" data-end=\"1166\">\ud83d\udce6 <strong data-start=\"1119\" data-end=\"1140\">Delivery time:<\/strong> 1 to 10 business days.<\/p>","protected":false},"excerpt":{"rendered":"<p>Adidas Dropset Base Training Shoes \u2013 Hombre \u2b50 Top Brand adidas\u2714 Miles de valoraciones positivas en calzado de entrenamiento\u2714 Dise\u00f1adas espec\u00edficamente para gimnasio y fuerza Detalles del producto Material de la suela: Caucho resistente, con gran tracci\u00f3n. Altura de eje: Ankle (tobillo bajo). Material exterior: Caucho + textil t\u00e9cnico. Material interno: Sint\u00e9tico para un ajuste [&hellip;]<\/p>\n","protected":false},"featured_media":2050,"comment_status":"open","ping_status":"closed","template":"","meta":[],"product_brand":[],"product_cat":[20],"product_tag":[],"class_list":{"0":"post-2023","1":"product","2":"type-product","3":"status-publish","4":"has-post-thumbnail","6":"product_cat-calzado-deportivo","8":"first","9":"instock","10":"taxable","11":"shipping-taxable","12":"purchasable","13":"product-type-variable"},"aioseo_notices":[],"_links":{"self":[{"href":"https:\/\/onemoreup.es\/en\/wp-json\/wp\/v2\/product\/2023","targetHints":{"allow":["GET"]}}],"collection":[{"href":"https:\/\/onemoreup.es\/en\/wp-json\/wp\/v2\/product"}],"about":[{"href":"https:\/\/onemoreup.es\/en\/wp-json\/wp\/v2\/types\/product"}],"replies":[{"embeddable":true,"href":"https:\/\/onemoreup.es\/en\/wp-json\/wp\/v2\/comments?post=2023"}],"wp:featuredmedia":[{"embeddable":true,"href":"https:\/\/onemoreup.es\/en\/wp-json\/wp\/v2\/media\/2050"}],"wp:attachment":[{"href":"https:\/\/onemoreup.es\/en\/wp-json\/wp\/v2\/media?parent=2023"}],"wp:term":[{"taxonomy":"product_brand","embeddable":true,"href":"https:\/\/onemoreup.es\/en\/wp-json\/wp\/v2\/product_brand?post=2023"},{"taxonomy":"product_cat","embeddable":true,"href":"https:\/\/onemoreup.es\/en\/wp-json\/wp\/v2\/product_cat?post=2023"},{"taxonomy":"product_tag","embeddable":true,"href":"https:\/\/onemoreup.es\/en\/wp-json\/wp\/v2\/product_tag?post=2023"}],"curies":[{"name":"wp","href":"https:\/\/api.w.org\/{rel}","templated":true}]}}