{"id":2071,"date":"2025-09-03T11:40:48","date_gmt":"2025-09-03T11:40:48","guid":{"rendered":"https:\/\/onemoreup.es\/?post_type=product&#038;p=2071"},"modified":"2025-09-03T12:00:08","modified_gmt":"2025-09-03T12:00:08","slug":"pantalon-corto-entrenamiento-nike","status":"publish","type":"product","link":"https:\/\/onemoreup.es\/en\/tienda\/pantalon-corto-entrenamiento-nike\/","title":{"rendered":"NIKE training shorts"},"content":{"rendered":"<p>NIKE training shorts<\/p>\n<h3 data-start=\"105\" data-end=\"153\"><strong data-start=\"109\" data-end=\"151\">Nike \u2013 Men&#039;s Athletic Shorts<\/strong><\/h3>\n<p data-start=\"155\" data-end=\"279\">\u2b50 <strong data-start=\"157\" data-end=\"175\">Top Brand NIKE<\/strong><br data-start=\"175\" data-end=\"178\" \/>\u2714 92% positive reviews from over 10,000 customers<br data-start=\"232\" data-end=\"235\" \/>\u2714 100,000+ recent orders from this brand<\/p>\n<h4 data-start=\"281\" data-end=\"313\"><strong data-start=\"286\" data-end=\"311\">Product details<\/strong><\/h4>\n<ul data-start=\"314\" data-end=\"491\">\n<li data-start=\"314\" data-end=\"362\">\n<p data-start=\"316\" data-end=\"362\"><strong data-start=\"316\" data-end=\"345\">Material composition:<\/strong> 100% Polyester<\/p>\n<\/li>\n<li data-start=\"363\" data-end=\"412\">\n<p data-start=\"365\" data-end=\"412\"><strong data-start=\"365\" data-end=\"394\">Care instructions:<\/strong> Machine wash<\/p>\n<\/li>\n<li data-start=\"413\" data-end=\"453\">\n<p data-start=\"415\" data-end=\"453\"><strong data-start=\"415\" data-end=\"434\">Closure type:<\/strong> Adjustable cord<\/p>\n<\/li>\n<li data-start=\"454\" data-end=\"491\">\n<p data-start=\"456\" data-end=\"491\"><strong data-start=\"456\" data-end=\"478\">Waist style:<\/strong> Mid-rise<\/p>\n<\/li>\n<\/ul>\n<h4 data-start=\"493\" data-end=\"527\"><strong data-start=\"498\" data-end=\"525\">About this article<\/strong><\/h4>\n<ul data-start=\"528\" data-end=\"865\">\n<li data-start=\"528\" data-end=\"610\">\n<p data-start=\"530\" data-end=\"610\"><strong data-start=\"530\" data-end=\"557\">Lightweight and comfortable design:<\/strong> designed for intense training and daily use.<\/p>\n<\/li>\n<li data-start=\"611\" data-end=\"693\">\n<p data-start=\"613\" data-end=\"693\"><strong data-start=\"613\" data-end=\"645\">Soft and breathable fabric:<\/strong> It offers freshness and comfort in every movement.<\/p>\n<\/li>\n<li data-start=\"694\" data-end=\"773\">\n<p data-start=\"696\" data-end=\"773\"><strong data-start=\"696\" data-end=\"716\">Sport cut:<\/strong> It promotes freedom of movement without restrictions.<\/p>\n<\/li>\n<li data-start=\"774\" data-end=\"865\">\n<p data-start=\"776\" data-end=\"865\"><strong data-start=\"776\" data-end=\"809\">Adjustable waist with drawstring:<\/strong> Perfect fit to the body, safety and comfort.<\/p>\n<\/li>\n<\/ul>\n<p data-start=\"867\" data-end=\"917\">\ud83d\udce6 <strong data-start=\"870\" data-end=\"891\">Delivery time:<\/strong> 1 to 7 business days.<\/p>\n<p>&nbsp;<\/p>","protected":false},"excerpt":{"rendered":"<p>Pantal\u00f3n corto entrenamiento NIKE Nike \u2013 Pantal\u00f3n Corto Deportivo Hombre \u2b50 Top Brand NIKE\u2714 92% valoraciones positivas de m\u00e1s de 10.000 clientes\u2714 100.000+ pedidos recientes de esta marca Detalles del producto Composici\u00f3n del material: 100% Poli\u00e9ster Instrucciones de cuidado: Lavar a m\u00e1quina Tipo de cierre: Cord\u00f3n ajustable Estilo de cintura: Tiro medio Acerca de este [&hellip;]<\/p>\n","protected":false},"featured_media":2075,"comment_status":"open","ping_status":"closed","template":"","meta":[],"product_brand":[],"product_cat":[27],"product_tag":[],"class_list":{"0":"post-2071","1":"product","2":"type-product","3":"status-publish","4":"has-post-thumbnail","6":"product_cat-ropa-deportiva-el","8":"first","9":"instock","10":"taxable","11":"shipping-taxable","12":"purchasable","13":"product-type-variable"},"aioseo_notices":[],"_links":{"self":[{"href":"https:\/\/onemoreup.es\/en\/wp-json\/wp\/v2\/product\/2071","targetHints":{"allow":["GET"]}}],"collection":[{"href":"https:\/\/onemoreup.es\/en\/wp-json\/wp\/v2\/product"}],"about":[{"href":"https:\/\/onemoreup.es\/en\/wp-json\/wp\/v2\/types\/product"}],"replies":[{"embeddable":true,"href":"https:\/\/onemoreup.es\/en\/wp-json\/wp\/v2\/comments?post=2071"}],"wp:featuredmedia":[{"embeddable":true,"href":"https:\/\/onemoreup.es\/en\/wp-json\/wp\/v2\/media\/2075"}],"wp:attachment":[{"href":"https:\/\/onemoreup.es\/en\/wp-json\/wp\/v2\/media?parent=2071"}],"wp:term":[{"taxonomy":"product_brand","embeddable":true,"href":"https:\/\/onemoreup.es\/en\/wp-json\/wp\/v2\/product_brand?post=2071"},{"taxonomy":"product_cat","embeddable":true,"href":"https:\/\/onemoreup.es\/en\/wp-json\/wp\/v2\/product_cat?post=2071"},{"taxonomy":"product_tag","embeddable":true,"href":"https:\/\/onemoreup.es\/en\/wp-json\/wp\/v2\/product_tag?post=2071"}],"curies":[{"name":"wp","href":"https:\/\/api.w.org\/{rel}","templated":true}]}}