{"id":2119,"date":"2025-09-05T09:20:15","date_gmt":"2025-09-05T09:20:15","guid":{"rendered":"https:\/\/onemoreup.es\/?post_type=product&#038;p=2119"},"modified":"2025-09-30T08:53:28","modified_gmt":"2025-09-30T08:53:28","slug":"magnesio-complex-puro-con-citrato-bisglicinato","status":"publish","type":"product","link":"https:\/\/onemoreup.es\/en\/tienda\/magnesio-complex-puro-con-citrato-bisglicinato\/","title":{"rendered":"Magnesium Complex"},"content":{"rendered":"<p data-start=\"639\" data-end=\"717\"><strong data-start=\"639\" data-end=\"715\">Pure Magnesium Complex with Citrate + Bisglycinate + Oxide | Venice Nature<\/strong><\/p>\n<p data-start=\"719\" data-end=\"886\">Magnesium supplement in vegetable capsules. Formula with three types of magnesium (citrate, bisglycinate and oxide) that provide a balanced and versatile combination.<\/p>\n<p data-start=\"888\" data-end=\"1147\">\u2714\ufe0f Triple source of magnesium: citrate, bisglycinate and oxide.<br data-start=\"948\" data-end=\"951\" \/>\u2714\ufe0f 400 mg of elemental magnesium per day (106% NRV).<br data-start=\"1001\" data-end=\"1004\" \/>\u2714\ufe0f Vegetable capsules, easy to take.<br data-start=\"1044\" data-end=\"1047\" \/>\u2714\ufe0f Suitable for vegans, gluten and lactose free.<br data-start=\"1091\" data-end=\"1094\" \/>\u2714\ufe0f Practical format: 120 capsules = 2 months of use.<\/p>\n<p data-start=\"1149\" data-end=\"1252\"><strong data-start=\"1149\" data-end=\"1176\">Recommended usage<\/strong><br data-start=\"1176\" data-end=\"1179\" \/>Take the indicated dose with water, preferably with a meal.<\/p>\n<p data-start=\"1254\" data-end=\"1357\"><strong data-start=\"1254\" data-end=\"1270\">Ingredients<\/strong><br data-start=\"1270\" data-end=\"1273\" \/>Magnesium citrate, magnesium bisglycinate, magnesium oxide, vegetable capsule.<\/p>\n<p data-start=\"1423\" data-end=\"1553\">\ud83d\udce6 <strong data-start=\"1426\" data-end=\"1450\">Fast shipping with MRW<\/strong><br data-start=\"1450\" data-end=\"1453\" \/>Receive it in <strong data-start=\"1465\" data-end=\"1490\">1 to 5 business days<\/strong> Delivered directly to your home with all the One More Up guarantees.<\/p>\n<p data-start=\"1423\" data-end=\"1553\">","protected":false},"excerpt":{"rendered":"<p>Magnesio Complex Puro con Citrato + Bisglicinato + \u00d3xido | Venice Nature Complemento de magnesio en c\u00e1psulas vegetales. F\u00f3rmula con tres tipos de magnesio (citrato, bisglicinato y \u00f3xido) que aportan una combinaci\u00f3n equilibrada y vers\u00e1til. \u2714\ufe0f Triple fuente de magnesio: citrato, bisglicinato y \u00f3xido.\u2714\ufe0f 400 mg de magnesio elemental al d\u00eda (106% VRN).\u2714\ufe0f C\u00e1psulas vegetales, [&hellip;]<\/p>\n","protected":false},"featured_media":2120,"comment_status":"open","ping_status":"closed","template":"","meta":[],"product_brand":[],"product_cat":[18,162],"product_tag":[],"class_list":{"0":"post-2119","1":"product","2":"type-product","3":"status-publish","4":"has-post-thumbnail","6":"product_cat-complementacion-alimentaria","7":"product_cat-suplementacion-y-vitaminas","9":"first","10":"instock","11":"taxable","12":"shipping-taxable","13":"purchasable","14":"product-type-simple"},"aioseo_notices":[],"_links":{"self":[{"href":"https:\/\/onemoreup.es\/en\/wp-json\/wp\/v2\/product\/2119","targetHints":{"allow":["GET"]}}],"collection":[{"href":"https:\/\/onemoreup.es\/en\/wp-json\/wp\/v2\/product"}],"about":[{"href":"https:\/\/onemoreup.es\/en\/wp-json\/wp\/v2\/types\/product"}],"replies":[{"embeddable":true,"href":"https:\/\/onemoreup.es\/en\/wp-json\/wp\/v2\/comments?post=2119"}],"wp:featuredmedia":[{"embeddable":true,"href":"https:\/\/onemoreup.es\/en\/wp-json\/wp\/v2\/media\/2120"}],"wp:attachment":[{"href":"https:\/\/onemoreup.es\/en\/wp-json\/wp\/v2\/media?parent=2119"}],"wp:term":[{"taxonomy":"product_brand","embeddable":true,"href":"https:\/\/onemoreup.es\/en\/wp-json\/wp\/v2\/product_brand?post=2119"},{"taxonomy":"product_cat","embeddable":true,"href":"https:\/\/onemoreup.es\/en\/wp-json\/wp\/v2\/product_cat?post=2119"},{"taxonomy":"product_tag","embeddable":true,"href":"https:\/\/onemoreup.es\/en\/wp-json\/wp\/v2\/product_tag?post=2119"}],"curies":[{"name":"wp","href":"https:\/\/api.w.org\/{rel}","templated":true}]}}