{"id":2137,"date":"2025-09-08T06:51:00","date_gmt":"2025-09-08T06:51:00","guid":{"rendered":"https:\/\/onemoreup.es\/?post_type=product&#038;p=2137"},"modified":"2025-09-25T08:28:38","modified_gmt":"2025-09-25T08:28:38","slug":"colageno-marino-hidrolizado-100-puro-1200-mg","status":"publish","type":"product","link":"https:\/\/onemoreup.es\/en\/tienda\/colageno-marino-hidrolizado-100-puro-1200-mg\/","title":{"rendered":"Hydrolyzed Marine Collagen 100% Pure 1200 mg"},"content":{"rendered":"<p>Hydrolyzed Marine Collagen 100% Pure 1200 mg<\/p>\n<p>120 Capsules of Hydrolyzed Fish Collagen Peptides Type I and III<\/p>\n<p>2 Month Supply<\/p>\n<h3 data-start=\"91\" data-end=\"155\">Concentrated Pure Hydrolyzed Marine Collagen \u2013 WeightWorld<\/h3>\n<p data-start=\"157\" data-end=\"434\">Discover the power of <strong data-start=\"179\" data-end=\"190\">Titanage<\/strong>, a pure 100% marine collagen peptide formula (type I and III). Each bottle contains <strong data-start=\"278\" data-end=\"294\">120 capsules<\/strong> Made with high concentration hydrolyzed collagen, designed for those who seek to take care of their well-being from within and reflect it on the outside.<\/p>\n<p data-start=\"436\" data-end=\"787\">Collagen is the most abundant protein in the body, key to the firmness of skin, bones, and muscle mass. Over time, its natural levels decrease, and this is where supplementation becomes important.<br data-start=\"666\" data-end=\"669\" \/>\u2714 <strong data-start=\"671\" data-end=\"726\">It contributes to the maintenance of normal bones<\/strong> (EFSA).<br data-start=\"734\" data-end=\"737\" \/>\u2714 <strong data-start=\"739\" data-end=\"777\">It helps to preserve muscle mass.<\/strong> (EFSA).<\/p>\n<p data-start=\"789\" data-end=\"1048\">Because it&#039;s hydrolyzed, this collagen breaks down into easily absorbed peptides, reaching the tissues where it&#039;s needed more effectively. A simple, practical, and discreet ritual that works silently to support vitality and natural beauty.<\/p>\n<p data-start=\"1050\" data-end=\"1298\">\ud83c\udf31 <strong data-start=\"1053\" data-end=\"1071\">Natural and pure<\/strong>: no additives, no GMOs, gluten-free and lactose-free.<br data-start=\"1121\" data-end=\"1124\" \/>\ud83c\udf0a <strong data-start=\"1127\" data-end=\"1144\">Marine origin<\/strong>: responsibly sourced to provide a superior quality supplement.<br data-start=\"1224\" data-end=\"1227\" \/>\u231b <strong data-start=\"1229\" data-end=\"1247\">2 months of use<\/strong>: a complete jar to accompany your daily routine.<\/p>\n<p data-start=\"1300\" data-end=\"1495\">With over 18 years of experience, <strong data-start=\"1335\" data-end=\"1350\">WeightWorld<\/strong> It remains true to its philosophy: to offer reliable products that combine innovation, quality and well-being, always with attention to detail.<\/p>\n<p data-start=\"1497\" data-end=\"1547\">\ud83d\udce6 <strong data-start=\"1500\" data-end=\"1545\">Delivery with MRW in 1 to 5 business days.<\/strong><\/p>","protected":false},"excerpt":{"rendered":"<p>Col\u00e1geno Marino Hidrolizado 100% Puro 1200 mg 120 C\u00e1psulas de P\u00e9ptidos de Col\u00e1geno de Pescado Hidrolizado Tipo I y III Suministro para 2 Meses Col\u00e1geno Hidrolizado Marino Puro Concentrado \u2013 WeightWorld Descubre el poder del Titagen, una f\u00f3rmula de p\u00e9ptidos de col\u00e1geno marino tipo I y III 100% pura. Cada bote contiene 120 c\u00e1psulas de [&hellip;]<\/p>\n","protected":false},"featured_media":2138,"comment_status":"open","ping_status":"closed","template":"","meta":[],"product_brand":[],"product_cat":[18,162],"product_tag":[],"class_list":{"0":"post-2137","1":"product","2":"type-product","3":"status-publish","4":"has-post-thumbnail","6":"product_cat-complementacion-alimentaria","7":"product_cat-suplementacion-y-vitaminas","9":"first","10":"instock","11":"taxable","12":"shipping-taxable","13":"purchasable","14":"product-type-simple"},"aioseo_notices":[],"_links":{"self":[{"href":"https:\/\/onemoreup.es\/en\/wp-json\/wp\/v2\/product\/2137","targetHints":{"allow":["GET"]}}],"collection":[{"href":"https:\/\/onemoreup.es\/en\/wp-json\/wp\/v2\/product"}],"about":[{"href":"https:\/\/onemoreup.es\/en\/wp-json\/wp\/v2\/types\/product"}],"replies":[{"embeddable":true,"href":"https:\/\/onemoreup.es\/en\/wp-json\/wp\/v2\/comments?post=2137"}],"wp:featuredmedia":[{"embeddable":true,"href":"https:\/\/onemoreup.es\/en\/wp-json\/wp\/v2\/media\/2138"}],"wp:attachment":[{"href":"https:\/\/onemoreup.es\/en\/wp-json\/wp\/v2\/media?parent=2137"}],"wp:term":[{"taxonomy":"product_brand","embeddable":true,"href":"https:\/\/onemoreup.es\/en\/wp-json\/wp\/v2\/product_brand?post=2137"},{"taxonomy":"product_cat","embeddable":true,"href":"https:\/\/onemoreup.es\/en\/wp-json\/wp\/v2\/product_cat?post=2137"},{"taxonomy":"product_tag","embeddable":true,"href":"https:\/\/onemoreup.es\/en\/wp-json\/wp\/v2\/product_tag?post=2137"}],"curies":[{"name":"wp","href":"https:\/\/api.w.org\/{rel}","templated":true}]}}