{"id":2152,"date":"2025-09-08T10:07:13","date_gmt":"2025-09-08T10:07:13","guid":{"rendered":"https:\/\/onemoreup.es\/?post_type=product&#038;p=2152"},"modified":"2026-04-27T06:46:19","modified_gmt":"2026-04-27T06:46:19","slug":"bisglicinato-de-zinc-400-comprimidos-copia","status":"publish","type":"product","link":"https:\/\/onemoreup.es\/en\/tienda\/bisglicinato-de-zinc-400-comprimidos-copia\/","title":{"rendered":"Zinc Bisglycinate \u2013 400 Tablets"},"content":{"rendered":"<h3 data-start=\"211\" data-end=\"259\">Zinc Bisglycinate \u2013 High bioavailability<\/h3>\n<p data-start=\"261\" data-end=\"528\">Zinc bisglycinate is one of the forms with <strong data-start=\"307\" data-end=\"347\">greater absorption and digestive ease<\/strong> Compared to other zinc compounds, its bond with glycine allows this mineral to be more efficiently absorbed by the body, offering a premium quality option.<\/p>\n<ul data-start=\"530\" data-end=\"1212\">\n<li data-start=\"530\" data-end=\"633\">\n<p data-start=\"532\" data-end=\"633\"><strong data-start=\"532\" data-end=\"563\">High absorption and tolerance<\/strong> \u2013 up to 43% more than other forms such as gluconate or citrate.<\/p>\n<\/li>\n<li data-start=\"634\" data-end=\"790\">\n<p data-start=\"636\" data-end=\"790\"><strong data-start=\"636\" data-end=\"656\">Comprehensive support<\/strong> \u2013 contributes to the normal functioning of the immune system, bones, vision and protein and carbohydrate metabolism, according to EFSA.<\/p>\n<\/li>\n<li data-start=\"791\" data-end=\"926\">\n<p data-start=\"793\" data-end=\"926\"><strong data-start=\"793\" data-end=\"818\">Well-being and vitality<\/strong> \u2013 helps maintain normal skin, nails and hair, and protects against oxidative stress.<\/p>\n<\/li>\n<li data-start=\"927\" data-end=\"1042\">\n<p data-start=\"929\" data-end=\"1042\"><strong data-start=\"929\" data-end=\"949\">Vegan and natural<\/strong> \u2013 Tablets suitable for vegan and keto diets, free of gluten, GMOs and common allergens.<\/p>\n<\/li>\n<li data-start=\"1043\" data-end=\"1132\">\n<p data-start=\"1045\" data-end=\"1132\"><strong data-start=\"1045\" data-end=\"1072\">Certified manufacturing<\/strong> \u2013 manufactured under GMP standards and registered in Spain.<\/p>\n<\/li>\n<li data-start=\"1133\" data-end=\"1212\">\n<p data-start=\"1135\" data-end=\"1212\"><strong data-start=\"1135\" data-end=\"1153\">Fast delivery<\/strong> \u2013 plazo de entrega estimado entre 1 y 15 d\u00edas laborables.<\/p>\n<\/li>\n<\/ul>\n<p data-start=\"1214\" data-end=\"1357\">A supplement of <strong data-start=\"1231\" data-end=\"1249\">long-lasting<\/strong> (400 tablets, more than a year of use) designed for those who seek confidence and quality in their daily lives.<\/p>\n<p>&nbsp;<\/p>\n<p>&nbsp;<\/p>\n<p>Zinc Bisglycinate \u2013 400 Tablets<\/p>\n<p>For Hair, Skin, Nails and to Strengthen the Immune System<\/p>\n<p>Chelated Antioxidant for Ho<\/p>","protected":false},"excerpt":{"rendered":"<p>Zinc Bisglicinato \u2013 Alta biodisponibilidad El zinc bisglicinato es una de las formas con mayor absorci\u00f3n y suavidad digestiva frente a otros compuestos de zinc. Gracias a su uni\u00f3n con la glicina, este mineral se aprovecha de manera m\u00e1s eficiente en el organismo, ofreciendo una opci\u00f3n de calidad premium. Alta absorci\u00f3n y tolerancia \u2013 hasta [&hellip;]<\/p>\n","protected":false},"featured_media":2160,"comment_status":"open","ping_status":"closed","template":"","meta":[],"product_brand":[],"product_cat":[18,162],"product_tag":[],"class_list":{"0":"post-2152","1":"product","2":"type-product","3":"status-publish","4":"has-post-thumbnail","6":"product_cat-complementacion-alimentaria","7":"product_cat-suplementacion-y-vitaminas","9":"first","10":"instock","11":"taxable","12":"shipping-taxable","13":"purchasable","14":"product-type-simple"},"aioseo_notices":[],"_links":{"self":[{"href":"https:\/\/onemoreup.es\/en\/wp-json\/wp\/v2\/product\/2152","targetHints":{"allow":["GET"]}}],"collection":[{"href":"https:\/\/onemoreup.es\/en\/wp-json\/wp\/v2\/product"}],"about":[{"href":"https:\/\/onemoreup.es\/en\/wp-json\/wp\/v2\/types\/product"}],"replies":[{"embeddable":true,"href":"https:\/\/onemoreup.es\/en\/wp-json\/wp\/v2\/comments?post=2152"}],"wp:featuredmedia":[{"embeddable":true,"href":"https:\/\/onemoreup.es\/en\/wp-json\/wp\/v2\/media\/2160"}],"wp:attachment":[{"href":"https:\/\/onemoreup.es\/en\/wp-json\/wp\/v2\/media?parent=2152"}],"wp:term":[{"taxonomy":"product_brand","embeddable":true,"href":"https:\/\/onemoreup.es\/en\/wp-json\/wp\/v2\/product_brand?post=2152"},{"taxonomy":"product_cat","embeddable":true,"href":"https:\/\/onemoreup.es\/en\/wp-json\/wp\/v2\/product_cat?post=2152"},{"taxonomy":"product_tag","embeddable":true,"href":"https:\/\/onemoreup.es\/en\/wp-json\/wp\/v2\/product_tag?post=2152"}],"curies":[{"name":"wp","href":"https:\/\/api.w.org\/{rel}","templated":true}]}}