{"id":2265,"date":"2025-09-10T11:03:12","date_gmt":"2025-09-10T11:03:12","guid":{"rendered":"https:\/\/onemoreup.es\/?post_type=product&#038;p=2265"},"modified":"2025-12-03T10:55:17","modified_gmt":"2025-12-03T10:55:17","slug":"zapatillas-metcon-6","status":"publish","type":"product","link":"https:\/\/onemoreup.es\/en\/tienda\/zapatillas-metcon-6\/","title":{"rendered":"Nike Free Metcon 6 \u2013 Training Shoes"},"content":{"rendered":"<p>Nike Free Metcon 6 \u2013 Training Shoes<\/p>\n<h3 data-start=\"141\" data-end=\"197\">Nike Free Metcon 6 \u2013 Training Shoes \u2013 One More Up Exclusive Edition<\/h3>\n<p data-start=\"199\" data-end=\"517\">The <strong data-start=\"203\" data-end=\"225\">Nike Free Metcon 6<\/strong> They are the perfect combination of <strong data-start=\"260\" data-end=\"305\">flexibility, stability and cushioning<\/strong>, Designed for those who want to give their all in every workout. Featuring an innovative sole with <strong data-start=\"400\" data-end=\"420\">laser sheets<\/strong> and <strong data-start=\"423\" data-end=\"451\">extra foam in the heel<\/strong>, They offer you a safe, natural and confident movement.<\/p>\n<p data-start=\"519\" data-end=\"826\">The top of <strong data-start=\"540\" data-end=\"571\">lightweight and breathable mesh<\/strong> They keep your feet cool even during intense workouts, while the flexible midsole ensures comfort and responsiveness with every rep. They&#039;re the perfect partner for both strength training and high-intensity dynamic movements.<\/p>\n<p data-start=\"828\" data-end=\"865\"><strong data-start=\"831\" data-end=\"863\">Main features:<\/strong><\/p>\n<p data-start=\"868\" data-end=\"931\">Breathable mesh upper for maximum ventilation.<\/p>\n<p data-start=\"934\" data-end=\"995\">Sole with laser-cut laminations that provides natural flexibility.<\/p>\n<p data-start=\"998\" data-end=\"1067\">Additional foam in the heel for greater impact protection.<\/p>\n<p data-start=\"1070\" data-end=\"1129\">Improved stability in every multidirectional movement.<\/p>\n<p data-start=\"1132\" data-end=\"1189\">Flexible and comfortable midsole for training without limits.<\/p>\n<p data-start=\"1192\" data-end=\"1241\">Exclusive design available at <strong data-start=\"1223\" data-end=\"1238\">One More Up<\/strong>.<\/p>\n<p data-start=\"1243\" data-end=\"1413\"><strong data-start=\"1246\" data-end=\"1267\">Estimated delivery:<\/strong> between <strong data-start=\"1274\" data-end=\"1300\">5 and 15 working days<\/strong>.<br data-start=\"1301\" data-end=\"1304\" \/><em data-start=\"1304\" data-end=\"1411\">(Delivery times may vary as these are exclusive models with special colors and designs).<\/em><\/p>\n<p data-start=\"1415\" data-end=\"1539\">\u00a0Take the leap to training with freedom, stability and style with the new <strong data-start=\"1499\" data-end=\"1521\">Nike Free Metcon 6<\/strong> in One More Up.<\/p>","protected":false},"excerpt":{"rendered":"<p>Nike Free Metcon 6 \u2013 Zapatillas de Entrenamiento Nike Free Metcon 6 \u2013 Zapatillas de Entrenamiento \u2013 Edici\u00f3n Exclusiva One More Up Las Nike Free Metcon 6 son la combinaci\u00f3n perfecta entre flexibilidad, estabilidad y amortiguaci\u00f3n, dise\u00f1adas para quienes buscan darlo todo en cada entrenamiento. Con una suela innovadora con laminillas l\u00e1ser y espuma extra [&hellip;]<\/p>\n","protected":false},"featured_media":2266,"comment_status":"open","ping_status":"closed","template":"","meta":[],"product_brand":[],"product_cat":[20],"product_tag":[],"class_list":{"0":"post-2265","1":"product","2":"type-product","3":"status-publish","4":"has-post-thumbnail","6":"product_cat-calzado-deportivo","8":"first","9":"instock","10":"taxable","11":"shipping-taxable","12":"purchasable","13":"product-type-variable"},"aioseo_notices":[],"_links":{"self":[{"href":"https:\/\/onemoreup.es\/en\/wp-json\/wp\/v2\/product\/2265","targetHints":{"allow":["GET"]}}],"collection":[{"href":"https:\/\/onemoreup.es\/en\/wp-json\/wp\/v2\/product"}],"about":[{"href":"https:\/\/onemoreup.es\/en\/wp-json\/wp\/v2\/types\/product"}],"replies":[{"embeddable":true,"href":"https:\/\/onemoreup.es\/en\/wp-json\/wp\/v2\/comments?post=2265"}],"wp:featuredmedia":[{"embeddable":true,"href":"https:\/\/onemoreup.es\/en\/wp-json\/wp\/v2\/media\/2266"}],"wp:attachment":[{"href":"https:\/\/onemoreup.es\/en\/wp-json\/wp\/v2\/media?parent=2265"}],"wp:term":[{"taxonomy":"product_brand","embeddable":true,"href":"https:\/\/onemoreup.es\/en\/wp-json\/wp\/v2\/product_brand?post=2265"},{"taxonomy":"product_cat","embeddable":true,"href":"https:\/\/onemoreup.es\/en\/wp-json\/wp\/v2\/product_cat?post=2265"},{"taxonomy":"product_tag","embeddable":true,"href":"https:\/\/onemoreup.es\/en\/wp-json\/wp\/v2\/product_tag?post=2265"}],"curies":[{"name":"wp","href":"https:\/\/api.w.org\/{rel}","templated":true}]}}