{"id":2365,"date":"2025-09-11T09:52:31","date_gmt":"2025-09-11T09:52:31","guid":{"rendered":"https:\/\/onemoreup.es\/?post_type=product&#038;p=2365"},"modified":"2025-09-11T09:52:32","modified_gmt":"2025-09-11T09:52:32","slug":"free-metcon-6","status":"publish","type":"product","link":"https:\/\/onemoreup.es\/en\/tienda\/free-metcon-6\/","title":{"rendered":"FREE METCON 6"},"content":{"rendered":"<h3 data-start=\"180\" data-end=\"245\"><strong data-start=\"184\" data-end=\"243\">Nike Free Metcon 6 \u2013 Training Exclusive Edition<\/strong><\/h3>\n<p data-start=\"246\" data-end=\"278\"><strong data-start=\"246\" data-end=\"276\">Product code: 131493<\/strong><\/p>\n<p data-start=\"280\" data-end=\"640\">If you&#039;re looking for footwear that gives you power, freedom, and style in every workout, the <strong data-start=\"366\" data-end=\"388\">Nike Free Metcon 6<\/strong> They are your best ally. A model <strong data-start=\"420\" data-end=\"433\">exclusive<\/strong> Designed for those who don&#039;t settle for less: extra stability for your lifts, maximum flexibility in dynamic movements and comfort that accompanies you both in the gym and outdoors.<\/p>\n<p data-start=\"642\" data-end=\"1126\"><strong data-start=\"645\" data-end=\"675\">Exclusivity and performance<\/strong>These are not just any sneakers, they are a premium model that is hard to get.<br data-start=\"748\" data-end=\"751\" \/><strong data-start=\"754\" data-end=\"774\">Top support<\/strong>: Heel reinforced with foam for more stability when lifting weights and squatting.<br data-start=\"847\" data-end=\"850\" \/><strong data-start=\"853\" data-end=\"875\">Total flexibility<\/strong>: Forefoot designed for agile movements, jumps and plyometrics.<br data-start=\"939\" data-end=\"942\" \/><strong data-start=\"945\" data-end=\"969\">Comfort at every step<\/strong>: Cushioned insole that takes care of your feet even during the most intense sessions.<br data-start=\"1047\" data-end=\"1050\" data-is-only-node=\"\" \/><strong data-start=\"1053\" data-end=\"1082\">All-terrain versatility<\/strong>Perfect for the gym, track or lawn.<\/p>\n<p data-start=\"1128\" data-end=\"1251\">\u00a0An exclusive model designed for training at the highest level, with the assurance that you have the best of Nike on your feet.<\/p>\n<p data-start=\"1253\" data-end=\"1357\">\u00a0<strong data-start=\"1256\" data-end=\"1322\">Special delivery time: 1 to 10 working days via MRW<\/strong>, due to its exclusive nature.<\/p>","protected":false},"excerpt":{"rendered":"<p>Nike Free Metcon 6 \u2013 Edici\u00f3n Exclusiva de Entrenamiento C\u00f3digo de producto: 131493 Si buscas un calzado que te d\u00e9 potencia, libertad y estilo en cada entrenamiento, las Nike Free Metcon 6 son tu mejor aliado. Un modelo exclusivo pensado para quienes no se conforman con menos: estabilidad extra para tus levantamientos, m\u00e1xima flexibilidad en [&hellip;]<\/p>\n","protected":false},"featured_media":2372,"comment_status":"open","ping_status":"closed","template":"","meta":[],"product_brand":[],"product_cat":[20],"product_tag":[],"class_list":{"0":"post-2365","1":"product","2":"type-product","3":"status-publish","4":"has-post-thumbnail","6":"product_cat-calzado-deportivo","8":"first","9":"instock","10":"taxable","11":"shipping-taxable","12":"purchasable","13":"product-type-variable"},"aioseo_notices":[],"_links":{"self":[{"href":"https:\/\/onemoreup.es\/en\/wp-json\/wp\/v2\/product\/2365","targetHints":{"allow":["GET"]}}],"collection":[{"href":"https:\/\/onemoreup.es\/en\/wp-json\/wp\/v2\/product"}],"about":[{"href":"https:\/\/onemoreup.es\/en\/wp-json\/wp\/v2\/types\/product"}],"replies":[{"embeddable":true,"href":"https:\/\/onemoreup.es\/en\/wp-json\/wp\/v2\/comments?post=2365"}],"wp:featuredmedia":[{"embeddable":true,"href":"https:\/\/onemoreup.es\/en\/wp-json\/wp\/v2\/media\/2372"}],"wp:attachment":[{"href":"https:\/\/onemoreup.es\/en\/wp-json\/wp\/v2\/media?parent=2365"}],"wp:term":[{"taxonomy":"product_brand","embeddable":true,"href":"https:\/\/onemoreup.es\/en\/wp-json\/wp\/v2\/product_brand?post=2365"},{"taxonomy":"product_cat","embeddable":true,"href":"https:\/\/onemoreup.es\/en\/wp-json\/wp\/v2\/product_cat?post=2365"},{"taxonomy":"product_tag","embeddable":true,"href":"https:\/\/onemoreup.es\/en\/wp-json\/wp\/v2\/product_tag?post=2365"}],"curies":[{"name":"wp","href":"https:\/\/api.w.org\/{rel}","templated":true}]}}