{"id":2383,"date":"2025-09-11T09:52:55","date_gmt":"2025-09-11T09:52:55","guid":{"rendered":"https:\/\/onemoreup.es\/?post_type=product&#038;p=2383"},"modified":"2025-09-11T09:56:02","modified_gmt":"2025-09-11T09:56:02","slug":"free-metcon-6-2","status":"publish","type":"product","link":"https:\/\/onemoreup.es\/en\/tienda\/free-metcon-6-2\/","title":{"rendered":"FREE METCON 6"},"content":{"rendered":"<p>Nike Free Metcon 6 \u2013 Training Exclusive Edition<\/p>\n<p>Product code: 131493<\/p>\n<p>If you&#039;re looking for footwear that gives you power, freedom, and style in every workout, the Nike Free Metcon 6 is your best ally. An exclusive model designed for those who demand the best: extra stability for your lifts, maximum flexibility in dynamic movements, and comfort that accompanies you both in the gym and outdoors.<\/p>\n<p>\ud83d\udd39 Exclusivity and performance: These are not just any sneakers, they are a premium model that is hard to get.<br \/>\n\ud83d\udd39 Superior support: Heel reinforced with foam for more stability in weights and squats.<br \/>\n\ud83d\udd39 Total flexibility: Forefoot designed for agile movements, jumps and plyometrics.<br \/>\n\ud83d\udd39 Comfort in every step: Cushioned insole that takes care of your feet even in the most intense sessions.<br \/>\n\ud83d\udd39 All-terrain versatility: Perfect for gym, track or lawn.<\/p>\n<p>\u2728 An exclusive model designed to train at the highest level, with the assurance that you have the best of Nike on your feet.<\/p>\n<p>\ud83d\udce6 Special delivery time: 1 to 10 working days via MRW, due to its exclusive nature.<\/p>","protected":false},"excerpt":{"rendered":"<p>Nike Free Metcon 6 \u2013 Edici\u00f3n Exclusiva de Entrenamiento C\u00f3digo de producto: 131493 Si buscas un calzado que te d\u00e9 potencia, libertad y estilo en cada entrenamiento, las Nike Free Metcon 6 son tu mejor aliado. Un modelo exclusivo pensado para quienes no se conforman con menos: estabilidad extra para tus levantamientos, m\u00e1xima flexibilidad en [&hellip;]<\/p>\n","protected":false},"featured_media":2397,"comment_status":"open","ping_status":"closed","template":"","meta":[],"product_brand":[],"product_cat":[20],"product_tag":[],"class_list":{"0":"post-2383","1":"product","2":"type-product","3":"status-publish","4":"has-post-thumbnail","6":"product_cat-calzado-deportivo","8":"first","9":"instock","10":"taxable","11":"shipping-taxable","12":"purchasable","13":"product-type-variable"},"aioseo_notices":[],"_links":{"self":[{"href":"https:\/\/onemoreup.es\/en\/wp-json\/wp\/v2\/product\/2383","targetHints":{"allow":["GET"]}}],"collection":[{"href":"https:\/\/onemoreup.es\/en\/wp-json\/wp\/v2\/product"}],"about":[{"href":"https:\/\/onemoreup.es\/en\/wp-json\/wp\/v2\/types\/product"}],"replies":[{"embeddable":true,"href":"https:\/\/onemoreup.es\/en\/wp-json\/wp\/v2\/comments?post=2383"}],"wp:featuredmedia":[{"embeddable":true,"href":"https:\/\/onemoreup.es\/en\/wp-json\/wp\/v2\/media\/2397"}],"wp:attachment":[{"href":"https:\/\/onemoreup.es\/en\/wp-json\/wp\/v2\/media?parent=2383"}],"wp:term":[{"taxonomy":"product_brand","embeddable":true,"href":"https:\/\/onemoreup.es\/en\/wp-json\/wp\/v2\/product_brand?post=2383"},{"taxonomy":"product_cat","embeddable":true,"href":"https:\/\/onemoreup.es\/en\/wp-json\/wp\/v2\/product_cat?post=2383"},{"taxonomy":"product_tag","embeddable":true,"href":"https:\/\/onemoreup.es\/en\/wp-json\/wp\/v2\/product_tag?post=2383"}],"curies":[{"name":"wp","href":"https:\/\/api.w.org\/{rel}","templated":true}]}}