{"id":2412,"date":"2025-09-12T08:56:47","date_gmt":"2025-09-12T08:56:47","guid":{"rendered":"https:\/\/onemoreup.es\/?post_type=product&#038;p=2412"},"modified":"2025-09-25T08:24:49","modified_gmt":"2025-09-25T08:24:49","slug":"optimum-nutrition-creatina-2500-200-capsulas","status":"publish","type":"product","link":"https:\/\/onemoreup.es\/en\/tienda\/optimum-nutrition-creatina-2500-200-capsulas\/","title":{"rendered":"Optimum Nutrition Creatine 2500, 200 Capsules"},"content":{"rendered":"<p>Optimum Nutrition Creatine 2500, 200 Capsules<\/p>\n<p data-start=\"149\" data-end=\"312\">He <strong data-start=\"152\" data-end=\"212\">Creatine Monohydrate in capsules from Optimum Nutrition<\/strong> It is the most convenient and effective way to boost your performance in high-intensity workouts.<\/p>\n<p data-start=\"316\" data-end=\"410\"><strong data-start=\"319\" data-end=\"349\">Easy-to-swallow capsules<\/strong>, which disintegrate rapidly for optimal absorption.<\/p>\n<p data-start=\"413\" data-end=\"511\"><strong data-start=\"416\" data-end=\"449\">Improved physical performance<\/strong> in intense exercise when consuming 3g of creatine per day*.<\/p>\n<p data-start=\"514\" data-end=\"619\">Ideal for <strong data-start=\"528\" data-end=\"616\">endurance athletes, bodybuilders, weightlifters, and fitness enthusiasts<\/strong>.<\/p>\n<p data-start=\"514\" data-end=\"619\">Quality guaranteed under European regulations (EU 432\/2012).<\/p>\n<p data-start=\"685\" data-end=\"782\">Available in <strong data-start=\"702\" data-end=\"717\">ONE MORE UP<\/strong> with fast shipping in <strong data-start=\"738\" data-end=\"779\">1 to 3 business days via MRW<\/strong>.<\/p>","protected":false},"excerpt":{"rendered":"<p>Optimum Nutrition Creatina 2500, 200 C\u00e1psulas El Monohidrato de Creatina en c\u00e1psulas de Optimum Nutrition es la forma m\u00e1s c\u00f3moda y eficaz de potenciar tu rendimiento en entrenamientos de alta intensidad. C\u00e1psulas f\u00e1ciles de tragar, que se desintegran r\u00e1pidamente para una \u00f3ptima absorci\u00f3n. Mejora del rendimiento f\u00edsico en ejercicios intensos al consumir 3 g de [&hellip;]<\/p>\n","protected":false},"featured_media":2413,"comment_status":"open","ping_status":"closed","template":"","meta":[],"product_brand":[],"product_cat":[18,159],"product_tag":[],"class_list":{"0":"post-2412","1":"product","2":"type-product","3":"status-publish","4":"has-post-thumbnail","6":"product_cat-complementacion-alimentaria","7":"product_cat-creatina-cretaine","9":"first","10":"instock","11":"taxable","12":"shipping-taxable","13":"purchasable","14":"product-type-simple"},"aioseo_notices":[],"_links":{"self":[{"href":"https:\/\/onemoreup.es\/en\/wp-json\/wp\/v2\/product\/2412","targetHints":{"allow":["GET"]}}],"collection":[{"href":"https:\/\/onemoreup.es\/en\/wp-json\/wp\/v2\/product"}],"about":[{"href":"https:\/\/onemoreup.es\/en\/wp-json\/wp\/v2\/types\/product"}],"replies":[{"embeddable":true,"href":"https:\/\/onemoreup.es\/en\/wp-json\/wp\/v2\/comments?post=2412"}],"wp:featuredmedia":[{"embeddable":true,"href":"https:\/\/onemoreup.es\/en\/wp-json\/wp\/v2\/media\/2413"}],"wp:attachment":[{"href":"https:\/\/onemoreup.es\/en\/wp-json\/wp\/v2\/media?parent=2412"}],"wp:term":[{"taxonomy":"product_brand","embeddable":true,"href":"https:\/\/onemoreup.es\/en\/wp-json\/wp\/v2\/product_brand?post=2412"},{"taxonomy":"product_cat","embeddable":true,"href":"https:\/\/onemoreup.es\/en\/wp-json\/wp\/v2\/product_cat?post=2412"},{"taxonomy":"product_tag","embeddable":true,"href":"https:\/\/onemoreup.es\/en\/wp-json\/wp\/v2\/product_tag?post=2412"}],"curies":[{"name":"wp","href":"https:\/\/api.w.org\/{rel}","templated":true}]}}