{"id":2421,"date":"2025-09-12T09:01:26","date_gmt":"2025-09-12T09:01:26","guid":{"rendered":"https:\/\/onemoreup.es\/?post_type=product&#038;p=2421"},"modified":"2025-09-25T08:24:49","modified_gmt":"2025-09-25T08:24:49","slug":"optimum-nutrition-creatina-en-polvo-sin-sabor-317g","status":"publish","type":"product","link":"https:\/\/onemoreup.es\/en\/tienda\/optimum-nutrition-creatina-en-polvo-sin-sabor-317g\/","title":{"rendered":"Optimum Nutrition Creatine Powder, Unflavored, 317g"},"content":{"rendered":"<p>Optimum Nutrition Creatine Powder, Unflavored, 317g<\/p>\n<p data-start=\"212\" data-end=\"555\">The <strong data-start=\"215\" data-end=\"269\">Micronized Creatine Powder from Optimum Nutrition<\/strong> It is a global leader in sports supplementation. Formulated with <strong data-start=\"337\" data-end=\"374\">pure creatine monohydrate 100%<\/strong>, It provides 3g of creatine per serving, helping to <strong data-start=\"427\" data-end=\"514\">Improve physical performance in high-intensity, short-duration workouts<\/strong> (<em data-start=\"516\" data-end=\"551\">according to Regulation (EU) 432\/2012<\/em>).<\/p>\n<p data-start=\"557\" data-end=\"801\">Optimum Nutrition, recognized as the <strong data-start=\"595\" data-end=\"645\">world&#039;s number 1 sports nutrition brand<\/strong>, guarantees the highest quality in recovery, energy and performance products, for both professional athletes and demanding amateurs.<\/p>\n<p data-start=\"803\" data-end=\"1207\">This creatine powder has been <strong data-start=\"834\" data-end=\"875\">micronized for better dissolution<\/strong>, avoiding the gritty texture of other products and achieving a perfect mix in water, juices, or smoothies. Furthermore, being <strong data-start=\"996\" data-end=\"1009\">tasteless<\/strong>, It is ideal to combine with other supplements and adapt to your routine, whether in a <strong data-start=\"1099\" data-end=\"1120\">pre-workout<\/strong> to increase your energy or in a <strong data-start=\"1154\" data-end=\"1176\">post-workout<\/strong> to support the recovery.<\/p>\n<p data-start=\"1209\" data-end=\"1379\">Perfect for all types of training: <strong data-start=\"1255\" data-end=\"1316\">CrossFit, gym, running, or high-intensity interval training<\/strong>, providing extra strength and power with each repetition.<\/p>\n<p data-start=\"1483\" data-end=\"1575\">Take your training to the next level with the market-leading creatine.<\/p>\n<p data-start=\"1483\" data-end=\"1575\">Available in <strong data-start=\"1398\" data-end=\"1413\">ONE MORE UP<\/strong>, with fast delivery in <strong data-start=\"1437\" data-end=\"1478\">1 to 3 business days via MRW<\/strong>.<\/p>","protected":false},"excerpt":{"rendered":"<p>Optimum Nutrition Creatina en Polvo, Sin Sabor, 317g La Creatina Micronizada en Polvo de Optimum Nutrition es un referente mundial en suplementaci\u00f3n deportiva. Formulada con monohidrato de creatina 100% pura, proporciona 3 g de creatina por raci\u00f3n, ayudando a mejorar el rendimiento f\u00edsico en entrenamientos de alta intensidad y corta duraci\u00f3n (seg\u00fan el Reglamento (UE) [&hellip;]<\/p>\n","protected":false},"featured_media":2422,"comment_status":"open","ping_status":"closed","template":"","meta":[],"product_brand":[],"product_cat":[18,159],"product_tag":[],"class_list":{"0":"post-2421","1":"product","2":"type-product","3":"status-publish","4":"has-post-thumbnail","6":"product_cat-complementacion-alimentaria","7":"product_cat-creatina-cretaine","9":"first","10":"instock","11":"taxable","12":"shipping-taxable","13":"purchasable","14":"product-type-simple"},"aioseo_notices":[],"_links":{"self":[{"href":"https:\/\/onemoreup.es\/en\/wp-json\/wp\/v2\/product\/2421","targetHints":{"allow":["GET"]}}],"collection":[{"href":"https:\/\/onemoreup.es\/en\/wp-json\/wp\/v2\/product"}],"about":[{"href":"https:\/\/onemoreup.es\/en\/wp-json\/wp\/v2\/types\/product"}],"replies":[{"embeddable":true,"href":"https:\/\/onemoreup.es\/en\/wp-json\/wp\/v2\/comments?post=2421"}],"wp:featuredmedia":[{"embeddable":true,"href":"https:\/\/onemoreup.es\/en\/wp-json\/wp\/v2\/media\/2422"}],"wp:attachment":[{"href":"https:\/\/onemoreup.es\/en\/wp-json\/wp\/v2\/media?parent=2421"}],"wp:term":[{"taxonomy":"product_brand","embeddable":true,"href":"https:\/\/onemoreup.es\/en\/wp-json\/wp\/v2\/product_brand?post=2421"},{"taxonomy":"product_cat","embeddable":true,"href":"https:\/\/onemoreup.es\/en\/wp-json\/wp\/v2\/product_cat?post=2421"},{"taxonomy":"product_tag","embeddable":true,"href":"https:\/\/onemoreup.es\/en\/wp-json\/wp\/v2\/product_tag?post=2421"}],"curies":[{"name":"wp","href":"https:\/\/api.w.org\/{rel}","templated":true}]}}