{"id":2434,"date":"2025-09-12T09:06:18","date_gmt":"2025-09-12T09:06:18","guid":{"rendered":"https:\/\/onemoreup.es\/?post_type=product&#038;p=2434"},"modified":"2025-12-03T10:53:58","modified_gmt":"2025-12-03T10:53:58","slug":"reebok-nano-x4-zapatillas-mujer","status":"publish","type":"product","link":"https:\/\/onemoreup.es\/en\/tienda\/reebok-nano-x4-zapatillas-mujer\/","title":{"rendered":"Reebok Nano X4"},"content":{"rendered":"<p>Reebok Nano X4<\/p>\n<h3 data-start=\"151\" data-end=\"237\">Reebok Nano X4 \u2013 Performance, comfort and style in one shoe<\/h3>\n<p data-start=\"239\" data-end=\"542\">The <strong data-start=\"243\" data-end=\"272\">Reebok Nano X4<\/strong>\u00a0They are designed to accompany you in every training session, from strength exercises to high-intensity routines. Thanks to their <strong data-start=\"413\" data-end=\"467\">FLEXWEAVE\u00ae upper with TPU heel clip<\/strong>, They offer a secure fit, extra support, and superior durability.<\/p>\n<p data-start=\"544\" data-end=\"1032\"><strong data-start=\"547\" data-end=\"577\">Midfoot ventilation<\/strong>It keeps your feet cool even during the most demanding workouts.<br data-start=\"649\" data-end=\"652\" \/><strong data-start=\"655\" data-end=\"682\">Floatride Energy Foam<\/strong>It provides lightweight, responsive cushioning for greater comfort and energy return with every movement.<br data-start=\"784\" data-end=\"787\" \/><strong data-start=\"790\" data-end=\"809\">Rubber sole<\/strong>It guarantees traction and stability on any surface, ideal for box jumps, lifts and sprints.<br data-start=\"919\" data-end=\"922\" \/><strong data-start=\"925\" data-end=\"969\">Ankle-height design<\/strong>: perfect balance between support and freedom of movement.<\/p>\n<p data-start=\"1034\" data-end=\"1225\">\u00a0With the <strong data-start=\"1044\" data-end=\"1061\">Nano X4 Women&#039;s<\/strong> You&#039;ll have the perfect combination of <strong data-start=\"1097\" data-end=\"1135\">resistance, ventilation and comfort<\/strong>, designed to enhance your performance in CrossFit, fitness, or functional training.<\/p>\n<p data-start=\"1227\" data-end=\"1258\"><strong data-start=\"1230\" data-end=\"1255\">Product details<\/strong>:<\/p>\n<ul data-start=\"1259\" data-end=\"1356\">\n<li data-start=\"1259\" data-end=\"1300\">\n<p data-start=\"1261\" data-end=\"1300\">Outer material: Breathable mesh<\/p>\n<\/li>\n<li data-start=\"1301\" data-end=\"1329\">\n<p data-start=\"1303\" data-end=\"1329\">Sole: Durable rubber<\/p>\n<\/li>\n<li data-start=\"1330\" data-end=\"1356\">\n<p data-start=\"1332\" data-end=\"1356\">Caution: Hand wash only<\/p>\n<\/li>\n<\/ul>\n<p data-start=\"1358\" data-end=\"1453\">\u00a0<strong data-start=\"1361\" data-end=\"1381\">Delivery time<\/strong>: between <strong data-start=\"1389\" data-end=\"1415\">1 and 10 business days.<\/strong><\/p>","protected":false},"excerpt":{"rendered":"<p>Reebok Nano X4 Reebok Nano X4 \u2013 Rendimiento, comodidad y estilo en un solo calzado Las Reebok Nano X4\u00a0est\u00e1n dise\u00f1adas para acompa\u00f1arte en cada sesi\u00f3n de entrenamiento, desde ejercicios de fuerza hasta rutinas de alta intensidad. Gracias a su parte superior FLEXWEAVE\u00ae con clip de tal\u00f3n en TPU, ofrecen un ajuste seguro, soporte adicional y [&hellip;]<\/p>\n","protected":false},"featured_media":2448,"comment_status":"open","ping_status":"closed","template":"","meta":[],"product_brand":[],"product_cat":[20],"product_tag":[],"class_list":{"0":"post-2434","1":"product","2":"type-product","3":"status-publish","4":"has-post-thumbnail","6":"product_cat-calzado-deportivo","8":"first","9":"instock","10":"taxable","11":"shipping-taxable","12":"purchasable","13":"product-type-variable"},"aioseo_notices":[],"_links":{"self":[{"href":"https:\/\/onemoreup.es\/en\/wp-json\/wp\/v2\/product\/2434","targetHints":{"allow":["GET"]}}],"collection":[{"href":"https:\/\/onemoreup.es\/en\/wp-json\/wp\/v2\/product"}],"about":[{"href":"https:\/\/onemoreup.es\/en\/wp-json\/wp\/v2\/types\/product"}],"replies":[{"embeddable":true,"href":"https:\/\/onemoreup.es\/en\/wp-json\/wp\/v2\/comments?post=2434"}],"wp:featuredmedia":[{"embeddable":true,"href":"https:\/\/onemoreup.es\/en\/wp-json\/wp\/v2\/media\/2448"}],"wp:attachment":[{"href":"https:\/\/onemoreup.es\/en\/wp-json\/wp\/v2\/media?parent=2434"}],"wp:term":[{"taxonomy":"product_brand","embeddable":true,"href":"https:\/\/onemoreup.es\/en\/wp-json\/wp\/v2\/product_brand?post=2434"},{"taxonomy":"product_cat","embeddable":true,"href":"https:\/\/onemoreup.es\/en\/wp-json\/wp\/v2\/product_cat?post=2434"},{"taxonomy":"product_tag","embeddable":true,"href":"https:\/\/onemoreup.es\/en\/wp-json\/wp\/v2\/product_tag?post=2434"}],"curies":[{"name":"wp","href":"https:\/\/api.w.org\/{rel}","templated":true}]}}