{"id":247,"date":"2025-07-14T11:28:59","date_gmt":"2025-07-14T11:28:59","guid":{"rendered":"https:\/\/onemoreup.es\/?post_type=product&#038;p=247"},"modified":"2025-07-14T11:51:05","modified_gmt":"2025-07-14T11:51:05","slug":"zapatillas-de-entrenamiento-ua-charged-aurora-2-para-ella","status":"publish","type":"product","link":"https:\/\/onemoreup.es\/en\/tienda\/zapatillas-de-entrenamiento-ua-charged-aurora-2-para-ella\/","title":{"rendered":"UA Charged Aurora 2 Training Shoes for Women, Black"},"content":{"rendered":"<h1 class=\"VariantDetailsEnhancedBuyPanel_productNameWording__xqCKR\">UA Charged Aurora 2 Women&#039;s Training Shoes, Black<\/h1>\n<p>&nbsp;<\/p>\n<p>Characteristics:<\/p>\n<p>Designed to maximize every rep, the midfoot reinforcement adds support and stability in any direction, while breathable materials and impact-absorbing cushioning provide extra comfort.<\/p>\n<ul data-bullets=\"true\">\n<li>Designed specifically for women with a streamlined fit<\/li>\n<li>Lightweight and breathable upper for coolness and breathability<\/li>\n<li>Strategic TPU overlays for enhanced midfoot stability, a snug fit, and increased durability<\/li>\n<li>Charged Cushioning\u00ae midsole that uses compression-molded foam to offer maximum durability and responsiveness<\/li>\n<li>Full rubber outsole for maximum durability with a multidirectional traction pattern<\/li>\n<\/ul>\n<ul data-bullets=\"true\">\n<li>Ref: 3025060<\/li>\n<li>Compensation: 6 mm<\/li>\n<li>Weight: 221 g<\/li>\n<li>Lace type: standard lacing<\/li>\n<li>Imported product<\/li>\n<li>Wash inside out<\/li>\n<li>Machine wash in cold water with similar colors on a delicate cycle<\/li>\n<li>Use non-chlorine bleach only if necessary<\/li>\n<li>Tumble dry on low heat<\/li>\n<li>Iron on cold only if necessary<\/li>\n<\/ul>\n<p>&nbsp;<\/p>\n<p>Delivery time: 1 to 6 working days via MRW<\/p>","protected":false},"excerpt":{"rendered":"<p>Zapatillas de entrenamiento UA Charged Aurora 2 para mujer color negro &nbsp; Caracteristicas: Con un dise\u00f1o pensado para sacar el m\u00e1ximo partido a cada repetici\u00f3n, el refuerzo del mediopi\u00e9 a\u00f1ade sujeci\u00f3n y estabilidad en cualquier direcci\u00f3n y te ofrece materiales transpirables y una amortiguaci\u00f3n que absorbe cada impacto Dise\u00f1o espec\u00edfico para mujer con un ajuste [&hellip;]<\/p>\n","protected":false},"featured_media":248,"comment_status":"open","ping_status":"closed","template":"","meta":[],"product_brand":[],"product_cat":[20],"product_tag":[],"class_list":{"0":"post-247","1":"product","2":"type-product","3":"status-publish","4":"has-post-thumbnail","6":"product_cat-calzado-deportivo","8":"first","9":"instock","10":"taxable","11":"shipping-taxable","12":"purchasable","13":"product-type-variable"},"aioseo_notices":[],"_links":{"self":[{"href":"https:\/\/onemoreup.es\/en\/wp-json\/wp\/v2\/product\/247","targetHints":{"allow":["GET"]}}],"collection":[{"href":"https:\/\/onemoreup.es\/en\/wp-json\/wp\/v2\/product"}],"about":[{"href":"https:\/\/onemoreup.es\/en\/wp-json\/wp\/v2\/types\/product"}],"replies":[{"embeddable":true,"href":"https:\/\/onemoreup.es\/en\/wp-json\/wp\/v2\/comments?post=247"}],"wp:featuredmedia":[{"embeddable":true,"href":"https:\/\/onemoreup.es\/en\/wp-json\/wp\/v2\/media\/248"}],"wp:attachment":[{"href":"https:\/\/onemoreup.es\/en\/wp-json\/wp\/v2\/media?parent=247"}],"wp:term":[{"taxonomy":"product_brand","embeddable":true,"href":"https:\/\/onemoreup.es\/en\/wp-json\/wp\/v2\/product_brand?post=247"},{"taxonomy":"product_cat","embeddable":true,"href":"https:\/\/onemoreup.es\/en\/wp-json\/wp\/v2\/product_cat?post=247"},{"taxonomy":"product_tag","embeddable":true,"href":"https:\/\/onemoreup.es\/en\/wp-json\/wp\/v2\/product_tag?post=247"}],"curies":[{"name":"wp","href":"https:\/\/api.w.org\/{rel}","templated":true}]}}