{"id":2508,"date":"2025-09-12T09:33:30","date_gmt":"2025-09-12T09:33:30","guid":{"rendered":"https:\/\/onemoreup.es\/?post_type=product&#038;p=2508"},"modified":"2025-09-25T08:20:21","modified_gmt":"2025-09-25T08:20:21","slug":"myprotein-creatina-monohidrato-en-polvo-3g-por-racion-bolsa-resellable-de-250g","status":"publish","type":"product","link":"https:\/\/onemoreup.es\/en\/tienda\/myprotein-creatina-monohidrato-en-polvo-3g-por-racion-bolsa-resellable-de-250g\/","title":{"rendered":"Myprotein Creatine Monohydrate Powder | 3g per serving | 250g Resealable Bag"},"content":{"rendered":"<p data-start=\"211\" data-end=\"493\">The <strong data-start=\"214\" data-end=\"251\">Creatine Monohydrate from MyProtein<\/strong> It&#039;s a high-quality supplement designed for those seeking increased strength, power, and endurance in their workouts. With more than <strong data-start=\"383\" data-end=\"415\">5,000 5-star reviews<\/strong>, It is one of the most recommended products by athletes worldwide.<\/p>\n<p data-start=\"495\" data-end=\"749\"><strong data-start=\"498\" data-end=\"532\">3g of pure creatine per dose<\/strong>scientifically proven for <strong data-start=\"566\" data-end=\"642\">improve physical performance in intense, short-duration exercises<\/strong> (<em data-start=\"644\" data-end=\"668\">EU Regulation 432\/2012<\/em>Ideal for strength sports, CrossFit and high-intensity workouts.<\/p>\n<p data-start=\"751\" data-end=\"915\"><strong data-start=\"758\" data-end=\"779\">Break your limits<\/strong>More reps, more weight, more results. Perfect for supporting the <strong data-start=\"849\" data-end=\"880\">increase in muscle mass<\/strong> and improve your personal bests.<\/p>\n<p data-start=\"917\" data-end=\"1064\"><strong data-start=\"920\" data-end=\"960\">Tasteless and easy-to-mix formula<\/strong>: quick and lump-free dissolution, so you can combine it with water, juices or smoothies without altering their flavor.<\/p>\n<p data-start=\"1066\" data-end=\"1214\"><strong data-start=\"1069\" data-end=\"1108\">Suitable for vegetarians and gluten-free<\/strong>: available in resealable bags <strong data-start=\"1146\" data-end=\"1163\">250 g and 500 g<\/strong>, comfortable to maintain the freshness of the product.<\/p>\n<p data-start=\"1216\" data-end=\"1418\"><strong data-start=\"1218\" data-end=\"1241\">Quality guaranteed<\/strong>Developed by nutritionists, endorsed by <strong data-start=\"1288\" data-end=\"1307\">Informed Choice<\/strong> and free from banned substances. Backed by the UK&#039;s No. 1 sports nutrition brand.<\/p>\n<p data-start=\"1216\" data-end=\"1418\">Train harder, longer, and with the confidence of a top-quality supplement.<\/p>\n<p data-start=\"1420\" data-end=\"1520\">Available in <strong data-start=\"1437\" data-end=\"1452\">ONE MORE UP<\/strong>, with fast delivery in <strong data-start=\"1476\" data-end=\"1517\">1 to 3 business days via MRW<\/strong>.<\/p>\n<p data-start=\"1522\" data-end=\"1612\">","protected":false},"excerpt":{"rendered":"<p>La Creatina Monohidrato de MyProtein es un suplemento de alta calidad dise\u00f1ado para quienes buscan m\u00e1s fuerza, potencia y resistencia en sus entrenamientos. Con m\u00e1s de 5.000 rese\u00f1as de 5 estrellas, es uno de los productos m\u00e1s recomendados por deportistas de todo el mundo. 3 g de creatina pura por dosis: cient\u00edficamente comprobada para mejorar [&hellip;]<\/p>\n","protected":false},"featured_media":2514,"comment_status":"open","ping_status":"closed","template":"","meta":[],"product_brand":[],"product_cat":[18,158],"product_tag":[],"class_list":{"0":"post-2508","1":"product","2":"type-product","3":"status-publish","4":"has-post-thumbnail","6":"product_cat-complementacion-alimentaria","7":"product_cat-proteinas","9":"first","10":"instock","11":"taxable","12":"shipping-taxable","13":"purchasable","14":"product-type-simple"},"aioseo_notices":[],"_links":{"self":[{"href":"https:\/\/onemoreup.es\/en\/wp-json\/wp\/v2\/product\/2508","targetHints":{"allow":["GET"]}}],"collection":[{"href":"https:\/\/onemoreup.es\/en\/wp-json\/wp\/v2\/product"}],"about":[{"href":"https:\/\/onemoreup.es\/en\/wp-json\/wp\/v2\/types\/product"}],"replies":[{"embeddable":true,"href":"https:\/\/onemoreup.es\/en\/wp-json\/wp\/v2\/comments?post=2508"}],"wp:featuredmedia":[{"embeddable":true,"href":"https:\/\/onemoreup.es\/en\/wp-json\/wp\/v2\/media\/2514"}],"wp:attachment":[{"href":"https:\/\/onemoreup.es\/en\/wp-json\/wp\/v2\/media?parent=2508"}],"wp:term":[{"taxonomy":"product_brand","embeddable":true,"href":"https:\/\/onemoreup.es\/en\/wp-json\/wp\/v2\/product_brand?post=2508"},{"taxonomy":"product_cat","embeddable":true,"href":"https:\/\/onemoreup.es\/en\/wp-json\/wp\/v2\/product_cat?post=2508"},{"taxonomy":"product_tag","embeddable":true,"href":"https:\/\/onemoreup.es\/en\/wp-json\/wp\/v2\/product_tag?post=2508"}],"curies":[{"name":"wp","href":"https:\/\/api.w.org\/{rel}","templated":true}]}}