{"id":2538,"date":"2025-09-12T09:50:06","date_gmt":"2025-09-12T09:50:06","guid":{"rendered":"https:\/\/onemoreup.es\/?post_type=product&#038;p=2538"},"modified":"2025-09-12T10:09:03","modified_gmt":"2025-09-12T10:09:03","slug":"hoka-tenis-arahi-8-para-mujer","status":"publish","type":"product","link":"https:\/\/onemoreup.es\/en\/tienda\/hoka-tenis-arahi-8-para-mujer\/","title":{"rendered":"HOKA Arahi 8 Women&#039;s Tennis Shoes"},"content":{"rendered":"<p>A stability shoe with surprising elegance.<br \/>\nThe Arahi 8 is an exceptional stability shoe that provides a secure wearing experience by using softer materials than its predecessor. The secret lies in the evolution of H-Frame\u2122 technology. We&#039;ve combined this intuitive system, which counteracts overpronation by ensuring a smooth entry into the gait cycle, with a soft jacquard upper and a low-profile outsole to deliver a stylish stability shoe with unparalleled cushioning.<br \/>\nSuitable for: Road<br \/>\nCharacteristics:<br \/>\nDouble jacquard mesh<br \/>\nH-Frame\u2122 Stabilizing Technology<br \/>\nDual-density compression-molded EVA<br \/>\nabrasion-resistant rubber<br \/>\nmodular arrangement of the sole elements<br \/>\nReflective details<br \/>\nMesh upper (62% recycled nylon, 25% recycled CDP, 11% recycled polyester, 2% elastane)<br \/>\nNEW PRODUCTS<br \/>\nWe&#039;ve improved the fit with a new shape, streamlined the silhouette, and implemented our patented H-Frame\u2122 technology to allow the use of softer foams.<br \/>\nProduct specifications<br \/>\nDetails<br \/>\nWeight 219.00 g<br \/>\nHeel drop 8.00 mm<br \/>\nStability Stable<br \/>\nArahi 8 contains H-Frame\u2122 technology, designed to prevent excessive inward bending, or overpronation, without overcorrecting your gait.<br \/>\nBalanced Damping<br \/>\nThe Arahi 8 is designed to offer protective cushioning, while maintaining a responsive thrust when you want to increase your speed.<\/p>\n<p>&nbsp;<\/p>","protected":false},"excerpt":{"rendered":"<p>Zapatilla de estabilidad con una elegancia sorprendente. Arahi 8 es una zapatilla de estabilidad excepcional que proporciona una experiencia de uso segura al emplear materiales m\u00e1s blandos que el modelo anterior. El secreto reside en la evoluci\u00f3n de la tecnolog\u00eda H-Frame\u2122. Hemos combinado este intuitivo sistema, que contrarresta la sobrepronaci\u00f3n garantizando una entrada suave en [&hellip;]<\/p>\n","protected":false},"featured_media":2550,"comment_status":"open","ping_status":"closed","template":"","meta":[],"product_brand":[],"product_cat":[20],"product_tag":[],"class_list":{"0":"post-2538","1":"product","2":"type-product","3":"status-publish","4":"has-post-thumbnail","6":"product_cat-calzado-deportivo","8":"first","9":"instock","10":"sale","11":"taxable","12":"shipping-taxable","13":"purchasable","14":"product-type-variable"},"aioseo_notices":[],"_links":{"self":[{"href":"https:\/\/onemoreup.es\/en\/wp-json\/wp\/v2\/product\/2538","targetHints":{"allow":["GET"]}}],"collection":[{"href":"https:\/\/onemoreup.es\/en\/wp-json\/wp\/v2\/product"}],"about":[{"href":"https:\/\/onemoreup.es\/en\/wp-json\/wp\/v2\/types\/product"}],"replies":[{"embeddable":true,"href":"https:\/\/onemoreup.es\/en\/wp-json\/wp\/v2\/comments?post=2538"}],"wp:featuredmedia":[{"embeddable":true,"href":"https:\/\/onemoreup.es\/en\/wp-json\/wp\/v2\/media\/2550"}],"wp:attachment":[{"href":"https:\/\/onemoreup.es\/en\/wp-json\/wp\/v2\/media?parent=2538"}],"wp:term":[{"taxonomy":"product_brand","embeddable":true,"href":"https:\/\/onemoreup.es\/en\/wp-json\/wp\/v2\/product_brand?post=2538"},{"taxonomy":"product_cat","embeddable":true,"href":"https:\/\/onemoreup.es\/en\/wp-json\/wp\/v2\/product_cat?post=2538"},{"taxonomy":"product_tag","embeddable":true,"href":"https:\/\/onemoreup.es\/en\/wp-json\/wp\/v2\/product_tag?post=2538"}],"curies":[{"name":"wp","href":"https:\/\/api.w.org\/{rel}","templated":true}]}}