{"id":2698,"date":"2025-09-22T10:37:11","date_gmt":"2025-09-22T10:37:11","guid":{"rendered":"https:\/\/onemoreup.es\/?post_type=product&#038;p=2698"},"modified":"2025-11-03T12:13:41","modified_gmt":"2025-11-03T12:13:41","slug":"2698","status":"publish","type":"product","link":"https:\/\/onemoreup.es\/en\/tienda\/2698\/","title":{"rendered":"Master MAP | Essential Amino Acids + Vitamin B6 \u2013 400 g"},"content":{"rendered":"<h3 data-start=\"591\" data-end=\"658\">\u26a1 <strong data-start=\"597\" data-end=\"658\">Master MAP | Essential Amino Acids + Vitamin B6 \u2013 400 g<\/strong><\/h3>\n<p data-start=\"660\" data-end=\"966\"><strong data-start=\"660\" data-end=\"674\">Master MAP<\/strong> It is an advanced formula that combines the nine essential amino acids with Vitamin B6 in a soluble and pleasant-tasting format.<br data-start=\"803\" data-end=\"806\" \/>Designed for those looking to supplement their daily diet, it provides a balanced mix of essential nutrients for any active lifestyle.<\/p>\n<hr data-start=\"968\" data-end=\"971\" \/>\n<p data-start=\"973\" data-end=\"1008\">\u2705 <strong data-start=\"975\" data-end=\"1006\">Main features<\/strong><\/p>\n<ul data-start=\"1009\" data-end=\"1299\">\n<li data-start=\"1009\" data-end=\"1160\">\n<p data-start=\"1011\" data-end=\"1160\">With the 9 essential amino acids (L-Leucine, L-Valine, L-Isoleucine, L-Lysine, L-Phenylalanine, L-Threonine, L-Histidine, L-Methionine and L-Tryptophan)<\/p>\n<\/li>\n<li data-start=\"1161\" data-end=\"1192\">\n<p data-start=\"1163\" data-end=\"1192\">Enriched with Vitamin B6<\/p>\n<\/li>\n<li data-start=\"1193\" data-end=\"1232\">\n<p data-start=\"1195\" data-end=\"1232\">Pleasant taste and easy to dissolve<\/p>\n<\/li>\n<li data-start=\"1233\" data-end=\"1278\">\n<p data-start=\"1235\" data-end=\"1278\">Balanced dose of amino acids per serving<\/p>\n<\/li>\n<li data-start=\"1279\" data-end=\"1299\">\n<p data-start=\"1281\" data-end=\"1299\">400g per container<\/p>\n<\/li>\n<\/ul>\n<hr data-start=\"1301\" data-end=\"1304\" \/>\n<p data-start=\"1306\" data-end=\"1527\">\ud83e\udd64 <strong data-start=\"1309\" data-end=\"1337\">Suggested consumption method<\/strong><br data-start=\"1337\" data-end=\"1340\" \/>Mix 10g of the product with water or another beverage of your choice.<br data-start=\"1403\" data-end=\"1406\" \/>Take it before, during or after your physical activity, or at any time of day as part of a balanced diet.<\/p>\n<hr data-start=\"1529\" data-end=\"1532\" \/>\n<p data-start=\"1534\" data-end=\"1768\">\ud83e\uddea <strong data-start=\"1537\" data-end=\"1565\">Main ingredients<\/strong><br data-start=\"1565\" data-end=\"1568\" \/>L-Leucine, L-Valine, L-Isoleucine, L-Lysine, L-Phenylalanine, L-Threonine, L-Histidine, L-Methionine, L-Tryptophan, Vitamin B6, Sucralose, Acesulfame K, Citric acid and natural beet color.<\/p>\n<hr data-start=\"1770\" data-end=\"1773\" \/>\n<p data-start=\"1775\" data-end=\"1831\">\ud83d\udce6 <strong data-start=\"1778\" data-end=\"1799\">Delivery time:<\/strong> 1-3 business days with MRW<\/p>","protected":false},"excerpt":{"rendered":"<p>\u26a1 Master MAP | Amino\u00e1cidos Esenciales + Vitamina B6 \u2013 400 g Master MAP es una f\u00f3rmula avanzada que combina los nueve amino\u00e1cidos esenciales con Vitamina B6 en un formato soluble y de agradable sabor.Dise\u00f1ado para quienes buscan complementar su alimentaci\u00f3n diaria, aporta una mezcla equilibrada de nutrientes esenciales para cualquier estilo de vida activo. [&hellip;]<\/p>\n","protected":false},"featured_media":2702,"comment_status":"open","ping_status":"closed","template":"","meta":[],"product_brand":[],"product_cat":[18,162],"product_tag":[],"class_list":{"0":"post-2698","1":"product","2":"type-product","3":"status-publish","4":"has-post-thumbnail","6":"product_cat-complementacion-alimentaria","7":"product_cat-suplementacion-y-vitaminas","9":"first","10":"instock","11":"taxable","12":"shipping-taxable","13":"purchasable","14":"product-type-simple"},"aioseo_notices":[],"_links":{"self":[{"href":"https:\/\/onemoreup.es\/en\/wp-json\/wp\/v2\/product\/2698","targetHints":{"allow":["GET"]}}],"collection":[{"href":"https:\/\/onemoreup.es\/en\/wp-json\/wp\/v2\/product"}],"about":[{"href":"https:\/\/onemoreup.es\/en\/wp-json\/wp\/v2\/types\/product"}],"replies":[{"embeddable":true,"href":"https:\/\/onemoreup.es\/en\/wp-json\/wp\/v2\/comments?post=2698"}],"wp:featuredmedia":[{"embeddable":true,"href":"https:\/\/onemoreup.es\/en\/wp-json\/wp\/v2\/media\/2702"}],"wp:attachment":[{"href":"https:\/\/onemoreup.es\/en\/wp-json\/wp\/v2\/media?parent=2698"}],"wp:term":[{"taxonomy":"product_brand","embeddable":true,"href":"https:\/\/onemoreup.es\/en\/wp-json\/wp\/v2\/product_brand?post=2698"},{"taxonomy":"product_cat","embeddable":true,"href":"https:\/\/onemoreup.es\/en\/wp-json\/wp\/v2\/product_cat?post=2698"},{"taxonomy":"product_tag","embeddable":true,"href":"https:\/\/onemoreup.es\/en\/wp-json\/wp\/v2\/product_tag?post=2698"}],"curies":[{"name":"wp","href":"https:\/\/api.w.org\/{rel}","templated":true}]}}