{"id":2711,"date":"2025-09-22T10:49:04","date_gmt":"2025-09-22T10:49:04","guid":{"rendered":"https:\/\/onemoreup.es\/?post_type=product&#038;p=2711"},"modified":"2025-09-25T08:16:20","modified_gmt":"2025-09-25T08:16:20","slug":"bcaa-glutamine-aminoacidos-glutamina-315-g","status":"publish","type":"product","link":"https:\/\/onemoreup.es\/en\/tienda\/bcaa-glutamine-aminoacidos-glutamina-315-g\/","title":{"rendered":"BCAA + Glutamine | Amino Acids + Glutamine | 315 g"},"content":{"rendered":"<h3 data-start=\"182\" data-end=\"238\">BCAA + Glutamine | Amino Acids + Glutamine | 315 g<\/h3>\n<p data-start=\"239\" data-end=\"266\"><strong data-start=\"239\" data-end=\"264\">Hypertrophy Nutrition<\/strong><\/p>\n<p data-start=\"239\" data-end=\"266\">Flavor: lemon or orange<\/p>\n<p data-start=\"268\" data-end=\"592\">Boost your recovery and protect your muscle mass with this advanced formula that combines <strong data-start=\"355\" data-end=\"417\">BCAA&#039;s in ratio 2:1:1 (L-Leucine, L-Isoleucine and L-Valine)<\/strong> along with <strong data-start=\"428\" data-end=\"452\">L-Glutamine powder<\/strong>. A blend designed to support both high-performance athletes and those looking to improve their recovery after exercise.<\/p>\n<p data-start=\"594\" data-end=\"1111\">\u2714\ufe0f <strong data-start=\"597\" data-end=\"623\">Accelerated recovery<\/strong>BCAAs promote muscle protein synthesis and help reduce catabolism after intense workouts.<br data-start=\"743\" data-end=\"746\" \/>\u2714\ufe0f <strong data-start=\"749\" data-end=\"777\">Strengthened immune system<\/strong>Glutamine contributes to the proper functioning of the immune system and intestinal balance.<br data-start=\"882\" data-end=\"885\" \/>\u2714\ufe0f <strong data-start=\"888\" data-end=\"913\">Energy and performance<\/strong>Key nutrients to keep your body prepared for fatigue and continuous physical exertion.<br data-start=\"1015\" data-end=\"1018\" \/>\u2714\ufe0f <strong data-start=\"1021\" data-end=\"1041\">Powder format<\/strong>: easy to mix with water or your favorite post-workout beverage.<\/p>\n<p data-start=\"1113\" data-end=\"1236\">\ud83d\udcaa Add it to your routine after training and maximize your strength, endurance and muscle growth results.<\/p>\n<p data-start=\"1238\" data-end=\"1294\">\ud83d\udce6 <strong data-start=\"1241\" data-end=\"1292\">Delivery time: 1 to 3 business days with MRW<\/strong><\/p>","protected":false},"excerpt":{"rendered":"<p>BCAA + Glutamine | Amino\u00e1cidos + Glutamina | 315 g Hypertrophy Nutrition Sabor: lim\u00f3n o naranja Impulsa tu recuperaci\u00f3n y cuida tu masa muscular con esta f\u00f3rmula avanzada que combina BCAA\u2019s en ratio 2:1:1 (L-Leucina, L-Isoleucina y L-Valina) junto con L-Glutamina en polvo. Una mezcla dise\u00f1ada para apoyar tanto a deportistas de alto rendimiento como [&hellip;]<\/p>\n","protected":false},"featured_media":2716,"comment_status":"open","ping_status":"closed","template":"","meta":[],"product_brand":[],"product_cat":[18,162],"product_tag":[],"class_list":{"0":"post-2711","1":"product","2":"type-product","3":"status-publish","4":"has-post-thumbnail","6":"product_cat-complementacion-alimentaria","7":"product_cat-suplementacion-y-vitaminas","9":"first","10":"instock","11":"taxable","12":"shipping-taxable","13":"purchasable","14":"product-type-variable"},"aioseo_notices":[],"_links":{"self":[{"href":"https:\/\/onemoreup.es\/en\/wp-json\/wp\/v2\/product\/2711","targetHints":{"allow":["GET"]}}],"collection":[{"href":"https:\/\/onemoreup.es\/en\/wp-json\/wp\/v2\/product"}],"about":[{"href":"https:\/\/onemoreup.es\/en\/wp-json\/wp\/v2\/types\/product"}],"replies":[{"embeddable":true,"href":"https:\/\/onemoreup.es\/en\/wp-json\/wp\/v2\/comments?post=2711"}],"wp:featuredmedia":[{"embeddable":true,"href":"https:\/\/onemoreup.es\/en\/wp-json\/wp\/v2\/media\/2716"}],"wp:attachment":[{"href":"https:\/\/onemoreup.es\/en\/wp-json\/wp\/v2\/media?parent=2711"}],"wp:term":[{"taxonomy":"product_brand","embeddable":true,"href":"https:\/\/onemoreup.es\/en\/wp-json\/wp\/v2\/product_brand?post=2711"},{"taxonomy":"product_cat","embeddable":true,"href":"https:\/\/onemoreup.es\/en\/wp-json\/wp\/v2\/product_cat?post=2711"},{"taxonomy":"product_tag","embeddable":true,"href":"https:\/\/onemoreup.es\/en\/wp-json\/wp\/v2\/product_tag?post=2711"}],"curies":[{"name":"wp","href":"https:\/\/api.w.org\/{rel}","templated":true}]}}