{"id":2720,"date":"2025-09-22T10:55:54","date_gmt":"2025-09-22T10:55:54","guid":{"rendered":"https:\/\/onemoreup.es\/?post_type=product&#038;p=2720"},"modified":"2025-09-30T08:55:15","modified_gmt":"2025-09-30T08:55:15","slug":"l-carnitina-500mg-aminoacido-quemador-de-grasa-100-capsulas","status":"publish","type":"product","link":"https:\/\/onemoreup.es\/en\/tienda\/l-carnitina-500mg-aminoacido-quemador-de-grasa-100-capsulas\/","title":{"rendered":"L-Carnitine 500 mg | 100 Capsules | Hypertrophy Nutrition"},"content":{"rendered":"<p data-start=\"476\" data-end=\"539\"><strong data-start=\"476\" data-end=\"537\">L-Carnitine 500 mg | 100 Capsules | Hypertrophy Nutrition<\/strong><\/p>\n<p data-start=\"541\" data-end=\"706\">Dietary supplement in capsules with L-Carnitine tartrate. Each capsule contains 500 mg of L-Carnitine, an amino acid naturally present in the body.<\/p>\n<p data-start=\"708\" data-end=\"872\">\u2714\ufe0f 500 mg of L-Carnitine per capsule.<br data-start=\"745\" data-end=\"748\" \/>\u2714\ufe0f Convenient format: 100 capsules per package.<br data-start=\"791\" data-end=\"794\" \/>\u2714\ufe0f Easy-to-take capsules.<br data-start=\"823\" data-end=\"826\" \/>\u2714\ufe0f Suitable to include in your sports routine.<\/p>\n<p data-start=\"874\" data-end=\"998\"><strong data-start=\"874\" data-end=\"901\">Recommended usage<\/strong><br data-start=\"901\" data-end=\"904\" \/>Consume the indicated dose with water, preferably with one of the main meals.<\/p>\n<p data-start=\"1000\" data-end=\"1077\"><strong data-start=\"1000\" data-end=\"1016\">Ingredients<\/strong><br data-start=\"1016\" data-end=\"1019\" \/>L-Carnitine tartrate, bulking agents, vegetable capsule.<\/p>\n<p data-start=\"1179\" data-end=\"1235\">\ud83d\udce6 <strong data-start=\"1182\" data-end=\"1233\">Delivery time: 1 to 3 business days with MRW<\/strong><\/p>","protected":false},"excerpt":{"rendered":"<p>L-Carnitina 500 mg | 100 C\u00e1psulas | Hypertrophy Nutrition Complemento alimenticio en c\u00e1psulas con L-Carnitina tartrato. Cada c\u00e1psula contiene 500 mg de L-Carnitina, un amino\u00e1cido presente de forma natural en el organismo. \u2714\ufe0f 500 mg de L-Carnitina por c\u00e1psula.\u2714\ufe0f Formato c\u00f3modo: 100 c\u00e1psulas por envase.\u2714\ufe0f C\u00e1psulas f\u00e1ciles de tomar.\u2714\ufe0f Apto para incluir en tu rutina [&hellip;]<\/p>\n","protected":false},"featured_media":2725,"comment_status":"open","ping_status":"closed","template":"","meta":[],"product_brand":[],"product_cat":[18,165,166,162],"product_tag":[],"class_list":{"0":"post-2720","1":"product","2":"type-product","3":"status-publish","4":"has-post-thumbnail","6":"product_cat-complementacion-alimentaria","7":"product_cat-control-maximo-rendimiento-el","8":"product_cat-control-maximo-rendimineto-ella","9":"product_cat-suplementacion-y-vitaminas","11":"first","12":"instock","13":"taxable","14":"shipping-taxable","15":"purchasable","16":"product-type-simple"},"aioseo_notices":[],"_links":{"self":[{"href":"https:\/\/onemoreup.es\/en\/wp-json\/wp\/v2\/product\/2720","targetHints":{"allow":["GET"]}}],"collection":[{"href":"https:\/\/onemoreup.es\/en\/wp-json\/wp\/v2\/product"}],"about":[{"href":"https:\/\/onemoreup.es\/en\/wp-json\/wp\/v2\/types\/product"}],"replies":[{"embeddable":true,"href":"https:\/\/onemoreup.es\/en\/wp-json\/wp\/v2\/comments?post=2720"}],"wp:featuredmedia":[{"embeddable":true,"href":"https:\/\/onemoreup.es\/en\/wp-json\/wp\/v2\/media\/2725"}],"wp:attachment":[{"href":"https:\/\/onemoreup.es\/en\/wp-json\/wp\/v2\/media?parent=2720"}],"wp:term":[{"taxonomy":"product_brand","embeddable":true,"href":"https:\/\/onemoreup.es\/en\/wp-json\/wp\/v2\/product_brand?post=2720"},{"taxonomy":"product_cat","embeddable":true,"href":"https:\/\/onemoreup.es\/en\/wp-json\/wp\/v2\/product_cat?post=2720"},{"taxonomy":"product_tag","embeddable":true,"href":"https:\/\/onemoreup.es\/en\/wp-json\/wp\/v2\/product_tag?post=2720"}],"curies":[{"name":"wp","href":"https:\/\/api.w.org\/{rel}","templated":true}]}}