{"id":2734,"date":"2025-09-22T11:10:29","date_gmt":"2025-09-22T11:10:29","guid":{"rendered":"https:\/\/onemoreup.es\/?post_type=product&#038;p=2734"},"modified":"2025-09-25T08:20:20","modified_gmt":"2025-09-25T08:20:20","slug":"manhattan-isatc-proteinas-en-polvo-2-kg","status":"publish","type":"product","link":"https:\/\/onemoreup.es\/en\/tienda\/manhattan-isatc-proteinas-en-polvo-2-kg\/","title":{"rendered":"Manhattan ISATC | Protein Powder | 2 kg"},"content":{"rendered":"<h3 data-start=\"187\" data-end=\"236\">Manhattan ISATC | Protein Powder | 2 kg<\/h3>\n<p data-start=\"237\" data-end=\"264\"><strong data-start=\"237\" data-end=\"262\">Hypertrophy Nutrition<\/strong><\/p>\n<p data-start=\"237\" data-end=\"264\">Flavors: chocolate, banana, vanilla, cookies cream, strawberry yogurt<\/p>\n<p data-start=\"266\" data-end=\"395\">Achieve your strength and recovery goals with <strong data-start=\"317\" data-end=\"336\">Manhattan ISATC<\/strong>, an advanced protein powder formula that combines:<\/p>\n<ul data-start=\"397\" data-end=\"571\">\n<li data-start=\"397\" data-end=\"442\">\n<p data-start=\"399\" data-end=\"442\"><strong data-start=\"399\" data-end=\"440\">Whey protein isolate<\/strong><\/p>\n<\/li>\n<li data-start=\"443\" data-end=\"492\">\n<p data-start=\"445\" data-end=\"492\"><strong data-start=\"445\" data-end=\"490\">Whey protein hydrolyzate<\/strong><\/p>\n<\/li>\n<li data-start=\"493\" data-end=\"571\">\n<p data-start=\"495\" data-end=\"571\"><strong data-start=\"495\" data-end=\"569\">Cross-flow ultrafiltered whey protein concentrate (CFM)<\/strong><\/p>\n<\/li>\n<\/ul>\n<p data-start=\"573\" data-end=\"788\">Thanks to its exclusive process of <strong data-start=\"607\" data-end=\"650\">crossflow microfiltration (CFM)<\/strong>, This protein offers a very low carbohydrate and fat content, ensuring a clean, high-quality intake for your body.<\/p>\n<p data-start=\"790\" data-end=\"1225\">\u2714\ufe0f <strong data-start=\"793\" data-end=\"825\">Fast and effective recovery<\/strong>: helps repair muscle fibers after intense workouts.<br data-start=\"890\" data-end=\"893\" \/>\u2714\ufe0f <strong data-start=\"896\" data-end=\"927\">Optimal muscle growth<\/strong>: Highly bioavailable whey protein for improved protein synthesis.<br data-start=\"1006\" data-end=\"1009\" \/>\u2714\ufe0f <strong data-start=\"1012\" data-end=\"1046\">Low in carbohydrates and fats<\/strong>: ideal for definition or weight control diets.<br data-start=\"1098\" data-end=\"1101\" \/>\u2714\ufe0f <strong data-start=\"1104\" data-end=\"1137\">Excellent taste and dissolution<\/strong>: perfect to take as a post-workout shake or at any time of day.<\/p>\n<p data-start=\"1227\" data-end=\"1370\">\ud83d\udcaa With <strong data-start=\"1234\" data-end=\"1253\">Manhattan ISATC<\/strong>, your body receives the essential nutrients to recover faster, gain strength, and reach your best version.<\/p>\n<p data-start=\"1372\" data-end=\"1428\">\ud83d\udce6 <strong data-start=\"1375\" data-end=\"1426\">Delivery time: 1 to 3 business days with MRW<\/strong><\/p>","protected":false},"excerpt":{"rendered":"<p>Manhattan ISATC | Prote\u00ednas en Polvo | 2 kg Hypertrophy Nutrition sabores: chocolate, pl\u00e1tano, vainilla, cookies cream, strawberry yogurt Alcanza tus objetivos de fuerza y recuperaci\u00f3n con Manhattan ISATC, una f\u00f3rmula avanzada de prote\u00ednas en polvo que combina: Aislado de prote\u00edna de suero de leche Hidrolizado de prote\u00edna de suero de leche Concentrado de prote\u00edna [&hellip;]<\/p>\n","protected":false},"featured_media":2733,"comment_status":"open","ping_status":"closed","template":"","meta":[],"product_brand":[],"product_cat":[18,158],"product_tag":[],"class_list":{"0":"post-2734","1":"product","2":"type-product","3":"status-publish","4":"has-post-thumbnail","6":"product_cat-complementacion-alimentaria","7":"product_cat-proteinas","9":"first","10":"instock","11":"taxable","12":"shipping-taxable","13":"purchasable","14":"product-type-variable"},"aioseo_notices":[],"_links":{"self":[{"href":"https:\/\/onemoreup.es\/en\/wp-json\/wp\/v2\/product\/2734","targetHints":{"allow":["GET"]}}],"collection":[{"href":"https:\/\/onemoreup.es\/en\/wp-json\/wp\/v2\/product"}],"about":[{"href":"https:\/\/onemoreup.es\/en\/wp-json\/wp\/v2\/types\/product"}],"replies":[{"embeddable":true,"href":"https:\/\/onemoreup.es\/en\/wp-json\/wp\/v2\/comments?post=2734"}],"wp:featuredmedia":[{"embeddable":true,"href":"https:\/\/onemoreup.es\/en\/wp-json\/wp\/v2\/media\/2733"}],"wp:attachment":[{"href":"https:\/\/onemoreup.es\/en\/wp-json\/wp\/v2\/media?parent=2734"}],"wp:term":[{"taxonomy":"product_brand","embeddable":true,"href":"https:\/\/onemoreup.es\/en\/wp-json\/wp\/v2\/product_brand?post=2734"},{"taxonomy":"product_cat","embeddable":true,"href":"https:\/\/onemoreup.es\/en\/wp-json\/wp\/v2\/product_cat?post=2734"},{"taxonomy":"product_tag","embeddable":true,"href":"https:\/\/onemoreup.es\/en\/wp-json\/wp\/v2\/product_tag?post=2734"}],"curies":[{"name":"wp","href":"https:\/\/api.w.org\/{rel}","templated":true}]}}