{"id":2740,"date":"2025-09-22T11:21:54","date_gmt":"2025-09-22T11:21:54","guid":{"rendered":"https:\/\/onemoreup.es\/?post_type=product&#038;p=2740"},"modified":"2025-10-10T08:57:44","modified_gmt":"2025-10-10T08:57:44","slug":"neox-pre-workout-pre-entrenamiento-400-g","status":"publish","type":"product","link":"https:\/\/onemoreup.es\/en\/tienda\/neox-pre-workout-pre-entrenamiento-400-g\/","title":{"rendered":"Neox Pre Workout | Pre-Workout | 400 g"},"content":{"rendered":"<h3 data-start=\"157\" data-end=\"207\">Neox Pre Workout | Pre-Workout | 400 g<\/h3>\n<p data-start=\"208\" data-end=\"235\"><strong data-start=\"208\" data-end=\"233\">Hypertrophy Nutrition<\/strong><\/p>\n<p data-start=\"237\" data-end=\"528\">Ready to break your limits? <strong data-start=\"269\" data-end=\"289\">Neox Pre Workout<\/strong> It&#039;s a high-performance pre-workout designed to boost your strength, endurance, and focus in every session. Its advanced formula combines key ingredients in effective doses to take your training to the next level.<\/p>\n<ul data-start=\"530\" data-end=\"1112\">\n<li data-start=\"530\" data-end=\"603\">\n<p data-start=\"532\" data-end=\"603\"><strong data-start=\"532\" data-end=\"563\">1 g of sodium bicarbonate<\/strong>It helps delay muscle fatigue.<\/p>\n<\/li>\n<li data-start=\"604\" data-end=\"700\">\n<p data-start=\"606\" data-end=\"700\"><strong data-start=\"606\" data-end=\"658\">Creatine (monohydrate, ethyl ester and Magnapower\u00ae)<\/strong>: greater power, strength and explosiveness.<\/p>\n<\/li>\n<li data-start=\"701\" data-end=\"778\">\n<p data-start=\"703\" data-end=\"778\"><strong data-start=\"703\" data-end=\"725\">1.5 g of L-taurine<\/strong>: promotes cellular hydration and performance.<\/p>\n<\/li>\n<li data-start=\"779\" data-end=\"853\">\n<p data-start=\"781\" data-end=\"853\"><strong data-start=\"781\" data-end=\"807\">450 mg of beta-alanine<\/strong>It combats fatigue and improves endurance.<\/p>\n<\/li>\n<li data-start=\"854\" data-end=\"1021\">\n<p data-start=\"856\" data-end=\"1021\"><strong data-start=\"856\" data-end=\"950\">500 mg L-citrulline + 1.4 g L-arginine alpha-ketoglutarate + 250 mg L-arginine base<\/strong>They increase vasodilation and the supply of nutrients to the muscle.<\/p>\n<\/li>\n<li data-start=\"1022\" data-end=\"1112\">\n<p data-start=\"1024\" data-end=\"1112\"><strong data-start=\"1024\" data-end=\"1067\">200 mg of pure natural caffeine powder<\/strong>: immediate energy and mental focus.<\/p>\n<\/li>\n<\/ul>\n<p data-start=\"1114\" data-end=\"1319\">\u2714\ufe0f <strong data-start=\"1117\" data-end=\"1138\">Explosive energy<\/strong> to start your workouts at their best.<br data-start=\"1181\" data-end=\"1184\" \/>\u2714\ufe0f <strong data-start=\"1187\" data-end=\"1215\">More strength and endurance<\/strong> to beat your records.<br data-start=\"1240\" data-end=\"1243\" \/>\u2714\ufe0f <strong data-start=\"1246\" data-end=\"1286\">Greater concentration and mental focus<\/strong> to perform without distractions.<\/p>\n<p data-start=\"1321\" data-end=\"1446\">\ud83d\udca5 With <strong data-start=\"1328\" data-end=\"1348\">Neox Pre Workout<\/strong>, Each training session becomes an opportunity to improve yourself and reach your best version.<\/p>\n<p data-start=\"1448\" data-end=\"1504\">\ud83d\udce6 <strong data-start=\"1451\" data-end=\"1502\">Delivery time: 1 to 3 business days with MRW<\/strong><\/p>","protected":false},"excerpt":{"rendered":"<p>Neox Pre Workout | Pre-Entrenamiento | 400 g Hypertrophy Nutrition \u00bfListo para romper tus l\u00edmites? Neox Pre Workout es un pre-entrenamiento de alto rendimiento dise\u00f1ado para potenciar tu fuerza, resistencia y concentraci\u00f3n en cada sesi\u00f3n. Su f\u00f3rmula avanzada combina ingredientes clave en dosis eficaces para llevar tu entrenamiento al siguiente nivel: 1 g de bicarbonato [&hellip;]<\/p>\n","protected":false},"featured_media":2742,"comment_status":"open","ping_status":"closed","template":"","meta":[],"product_brand":[],"product_cat":[18,161],"product_tag":[],"class_list":{"0":"post-2740","1":"product","2":"type-product","3":"status-publish","4":"has-post-thumbnail","6":"product_cat-complementacion-alimentaria","7":"product_cat-pre-y-post-entrenos","9":"first","10":"instock","11":"taxable","12":"shipping-taxable","13":"purchasable","14":"product-type-variable"},"aioseo_notices":[],"_links":{"self":[{"href":"https:\/\/onemoreup.es\/en\/wp-json\/wp\/v2\/product\/2740","targetHints":{"allow":["GET"]}}],"collection":[{"href":"https:\/\/onemoreup.es\/en\/wp-json\/wp\/v2\/product"}],"about":[{"href":"https:\/\/onemoreup.es\/en\/wp-json\/wp\/v2\/types\/product"}],"replies":[{"embeddable":true,"href":"https:\/\/onemoreup.es\/en\/wp-json\/wp\/v2\/comments?post=2740"}],"wp:featuredmedia":[{"embeddable":true,"href":"https:\/\/onemoreup.es\/en\/wp-json\/wp\/v2\/media\/2742"}],"wp:attachment":[{"href":"https:\/\/onemoreup.es\/en\/wp-json\/wp\/v2\/media?parent=2740"}],"wp:term":[{"taxonomy":"product_brand","embeddable":true,"href":"https:\/\/onemoreup.es\/en\/wp-json\/wp\/v2\/product_brand?post=2740"},{"taxonomy":"product_cat","embeddable":true,"href":"https:\/\/onemoreup.es\/en\/wp-json\/wp\/v2\/product_cat?post=2740"},{"taxonomy":"product_tag","embeddable":true,"href":"https:\/\/onemoreup.es\/en\/wp-json\/wp\/v2\/product_tag?post=2740"}],"curies":[{"name":"wp","href":"https:\/\/api.w.org\/{rel}","templated":true}]}}