{"id":2764,"date":"2025-09-22T11:40:14","date_gmt":"2025-09-22T11:40:14","guid":{"rendered":"https:\/\/onemoreup.es\/?post_type=product&#038;p=2764"},"modified":"2025-09-25T09:31:22","modified_gmt":"2025-09-25T09:31:22","slug":"vida-antiage-antienvejecimiento-60-capsulas","status":"publish","type":"product","link":"https:\/\/onemoreup.es\/en\/tienda\/vida-antiage-antienvejecimiento-60-capsulas\/","title":{"rendered":"Anti-aging Life | Anti-aging | 60 Capsules"},"content":{"rendered":"<h3 data-start=\"297\" data-end=\"350\">Anti-aging Life | Anti-aging | 60 Capsules<\/h3>\n<p data-start=\"351\" data-end=\"378\"><strong data-start=\"351\" data-end=\"376\">Hypertrophy Nutrition<\/strong><\/p>\n<p data-start=\"380\" data-end=\"717\"><strong data-start=\"380\" data-end=\"396\">LIFE Anti-aging<\/strong> It is an advanced formula of <strong data-start=\"424\" data-end=\"445\">cellular nutrition<\/strong> Designed to delay and combat the signs of aging from the inside out. Thanks to the synergy of antioxidants, anti-inflammatories, and premium nutrients, it strengthens your body, protects cells, and enhances your long-term health, beauty, and vitality.<\/p>\n<h4 data-start=\"719\" data-end=\"750\">\u2705 Main benefits<\/h4>\n<ul data-start=\"751\" data-end=\"1240\">\n<li data-start=\"751\" data-end=\"822\">\n<p data-start=\"753\" data-end=\"822\">Protects against <strong data-start=\"771\" data-end=\"791\">oxidative stress<\/strong> and cellular aging.<\/p>\n<\/li>\n<li data-start=\"823\" data-end=\"883\">\n<p data-start=\"825\" data-end=\"883\">Strengthens the <strong data-start=\"837\" data-end=\"860\">immune system<\/strong> and daily energy.<\/p>\n<\/li>\n<li data-start=\"884\" data-end=\"964\">\n<p data-start=\"886\" data-end=\"964\">Promotes the <strong data-start=\"898\" data-end=\"924\">skin elasticity<\/strong> and helps reduce wrinkles and sagging.<\/p>\n<\/li>\n<li data-start=\"965\" data-end=\"1038\">\n<p data-start=\"967\" data-end=\"1038\">Power the <strong data-start=\"979\" data-end=\"1004\">collagen formation<\/strong> for firm and radiant skin.<\/p>\n<\/li>\n<li data-start=\"1039\" data-end=\"1102\">\n<p data-start=\"1041\" data-end=\"1102\">Protect the <strong data-start=\"1052\" data-end=\"1099\">heart, bones, memory and nervous system<\/strong>.<\/p>\n<\/li>\n<li data-start=\"1103\" data-end=\"1184\">\n<p data-start=\"1105\" data-end=\"1184\">With positive action on the <strong data-start=\"1135\" data-end=\"1148\">telomeres<\/strong>, key to cellular longevity.<\/p>\n<\/li>\n<li data-start=\"1185\" data-end=\"1240\">\n<p data-start=\"1187\" data-end=\"1240\">It helps to combat <strong data-start=\"1212\" data-end=\"1237\">fatigue and tiredness<\/strong>.<\/p>\n<\/li>\n<\/ul>\n<h4 data-start=\"1242\" data-end=\"1263\">\ud83e\udd64 How to use<\/h4>\n<p data-start=\"1264\" data-end=\"1417\">Take <strong data-start=\"1270\" data-end=\"1291\">2 capsules a day<\/strong> (one from each bottle) with plenty of water to ensure the full dose and maintain the effectiveness of the nutrients intact.<\/p>\n<h4 data-start=\"1419\" data-end=\"1452\">\ud83e\uddea Featured Ingredients<\/h4>\n<ul data-start=\"1453\" data-end=\"2123\">\n<li data-start=\"1453\" data-end=\"1519\">\n<p data-start=\"1455\" data-end=\"1519\"><strong data-start=\"1455\" data-end=\"1479\">Resveratrol Veri-te\u00ae<\/strong> \u2192 natural antioxidant and anti-wrinkle.<\/p>\n<\/li>\n<li data-start=\"1520\" data-end=\"1604\">\n<p data-start=\"1522\" data-end=\"1604\"><strong data-start=\"1522\" data-end=\"1544\">Acetyl L-Carnitine<\/strong> \u2192 more energy, active metabolism and cognitive protection.<\/p>\n<\/li>\n<li data-start=\"1605\" data-end=\"1686\">\n<p data-start=\"1607\" data-end=\"1686\"><strong data-start=\"1607\" data-end=\"1640\">Coenzyme Q10 Kaneka Ubiquinol<\/strong> \u2192 cellular vitality and cardiovascular health.<\/p>\n<\/li>\n<li data-start=\"1687\" data-end=\"1764\">\n<p data-start=\"1689\" data-end=\"1764\"><strong data-start=\"1689\" data-end=\"1714\">Vitamin C Pureway C\u00ae<\/strong> \u2192 immune boosting and collagen formation.<\/p>\n<\/li>\n<li data-start=\"1765\" data-end=\"1834\">\n<p data-start=\"1767\" data-end=\"1834\"><strong data-start=\"1767\" data-end=\"1792\">AstaReal\u00ae Astaxanthin<\/strong> \u2192 the most powerful known antioxidant.<\/p>\n<\/li>\n<li data-start=\"1835\" data-end=\"1931\">\n<p data-start=\"1837\" data-end=\"1931\"><strong data-start=\"1837\" data-end=\"1874\">Purslane and Astragalus Extract<\/strong> \u2192 antioxidant power and support for telomere health.<\/p>\n<\/li>\n<li data-start=\"1932\" data-end=\"2001\">\n<p data-start=\"1934\" data-end=\"2001\"><strong data-start=\"1934\" data-end=\"1956\">Reishi Extract<\/strong> \u2192 stimulates defenses and reduces tiredness.<\/p>\n<\/li>\n<li data-start=\"2002\" data-end=\"2123\">\n<p data-start=\"2004\" data-end=\"2123\"><strong data-start=\"2004\" data-end=\"2045\">Selenium, PQQ, Niacin, L-Glycine, NAC<\/strong> \u2192 Antioxidant and regenerative combination for health, energy and longevity.<\/p>\n<\/li>\n<\/ul>\n<p data-start=\"2125\" data-end=\"2272\">\ud83d\udc9c <strong data-start=\"2128\" data-end=\"2144\">LIFE Anti-aging<\/strong> It is your ally to rejuvenate from within, regain energy, maintain youthful skin and protect your long-term health.<\/p>\n<p data-start=\"2274\" data-end=\"2330\">\ud83d\udce6 <strong data-start=\"2277\" data-end=\"2328\">Delivery time: 1 to 3 business days with MRW<\/strong><\/p>\n<p>&nbsp;<\/p>","protected":false},"excerpt":{"rendered":"<p>Vida Antiage | Antienvejecimiento | 60 C\u00e1psulas Hypertrophy Nutrition VIDA Antiage es una f\u00f3rmula avanzada de nutrici\u00f3n celular dise\u00f1ada para retrasar y combatir los signos del envejecimiento desde dentro hacia fuera. Gracias a la sinergia de antioxidantes, antiinflamatorios y nutrientes premium, fortalece tu organismo, protege las c\u00e9lulas y potencia tu salud, belleza y vitalidad a [&hellip;]<\/p>\n","protected":false},"featured_media":2765,"comment_status":"open","ping_status":"closed","template":"","meta":[],"product_brand":[],"product_cat":[18,165,166,135,162],"product_tag":[],"class_list":{"0":"post-2764","1":"product","2":"type-product","3":"status-publish","4":"has-post-thumbnail","6":"product_cat-complementacion-alimentaria","7":"product_cat-control-maximo-rendimiento-el","8":"product_cat-control-maximo-rendimineto-ella","9":"product_cat-omu-beauty-care","10":"product_cat-suplementacion-y-vitaminas","12":"first","13":"instock","14":"taxable","15":"shipping-taxable","16":"purchasable","17":"product-type-simple"},"aioseo_notices":[],"_links":{"self":[{"href":"https:\/\/onemoreup.es\/en\/wp-json\/wp\/v2\/product\/2764","targetHints":{"allow":["GET"]}}],"collection":[{"href":"https:\/\/onemoreup.es\/en\/wp-json\/wp\/v2\/product"}],"about":[{"href":"https:\/\/onemoreup.es\/en\/wp-json\/wp\/v2\/types\/product"}],"replies":[{"embeddable":true,"href":"https:\/\/onemoreup.es\/en\/wp-json\/wp\/v2\/comments?post=2764"}],"wp:featuredmedia":[{"embeddable":true,"href":"https:\/\/onemoreup.es\/en\/wp-json\/wp\/v2\/media\/2765"}],"wp:attachment":[{"href":"https:\/\/onemoreup.es\/en\/wp-json\/wp\/v2\/media?parent=2764"}],"wp:term":[{"taxonomy":"product_brand","embeddable":true,"href":"https:\/\/onemoreup.es\/en\/wp-json\/wp\/v2\/product_brand?post=2764"},{"taxonomy":"product_cat","embeddable":true,"href":"https:\/\/onemoreup.es\/en\/wp-json\/wp\/v2\/product_cat?post=2764"},{"taxonomy":"product_tag","embeddable":true,"href":"https:\/\/onemoreup.es\/en\/wp-json\/wp\/v2\/product_tag?post=2764"}],"curies":[{"name":"wp","href":"https:\/\/api.w.org\/{rel}","templated":true}]}}