{"id":2772,"date":"2025-09-22T11:54:59","date_gmt":"2025-09-22T11:54:59","guid":{"rendered":"https:\/\/onemoreup.es\/?post_type=product&#038;p=2772"},"modified":"2025-09-25T08:16:19","modified_gmt":"2025-09-25T08:16:19","slug":"colageno-300-grs","status":"publish","type":"product","link":"https:\/\/onemoreup.es\/en\/tienda\/colageno-300-grs\/","title":{"rendered":"Collagen 300 grs"},"content":{"rendered":"<p>Collagen 300 grs<\/p>\n<p>BioTechUSA Collagen | Collagen with Hyaluronic Acid, Vitamin C and E<\/p>\n<p>Take care of your skin, joints, and well-being from within with BioTechUSA Collagen, an advanced formula that combines 13g of collagen per serving, hyaluronic acid, vitamin C, and vitamin E. Everything you need to stay young, active, and radiant.<\/p>\n<p>\u2705 Why do we recommend BioTechUSA Collagen?<\/p>\n<p>13g of collagen per dose \u2192 strengthens skin, bones and joints.<\/p>\n<p>With hyaluronic acid \u2192 promotes skin elasticity and hydration.<\/p>\n<p>Vitamin C \u2192 stimulates the natural production of collagen and supports blood vessels, cartilage and gums.<\/p>\n<p>Vitamin E \u2192 a powerful antioxidant that protects against oxidative stress.<\/p>\n<p>Clean formula \u2192 lactose-free, gluten-free and sugar-free.<\/p>\n<p>\ud83d\udc9c As we age, the natural production of collagen and hyaluronic acid decreases, leading to loss of firmness, wrinkles, and joint discomfort. This supplement works from within, helping you maintain younger-looking skin, strong bones, and healthy joints.<\/p>\n<p>\u2728 Freshness from within, beauty from without.<\/p>\n<p>\ud83d\udce6 Delivery time: 1 to 3 business days with MRW<\/p>","protected":false},"excerpt":{"rendered":"<p>Col\u00e1geno 300 grs BioTechUSA Collagen | Col\u00e1geno con \u00c1cido Hialur\u00f3nico, Vitamina C y E Cuida tu piel, articulaciones y bienestar desde el interior con BioTechUSA Collagen, una f\u00f3rmula avanzada que combina 13 g de col\u00e1geno por servicio, \u00e1cido hialur\u00f3nico, vitamina C y vitamina E. Todo lo que necesitas para mantenerte joven, activo y radiante. \u2705 [&hellip;]<\/p>\n","protected":false},"featured_media":2777,"comment_status":"open","ping_status":"closed","template":"","meta":[],"product_brand":[],"product_cat":[18,135,162],"product_tag":[],"class_list":{"0":"post-2772","1":"product","2":"type-product","3":"status-publish","4":"has-post-thumbnail","6":"product_cat-complementacion-alimentaria","7":"product_cat-omu-beauty-care","8":"product_cat-suplementacion-y-vitaminas","10":"first","11":"instock","12":"taxable","13":"shipping-taxable","14":"purchasable","15":"product-type-variable"},"aioseo_notices":[],"_links":{"self":[{"href":"https:\/\/onemoreup.es\/en\/wp-json\/wp\/v2\/product\/2772","targetHints":{"allow":["GET"]}}],"collection":[{"href":"https:\/\/onemoreup.es\/en\/wp-json\/wp\/v2\/product"}],"about":[{"href":"https:\/\/onemoreup.es\/en\/wp-json\/wp\/v2\/types\/product"}],"replies":[{"embeddable":true,"href":"https:\/\/onemoreup.es\/en\/wp-json\/wp\/v2\/comments?post=2772"}],"wp:featuredmedia":[{"embeddable":true,"href":"https:\/\/onemoreup.es\/en\/wp-json\/wp\/v2\/media\/2777"}],"wp:attachment":[{"href":"https:\/\/onemoreup.es\/en\/wp-json\/wp\/v2\/media?parent=2772"}],"wp:term":[{"taxonomy":"product_brand","embeddable":true,"href":"https:\/\/onemoreup.es\/en\/wp-json\/wp\/v2\/product_brand?post=2772"},{"taxonomy":"product_cat","embeddable":true,"href":"https:\/\/onemoreup.es\/en\/wp-json\/wp\/v2\/product_cat?post=2772"},{"taxonomy":"product_tag","embeddable":true,"href":"https:\/\/onemoreup.es\/en\/wp-json\/wp\/v2\/product_tag?post=2772"}],"curies":[{"name":"wp","href":"https:\/\/api.w.org\/{rel}","templated":true}]}}