{"id":2778,"date":"2025-09-22T12:00:38","date_gmt":"2025-09-22T12:00:38","guid":{"rendered":"https:\/\/onemoreup.es\/?post_type=product&#038;p=2778"},"modified":"2026-04-27T08:29:09","modified_gmt":"2026-04-27T08:29:09","slug":"nad-nr-nicotinamida-ribosido","status":"publish","type":"product","link":"https:\/\/onemoreup.es\/en\/tienda\/nad-nr-nicotinamida-ribosido\/","title":{"rendered":"NAD NR Puro 300 mg | Nicotinamida Rib\u00f3sido Nad+"},"content":{"rendered":"<h3 data-start=\"147\" data-end=\"220\"><\/h3>\n<h3 data-start=\"604\" data-end=\"667\">\ud83d\udc8a <strong data-start=\"611\" data-end=\"667\">NR Pure 300 mg | Nicotinamide Riboside \u2013 30 capsules<\/strong><\/h3>\n<p data-start=\"669\" data-end=\"954\"><strong data-start=\"669\" data-end=\"687\">NR Pure 300 mg<\/strong> It is a product made with <strong data-start=\"717\" data-end=\"742\">nicotinamide riboside<\/strong>, a form of vitamin B, presented in convenient, high-quality capsules.<br data-start=\"826\" data-end=\"829\" \/>Its formula is designed to complement your daily routine as part of a balanced diet and an active lifestyle.<\/p>\n<hr data-start=\"956\" data-end=\"959\" \/>\n<p data-start=\"961\" data-end=\"996\">\u2705 <strong data-start=\"963\" data-end=\"994\">Main features<\/strong><\/p>\n<ul data-start=\"997\" data-end=\"1191\">\n<li data-start=\"997\" data-end=\"1054\">\n<p data-start=\"999\" data-end=\"1054\">Contains nicotinamide riboside (form of vitamin B3)<\/p>\n<\/li>\n<li data-start=\"1055\" data-end=\"1077\">\n<p data-start=\"1057\" data-end=\"1077\">300 mg per capsule<\/p>\n<\/li>\n<li data-start=\"1078\" data-end=\"1113\">\n<p data-start=\"1080\" data-end=\"1113\">Convenient and easy-to-use format<\/p>\n<\/li>\n<li data-start=\"1114\" data-end=\"1140\">\n<p data-start=\"1116\" data-end=\"1140\">30 capsules per container<\/p>\n<\/li>\n<li data-start=\"1141\" data-end=\"1191\">\n<p data-start=\"1143\" data-end=\"1191\">Made under strict quality standards<\/p>\n<\/li>\n<\/ul>\n<hr data-start=\"1193\" data-end=\"1196\" \/>\n<p data-start=\"1198\" data-end=\"1336\">\ud83d\udccc <strong data-start=\"1201\" data-end=\"1229\">Suggested consumption method<\/strong><br data-start=\"1229\" data-end=\"1232\" \/>Take 1 capsule daily with water, preferably in the morning, following the instructions on the packaging.<\/p>\n<hr data-start=\"1338\" data-end=\"1341\" \/>\n<p data-start=\"1343\" data-end=\"1399\">\ud83d\udce6 <strong data-start=\"1346\" data-end=\"1367\">Delivery time:<\/strong> 1-3 business days with MRW<\/p>","protected":false},"excerpt":{"rendered":"<p>\ud83d\udc8a NR Puro 300 mg | Nicotinamida Rib\u00f3sido \u2013 30 c\u00e1psulas NR Puro 300 mg es un producto elaborado con nicotinamida rib\u00f3sido, una forma de vitamina del grupo B, presentado en c\u00f3modas c\u00e1psulas de alta calidad.Su f\u00f3rmula est\u00e1 dise\u00f1ada para acompa\u00f1ar tu rutina diaria dentro de una alimentaci\u00f3n equilibrada y un estilo de vida activo. [&hellip;]<\/p>\n","protected":false},"featured_media":3486,"comment_status":"open","ping_status":"closed","template":"","meta":[],"product_brand":[],"product_cat":[18,165,166,162],"product_tag":[],"class_list":{"0":"post-2778","1":"product","2":"type-product","3":"status-publish","4":"has-post-thumbnail","6":"product_cat-complementacion-alimentaria","7":"product_cat-control-maximo-rendimiento-el","8":"product_cat-control-maximo-rendimineto-ella","9":"product_cat-suplementacion-y-vitaminas","11":"first","12":"instock","13":"taxable","14":"shipping-taxable","15":"purchasable","16":"product-type-simple"},"aioseo_notices":[],"_links":{"self":[{"href":"https:\/\/onemoreup.es\/en\/wp-json\/wp\/v2\/product\/2778","targetHints":{"allow":["GET"]}}],"collection":[{"href":"https:\/\/onemoreup.es\/en\/wp-json\/wp\/v2\/product"}],"about":[{"href":"https:\/\/onemoreup.es\/en\/wp-json\/wp\/v2\/types\/product"}],"replies":[{"embeddable":true,"href":"https:\/\/onemoreup.es\/en\/wp-json\/wp\/v2\/comments?post=2778"}],"wp:featuredmedia":[{"embeddable":true,"href":"https:\/\/onemoreup.es\/en\/wp-json\/wp\/v2\/media\/3486"}],"wp:attachment":[{"href":"https:\/\/onemoreup.es\/en\/wp-json\/wp\/v2\/media?parent=2778"}],"wp:term":[{"taxonomy":"product_brand","embeddable":true,"href":"https:\/\/onemoreup.es\/en\/wp-json\/wp\/v2\/product_brand?post=2778"},{"taxonomy":"product_cat","embeddable":true,"href":"https:\/\/onemoreup.es\/en\/wp-json\/wp\/v2\/product_cat?post=2778"},{"taxonomy":"product_tag","embeddable":true,"href":"https:\/\/onemoreup.es\/en\/wp-json\/wp\/v2\/product_tag?post=2778"}],"curies":[{"name":"wp","href":"https:\/\/api.w.org\/{rel}","templated":true}]}}