{"id":2786,"date":"2025-09-22T12:07:59","date_gmt":"2025-09-22T12:07:59","guid":{"rendered":"https:\/\/onemoreup.es\/?post_type=product&#038;p=2786"},"modified":"2026-05-05T08:11:15","modified_gmt":"2026-05-05T08:11:15","slug":"creatina-monohidrato-200mesh-400-g-crealite-podium","status":"publish","type":"product","link":"https:\/\/onemoreup.es\/en\/tienda\/creatina-monohidrato-200mesh-400-g-crealite-podium\/","title":{"rendered":"Creatina Monohidrato 200Mesh 300 g Crealite Podium"},"content":{"rendered":"<h3 data-start=\"585\" data-end=\"630\"><\/h3>\n<p data-start=\"632\" data-end=\"688\"><strong data-start=\"632\" data-end=\"688\">Creatina Monohidrato 200Mesh 300 g | Crealite Podium<\/strong><\/p>\n<p data-start=\"690\" data-end=\"862\">200Mesh micronized creatine monohydrate in 400 g format.<br data-start=\"751\" data-end=\"754\" \/>Its fine powder presentation ensures easy dissolution and convenient mixing in water, juice or smoothies.<\/p>\n<p data-start=\"864\" data-end=\"1116\">\u2714\ufe0f Product designed for those who practice sports and wish to include creatine in their supplementation.<br data-start=\"962\" data-end=\"965\" \/>\u2714\ufe0f High purity raw material, recognized for its quality.<br data-start=\"1024\" data-end=\"1027\" \/>\u2714\ufe0f 200Mesh Texture \u2192 finer powder and easier to blend.<br data-start=\"1082\" data-end=\"1085\" \/>\u2714\ufe0f Formato pr\u00e1ctico de 300 g.<\/p>\n<p data-start=\"1118\" data-end=\"1247\"><strong data-start=\"1118\" data-end=\"1145\">Recommended usage<\/strong><br data-start=\"1145\" data-end=\"1148\" \/>Mix the indicated dose in water or juice, preferably before or after physical activity.<\/p>\n<p data-start=\"1249\" data-end=\"1299\"><strong data-start=\"1249\" data-end=\"1265\">Ingredients<\/strong><br data-start=\"1265\" data-end=\"1268\" \/>Creatine monohydrate 200Mesh.<\/p>\n<p data-start=\"1682\" data-end=\"1738\">\ud83d\udce6 <strong data-start=\"1685\" data-end=\"1736\">Delivery time: 1 to 3 business days with MRW<\/strong><\/p>","protected":false},"excerpt":{"rendered":"<p>Creatina Monohidrato 200Mesh 300 g | Crealite Podium Creatina monohidrato micronizada 200Mesh en formato de 400 g.Su presentaci\u00f3n en polvo fino asegura una disoluci\u00f3n sencilla y una mezcla c\u00f3moda en agua, zumo o batidos. \u2714\ufe0f Producto pensado para quienes practican deporte y desean incluir creatina en su suplementaci\u00f3n.\u2714\ufe0f Materia prima de alta pureza, reconocida por [&hellip;]<\/p>\n","protected":false},"featured_media":4188,"comment_status":"open","ping_status":"closed","template":"","meta":[],"product_brand":[],"product_cat":[18,159],"product_tag":[],"class_list":{"0":"post-2786","1":"product","2":"type-product","3":"status-publish","4":"has-post-thumbnail","6":"product_cat-complementacion-alimentaria","7":"product_cat-creatina-cretaine","9":"first","10":"instock","11":"taxable","12":"shipping-taxable","13":"purchasable","14":"product-type-simple"},"aioseo_notices":[],"_links":{"self":[{"href":"https:\/\/onemoreup.es\/en\/wp-json\/wp\/v2\/product\/2786","targetHints":{"allow":["GET"]}}],"collection":[{"href":"https:\/\/onemoreup.es\/en\/wp-json\/wp\/v2\/product"}],"about":[{"href":"https:\/\/onemoreup.es\/en\/wp-json\/wp\/v2\/types\/product"}],"replies":[{"embeddable":true,"href":"https:\/\/onemoreup.es\/en\/wp-json\/wp\/v2\/comments?post=2786"}],"wp:featuredmedia":[{"embeddable":true,"href":"https:\/\/onemoreup.es\/en\/wp-json\/wp\/v2\/media\/4188"}],"wp:attachment":[{"href":"https:\/\/onemoreup.es\/en\/wp-json\/wp\/v2\/media?parent=2786"}],"wp:term":[{"taxonomy":"product_brand","embeddable":true,"href":"https:\/\/onemoreup.es\/en\/wp-json\/wp\/v2\/product_brand?post=2786"},{"taxonomy":"product_cat","embeddable":true,"href":"https:\/\/onemoreup.es\/en\/wp-json\/wp\/v2\/product_cat?post=2786"},{"taxonomy":"product_tag","embeddable":true,"href":"https:\/\/onemoreup.es\/en\/wp-json\/wp\/v2\/product_tag?post=2786"}],"curies":[{"name":"wp","href":"https:\/\/api.w.org\/{rel}","templated":true}]}}