{"id":2800,"date":"2025-09-23T08:00:54","date_gmt":"2025-09-23T08:00:54","guid":{"rendered":"https:\/\/onemoreup.es\/?post_type=product&#038;p=2800"},"modified":"2025-11-03T12:30:22","modified_gmt":"2025-11-03T12:30:22","slug":"magnesio-magnesium-bisglycinate-90-caps-lifexpan","status":"publish","type":"product","link":"https:\/\/onemoreup.es\/en\/tienda\/magnesio-magnesium-bisglycinate-90-caps-lifexpan\/","title":{"rendered":"MAGNESIUM \u2013 MAGNESIUM BISGLYCINATE 90 capsules \u2013 LifeXpan"},"content":{"rendered":"<h3 data-start=\"777\" data-end=\"831\">\u26a1 <strong data-start=\"783\" data-end=\"831\">Magnesium Bisglycinate LifeXpan | 90 capsules<\/strong><\/h3>\n<p data-start=\"833\" data-end=\"1147\">He <strong data-start=\"836\" data-end=\"870\">Magnesium Bisglycinate LifeXpan<\/strong> It is a food supplement in capsule form, made with a high-quality form of magnesium and excellent tolerance.<br data-start=\"989\" data-end=\"992\" \/>Its formula is designed to support daily well-being and an active lifestyle, providing this essential mineral in a practical and convenient way.<\/p>\n<p data-start=\"1149\" data-end=\"1240\">Ideal for those looking to include an additional supply of magnesium in their nutritional routine.<\/p>\n<hr data-start=\"1242\" data-end=\"1245\" \/>\n<p data-start=\"1247\" data-end=\"1282\">\u2705 <strong data-start=\"1249\" data-end=\"1280\">Main features<\/strong><\/p>\n<ul data-start=\"1283\" data-end=\"1560\">\n<li data-start=\"1283\" data-end=\"1352\">\n<p data-start=\"1285\" data-end=\"1352\">It contains high purity and bioavailability magnesium bisglycinate<\/p>\n<\/li>\n<li data-start=\"1353\" data-end=\"1414\">\n<p data-start=\"1355\" data-end=\"1414\">Suitable for athletes, active people and senior citizens<\/p>\n<\/li>\n<li data-start=\"1415\" data-end=\"1472\">\n<p data-start=\"1417\" data-end=\"1472\">An essential mineral involved in many bodily functions.<\/p>\n<\/li>\n<li data-start=\"1473\" data-end=\"1502\">\n<p data-start=\"1475\" data-end=\"1502\">High digestive tolerance<\/p>\n<\/li>\n<li data-start=\"1503\" data-end=\"1560\">\n<p data-start=\"1505\" data-end=\"1560\">Premium quality product manufactured under GMP standards<\/p>\n<\/li>\n<\/ul>\n<hr data-start=\"1562\" data-end=\"1565\" \/>\n<p data-start=\"1567\" data-end=\"1712\">\ud83d\udccc <strong data-start=\"1570\" data-end=\"1598\">Suggested consumption method<\/strong><br data-start=\"1598\" data-end=\"1601\" \/>Take 2 capsules a day with water, preferably with meals, following the instructions on the packaging.<\/p>\n<hr data-start=\"1714\" data-end=\"1717\" \/>\n<p data-start=\"1719\" data-end=\"1852\">\ud83e\uddea <strong data-start=\"1722\" data-end=\"1738\">Ingredients<\/strong><br data-start=\"1738\" data-end=\"1741\" \/>Magnesium bisglycinate, vegetable capsule (hydroxypropylmethylcellulose), anti-caking agent (magnesium stearate).<\/p>\n<hr data-start=\"1854\" data-end=\"1857\" \/>\n<p data-start=\"1859\" data-end=\"1942\">\ud83d\udce6 <strong data-start=\"1862\" data-end=\"1874\">Format:<\/strong> 90 capsules<br data-start=\"1886\" data-end=\"1889\" \/>\ud83d\ude9a <strong data-start=\"1892\" data-end=\"1911\">Fast delivery:<\/strong> 24 \u2013 72 business hours with MRW<\/p>","protected":false},"excerpt":{"rendered":"<p>\u26a1 Magnesio Bisglicinato LifeXpan | 90 c\u00e1psulas El Magnesio Bisglicinato LifeXpan es un complemento alimenticio en c\u00e1psulas, elaborado con una forma de magnesio de alta calidad y excelente tolerancia.Su f\u00f3rmula est\u00e1 dise\u00f1ada para acompa\u00f1ar el bienestar diario y apoyar un estilo de vida activo, aportando este mineral esencial de manera pr\u00e1ctica y c\u00f3moda. Ideal para [&hellip;]<\/p>\n","protected":false},"featured_media":2801,"comment_status":"open","ping_status":"closed","template":"","meta":[],"product_brand":[],"product_cat":[18,162],"product_tag":[],"class_list":{"0":"post-2800","1":"product","2":"type-product","3":"status-publish","4":"has-post-thumbnail","6":"product_cat-complementacion-alimentaria","7":"product_cat-suplementacion-y-vitaminas","9":"first","10":"instock","11":"taxable","12":"shipping-taxable","13":"purchasable","14":"product-type-simple"},"aioseo_notices":[],"_links":{"self":[{"href":"https:\/\/onemoreup.es\/en\/wp-json\/wp\/v2\/product\/2800","targetHints":{"allow":["GET"]}}],"collection":[{"href":"https:\/\/onemoreup.es\/en\/wp-json\/wp\/v2\/product"}],"about":[{"href":"https:\/\/onemoreup.es\/en\/wp-json\/wp\/v2\/types\/product"}],"replies":[{"embeddable":true,"href":"https:\/\/onemoreup.es\/en\/wp-json\/wp\/v2\/comments?post=2800"}],"wp:featuredmedia":[{"embeddable":true,"href":"https:\/\/onemoreup.es\/en\/wp-json\/wp\/v2\/media\/2801"}],"wp:attachment":[{"href":"https:\/\/onemoreup.es\/en\/wp-json\/wp\/v2\/media?parent=2800"}],"wp:term":[{"taxonomy":"product_brand","embeddable":true,"href":"https:\/\/onemoreup.es\/en\/wp-json\/wp\/v2\/product_brand?post=2800"},{"taxonomy":"product_cat","embeddable":true,"href":"https:\/\/onemoreup.es\/en\/wp-json\/wp\/v2\/product_cat?post=2800"},{"taxonomy":"product_tag","embeddable":true,"href":"https:\/\/onemoreup.es\/en\/wp-json\/wp\/v2\/product_tag?post=2800"}],"curies":[{"name":"wp","href":"https:\/\/api.w.org\/{rel}","templated":true}]}}