{"id":2813,"date":"2025-09-23T08:16:33","date_gmt":"2025-09-23T08:16:33","guid":{"rendered":"https:\/\/onemoreup.es\/?post_type=product&#038;p=2813"},"modified":"2025-12-10T11:14:26","modified_gmt":"2025-12-10T11:14:26","slug":"pre-entreno-de-ultima-generacion-energia-potencia-y-enfoque","status":"publish","type":"product","link":"https:\/\/onemoreup.es\/en\/tienda\/pre-entreno-de-ultima-generacion-energia-potencia-y-enfoque\/","title":{"rendered":"Next Generation Pre-Workout"},"content":{"rendered":"<h3 data-start=\"681\" data-end=\"752\"><\/h3>\n<h3 data-start=\"681\" data-end=\"752\">\u26a1 <strong data-start=\"687\" data-end=\"752\">H-Boom Pre-Workout | Advanced formula for your workouts<\/strong><\/h3>\n<p data-start=\"754\" data-end=\"970\">Get ready for your most intense sessions with <strong data-start=\"799\" data-end=\"821\">H-Boom Pre-Workout<\/strong>, a powder formula with a carefully selected blend of ingredients that provide a refreshing taste and a feeling of vitality before exercise.<\/p>\n<p data-start=\"972\" data-end=\"1160\">Designed for those who lead an active lifestyle, this product combines amino acids, plant extracts, and natural caffeine to offer you a complete pre-workout experience.<\/p>\n<hr data-start=\"1162\" data-end=\"1165\" \/>\n<p data-start=\"1167\" data-end=\"1202\">\u2705 <strong data-start=\"1169\" data-end=\"1200\">Main features<\/strong><\/p>\n<ul data-start=\"1203\" data-end=\"1408\">\n<li data-start=\"1203\" data-end=\"1261\">\n<p data-start=\"1205\" data-end=\"1261\">Advanced formula with amino acids and plant extracts<\/p>\n<\/li>\n<li data-start=\"1262\" data-end=\"1293\">\n<p data-start=\"1264\" data-end=\"1293\">Intense and refreshing flavor<\/p>\n<\/li>\n<li data-start=\"1294\" data-end=\"1331\">\n<p data-start=\"1296\" data-end=\"1331\">Soluble texture and easy to mix<\/p>\n<\/li>\n<li data-start=\"1332\" data-end=\"1387\">\n<p data-start=\"1334\" data-end=\"1387\">Ideal before workouts or physical activities<\/p>\n<\/li>\n<li data-start=\"1388\" data-end=\"1408\">\n<p data-start=\"1390\" data-end=\"1408\">450 g per container<\/p>\n<\/li>\n<\/ul>\n<hr data-start=\"1410\" data-end=\"1413\" \/>\n<p data-start=\"1415\" data-end=\"1580\">\ud83e\udd64 <strong data-start=\"1418\" data-end=\"1446\">Suggested consumption method<\/strong><br data-start=\"1446\" data-end=\"1449\" \/>Mix 15g of the product (1 scoop) in 300-350ml of water.<br data-start=\"1507\" data-end=\"1510\" \/>Take it about 30 minutes before your workout or physical activity.<\/p>\n<hr data-start=\"1582\" data-end=\"1585\" \/>\n<p data-start=\"1587\" data-end=\"1808\">\ud83e\uddea <strong data-start=\"1590\" data-end=\"1617\">Featured ingredients<\/strong><br data-start=\"1617\" data-end=\"1620\" \/>Beta-Alanine, L-Citrulline, L-Arginine AKG, L-Taurine, L-Tyrosine, Inosine, Caffeine anhydrous, Guarana Extract, Green Tea, Rhodiola, EnXtra\u00ae, Vinitrox\u00ae, Astragin\u00ae, Niacin (Vitamin B3).<\/p>\n<hr data-start=\"1810\" data-end=\"1813\" \/>\n<p data-start=\"1815\" data-end=\"1921\">\ud83d\udce6 <strong data-start=\"1818\" data-end=\"1830\">Format:<\/strong> Pre-workout powder (15g per dose)<br data-start=\"1865\" data-end=\"1868\" \/>\ud83d\ude9a <strong data-start=\"1871\" data-end=\"1890\">Fast delivery:<\/strong> 24 \u2013 72 business hours with MRW<\/p>\n<h3 data-start=\"681\" data-end=\"752\">\u26a1 <strong data-start=\"687\" data-end=\"752\">H-Boom Pre-Workout | Advanced formula for your workouts<\/strong><\/h3>\n<p data-start=\"754\" data-end=\"970\">Get ready for your most intense sessions with <strong data-start=\"799\" data-end=\"821\">H-Boom Pre-Workout<\/strong>, a powder formula with a carefully selected blend of ingredients that provide a refreshing taste and a feeling of vitality before exercise.<\/p>\n<p data-start=\"972\" data-end=\"1160\">Designed for those who lead an active lifestyle, this product combines amino acids, plant extracts, and natural caffeine to offer you a complete pre-workout experience.<\/p>\n<hr data-start=\"1162\" data-end=\"1165\" \/>\n<p data-start=\"1167\" data-end=\"1202\">\u2705 <strong data-start=\"1169\" data-end=\"1200\">Main features<\/strong><\/p>\n<ul data-start=\"1203\" data-end=\"1408\">\n<li data-start=\"1203\" data-end=\"1261\">\n<p data-start=\"1205\" data-end=\"1261\">Advanced formula with amino acids and plant extracts<\/p>\n<\/li>\n<li data-start=\"1262\" data-end=\"1293\">\n<p data-start=\"1264\" data-end=\"1293\">Intense and refreshing flavor<\/p>\n<\/li>\n<li data-start=\"1294\" data-end=\"1331\">\n<p data-start=\"1296\" data-end=\"1331\">Soluble texture and easy to mix<\/p>\n<\/li>\n<li data-start=\"1332\" data-end=\"1387\">\n<p data-start=\"1334\" data-end=\"1387\">Ideal before workouts or physical activities<\/p>\n<\/li>\n<li data-start=\"1388\" data-end=\"1408\">\n<p data-start=\"1390\" data-end=\"1408\">450 g per container<\/p>\n<\/li>\n<\/ul>\n<hr data-start=\"1410\" data-end=\"1413\" \/>\n<p data-start=\"1415\" data-end=\"1580\">\ud83e\udd64 <strong data-start=\"1418\" data-end=\"1446\">Suggested consumption method<\/strong><br data-start=\"1446\" data-end=\"1449\" \/>Mix 15g of the product (1 scoop) in 300-350ml of water.<br data-start=\"1507\" data-end=\"1510\" \/>Take it about 30 minutes before your workout or physical activity.<\/p>\n<hr data-start=\"1582\" data-end=\"1585\" \/>\n<p data-start=\"1587\" data-end=\"1808\">\ud83e\uddea <strong data-start=\"1590\" data-end=\"1617\">Featured ingredients<\/strong><br data-start=\"1617\" data-end=\"1620\" \/>Beta-Alanine, L-Citrulline, L-Arginine AKG, L-Taurine, L-Tyrosine, Inosine, Caffeine anhydrous, Guarana Extract, Green Tea, Rhodiola, EnXtra\u00ae, Vinitrox\u00ae, Astragin\u00ae, Niacin (Vitamin B3).<\/p>\n<hr data-start=\"1810\" data-end=\"1813\" \/>\n<p data-start=\"1815\" data-end=\"1921\">\ud83d\udce6 <strong data-start=\"1818\" data-end=\"1830\">Format:<\/strong> Pre-workout powder (15g per dose)<br data-start=\"1865\" data-end=\"1868\" \/>\ud83d\ude9a <strong data-start=\"1871\" data-end=\"1890\">Fast delivery:<\/strong> 24 \u2013 72 business hours with MRW<\/p>","protected":false},"excerpt":{"rendered":"<p>\u26a1 H-Boom Pre-Workout | F\u00f3rmula avanzada para tus entrenamientos Prep\u00e1rate para tus sesiones m\u00e1s intensas con H-Boom Pre-Workout, una f\u00f3rmula en polvo con una cuidada selecci\u00f3n de ingredientes que aportan un sabor refrescante y una sensaci\u00f3n de vitalidad antes del ejercicio. Dise\u00f1ado para quienes siguen un estilo de vida activo, este producto combina amino\u00e1cidos, extractos [&hellip;]<\/p>\n","protected":false},"featured_media":2814,"comment_status":"open","ping_status":"closed","template":"","meta":[],"product_brand":[],"product_cat":[18,161],"product_tag":[],"class_list":{"0":"post-2813","1":"product","2":"type-product","3":"status-publish","4":"has-post-thumbnail","6":"product_cat-complementacion-alimentaria","7":"product_cat-pre-y-post-entrenos","9":"first","10":"outofstock","11":"taxable","12":"shipping-taxable","13":"purchasable","14":"product-type-variable"},"aioseo_notices":[],"_links":{"self":[{"href":"https:\/\/onemoreup.es\/en\/wp-json\/wp\/v2\/product\/2813","targetHints":{"allow":["GET"]}}],"collection":[{"href":"https:\/\/onemoreup.es\/en\/wp-json\/wp\/v2\/product"}],"about":[{"href":"https:\/\/onemoreup.es\/en\/wp-json\/wp\/v2\/types\/product"}],"replies":[{"embeddable":true,"href":"https:\/\/onemoreup.es\/en\/wp-json\/wp\/v2\/comments?post=2813"}],"wp:featuredmedia":[{"embeddable":true,"href":"https:\/\/onemoreup.es\/en\/wp-json\/wp\/v2\/media\/2814"}],"wp:attachment":[{"href":"https:\/\/onemoreup.es\/en\/wp-json\/wp\/v2\/media?parent=2813"}],"wp:term":[{"taxonomy":"product_brand","embeddable":true,"href":"https:\/\/onemoreup.es\/en\/wp-json\/wp\/v2\/product_brand?post=2813"},{"taxonomy":"product_cat","embeddable":true,"href":"https:\/\/onemoreup.es\/en\/wp-json\/wp\/v2\/product_cat?post=2813"},{"taxonomy":"product_tag","embeddable":true,"href":"https:\/\/onemoreup.es\/en\/wp-json\/wp\/v2\/product_tag?post=2813"}],"curies":[{"name":"wp","href":"https:\/\/api.w.org\/{rel}","templated":true}]}}