{"id":2820,"date":"2025-09-23T08:21:41","date_gmt":"2025-09-23T08:21:41","guid":{"rendered":"https:\/\/onemoreup.es\/?post_type=product&#038;p=2820"},"modified":"2025-11-13T18:53:53","modified_gmt":"2025-11-13T18:53:53","slug":"artiflex-protector-articular-y-antiinflamatorio-300gr","status":"publish","type":"product","link":"https:\/\/onemoreup.es\/en\/tienda\/artiflex-protector-articular-y-antiinflamatorio-300gr\/","title":{"rendered":"Artiflex | Joint Protector and Anti-inflammatory | 300g"},"content":{"rendered":"<p>Artiflex | Joint Protector and Anti-inflammatory | 300g<\/p>\n<h2 data-start=\"308\" data-end=\"391\"><strong data-start=\"311\" data-end=\"389\">Premium Joint Protector \u2013 Complete Formula with Patented Ingredients<\/strong><\/h2>\n<p data-start=\"393\" data-end=\"623\">Give your joints the care they deserve with our <strong data-start=\"457\" data-end=\"501\">advanced formula for joint health<\/strong>, made with the highest quality raw materials and clinically backed as <strong data-start=\"588\" data-end=\"620\">Fortigel\u00ae, Ovomet\u00ae and Cursol\u00ae<\/strong>.<\/p>\n<p data-start=\"625\" data-end=\"837\">This powdered supplement not only helps to <strong data-start=\"666\" data-end=\"699\">treat and improve mobility<\/strong>, but it also protects the joints in the long term, promoting an active, pain-free life with full freedom of movement.<\/p>\n<h3 data-start=\"839\" data-end=\"874\">\ud83d\udd39 <strong data-start=\"846\" data-end=\"872\">Main benefits<\/strong><\/h3>\n<ul data-start=\"875\" data-end=\"1543\">\n<li data-start=\"875\" data-end=\"953\">\n<p data-start=\"877\" data-end=\"953\">\u2705 <strong data-start=\"879\" data-end=\"916\">Strengthens and regenerates cartilage<\/strong> thanks to collagen <strong data-start=\"937\" data-end=\"950\">Fortigel\u00ae<\/strong>.<\/p>\n<\/li>\n<li data-start=\"954\" data-end=\"1046\">\n<p data-start=\"956\" data-end=\"1046\">\u2705 <strong data-start=\"958\" data-end=\"1007\">Reduces inflammation and joint discomfort<\/strong> with turmeric <strong data-start=\"1023\" data-end=\"1034\">Cursol\u00ae<\/strong> and the MSM.<\/p>\n<\/li>\n<li data-start=\"1047\" data-end=\"1156\">\n<p data-start=\"1049\" data-end=\"1156\">\u2705 <strong data-start=\"1051\" data-end=\"1089\">Joint protection and elasticity<\/strong> thanks to hyaluronic acid and egg membrane <strong data-start=\"1142\" data-end=\"1153\">Ovomet\u00ae<\/strong>.<\/p>\n<\/li>\n<li data-start=\"1157\" data-end=\"1222\">\n<p data-start=\"1159\" data-end=\"1222\">\u2705 <strong data-start=\"1161\" data-end=\"1202\">Improves mobility and flexibility<\/strong> naturally.<\/p>\n<\/li>\n<li data-start=\"1223\" data-end=\"1351\">\n<p data-start=\"1225\" data-end=\"1351\">\u2705 <strong data-start=\"1227\" data-end=\"1252\">Bone and muscle support<\/strong> thanks to its complete mix of vitamins (B6, C, D3, K2) and minerals (calcium, magnesium and zinc).<\/p>\n<\/li>\n<li data-start=\"1352\" data-end=\"1441\">\n<p data-start=\"1354\" data-end=\"1441\">\u2705 <strong data-start=\"1356\" data-end=\"1392\">Enhances absorption and effectiveness<\/strong> of the active ingredients with black pepper extract.<\/p>\n<\/li>\n<li data-start=\"1442\" data-end=\"1543\">\n<p data-start=\"1444\" data-end=\"1543\">\u2705 <strong data-start=\"1446\" data-end=\"1475\">Natural source of Omega-3<\/strong> (flaxseed and grapes) to strengthen cardiovascular and joint health.<\/p>\n<\/li>\n<\/ul>\n<h3 data-start=\"1545\" data-end=\"1576\">\ud83d\udd39 <strong data-start=\"1552\" data-end=\"1574\">Key ingredients<\/strong><\/h3>\n<ul data-start=\"1577\" data-end=\"2092\">\n<li data-start=\"1577\" data-end=\"1643\">\n<p data-start=\"1579\" data-end=\"1643\"><strong data-start=\"1579\" data-end=\"1601\">Fortigel\u00ae Collagen<\/strong> \u2192 regeneration of articular cartilage.<\/p>\n<\/li>\n<li data-start=\"1644\" data-end=\"1726\">\n<p data-start=\"1646\" data-end=\"1726\"><strong data-start=\"1646\" data-end=\"1677\">Ovomet\u00ae (egg membrane)<\/strong> \u2192 elasticity, strength and joint resistance.<\/p>\n<\/li>\n<li data-start=\"1727\" data-end=\"1785\">\n<p data-start=\"1729\" data-end=\"1785\"><strong data-start=\"1729\" data-end=\"1748\">Turmeric Cursol\u00ae<\/strong> \u2192 potent anti-inflammatory action.<\/p>\n<\/li>\n<li data-start=\"1786\" data-end=\"1874\">\n<p data-start=\"1788\" data-end=\"1874\"><strong data-start=\"1788\" data-end=\"1815\">MSM and hyaluronic acid<\/strong> \u2192 pain relief, hydration and joint lubrication.<\/p>\n<\/li>\n<li data-start=\"1875\" data-end=\"1946\">\n<p data-start=\"1877\" data-end=\"1946\"><strong data-start=\"1877\" data-end=\"1905\">Vitamins B6, C, D3 and K2<\/strong> \u2192 immune, bone and antioxidant support.<\/p>\n<\/li>\n<li data-start=\"1947\" data-end=\"2023\">\n<p data-start=\"1949\" data-end=\"2023\"><strong data-start=\"1949\" data-end=\"1986\">Essential minerals (Mg, Ca, Zn)<\/strong> \u2192 bone and muscle strengthening.<\/p>\n<\/li>\n<li data-start=\"2024\" data-end=\"2092\">\n<p data-start=\"2026\" data-end=\"2092\"><strong data-start=\"2026\" data-end=\"2051\">Omega-3 from flax and grape<\/strong> \u2192 natural anti-inflammatory balance.<\/p>\n<\/li>\n<\/ul>\n<h3 data-start=\"2094\" data-end=\"2158\">\ud83d\udce6 <strong data-start=\"2101\" data-end=\"2112\">Format<\/strong>: High bioavailability joint powder.<\/h3>\n<h3 data-start=\"2159\" data-end=\"2221\">\ud83d\ude9a <strong data-start=\"2166\" data-end=\"2192\">Fast delivery with MRW<\/strong>: 24 \u2013 72 working hours.<\/h3>\n<p data-start=\"2223\" data-end=\"2454\">With our <strong data-start=\"2235\" data-end=\"2266\">Premium Joint Protector<\/strong>, recovers the <strong data-start=\"2280\" data-end=\"2341\">mobility, strength and comfort in your joints<\/strong>. \ud83d\udcaa Perfect for <strong data-start=\"2360\" data-end=\"2451\">athletes, active people, or those seeking to prevent and relieve joint discomfort<\/strong>.<\/p>","protected":false},"excerpt":{"rendered":"<p>Artiflex | Protector Articular y Antiinflamatorio | 300gr Protector Articular Premium \u2013 F\u00f3rmula Completa con Ingredientes Patentados Dale a tus articulaciones el cuidado que se merecen con nuestra f\u00f3rmula avanzada para la salud articular, elaborada con materias primas de la m\u00e1s alta calidad y cl\u00ednicamente respaldadas como Fortigel\u00ae, Ovomet\u00ae y Cursol\u00ae. Este suplemento en polvo [&hellip;]<\/p>\n","protected":false},"featured_media":2823,"comment_status":"open","ping_status":"closed","template":"","meta":[],"product_brand":[],"product_cat":[18,162],"product_tag":[],"class_list":{"0":"post-2820","1":"product","2":"type-product","3":"status-publish","4":"has-post-thumbnail","6":"product_cat-complementacion-alimentaria","7":"product_cat-suplementacion-y-vitaminas","9":"first","10":"instock","11":"taxable","12":"shipping-taxable","13":"purchasable","14":"product-type-simple"},"aioseo_notices":[],"_links":{"self":[{"href":"https:\/\/onemoreup.es\/en\/wp-json\/wp\/v2\/product\/2820","targetHints":{"allow":["GET"]}}],"collection":[{"href":"https:\/\/onemoreup.es\/en\/wp-json\/wp\/v2\/product"}],"about":[{"href":"https:\/\/onemoreup.es\/en\/wp-json\/wp\/v2\/types\/product"}],"replies":[{"embeddable":true,"href":"https:\/\/onemoreup.es\/en\/wp-json\/wp\/v2\/comments?post=2820"}],"wp:featuredmedia":[{"embeddable":true,"href":"https:\/\/onemoreup.es\/en\/wp-json\/wp\/v2\/media\/2823"}],"wp:attachment":[{"href":"https:\/\/onemoreup.es\/en\/wp-json\/wp\/v2\/media?parent=2820"}],"wp:term":[{"taxonomy":"product_brand","embeddable":true,"href":"https:\/\/onemoreup.es\/en\/wp-json\/wp\/v2\/product_brand?post=2820"},{"taxonomy":"product_cat","embeddable":true,"href":"https:\/\/onemoreup.es\/en\/wp-json\/wp\/v2\/product_cat?post=2820"},{"taxonomy":"product_tag","embeddable":true,"href":"https:\/\/onemoreup.es\/en\/wp-json\/wp\/v2\/product_tag?post=2820"}],"curies":[{"name":"wp","href":"https:\/\/api.w.org\/{rel}","templated":true}]}}