{"id":2835,"date":"2025-09-23T08:37:42","date_gmt":"2025-09-23T08:37:42","guid":{"rendered":"https:\/\/onemoreup.es\/?post_type=product&#038;p=2835"},"modified":"2025-11-03T12:28:51","modified_gmt":"2025-11-03T12:28:51","slug":"post-entrenamiento-avanzado-1-kg-formula-premium-de-recuperacion","status":"publish","type":"product","link":"https:\/\/onemoreup.es\/en\/tienda\/post-entrenamiento-avanzado-1-kg-formula-premium-de-recuperacion\/","title":{"rendered":"Advanced Post-Workout | 1 KG | Premium Recovery Formula"},"content":{"rendered":"<h3 data-start=\"680\" data-end=\"754\">\u26a1 <strong data-start=\"686\" data-end=\"754\">Advanced Post-Workout | Premium Formula One More Up \u2013 1 kg<\/strong><\/h3>\n<p data-start=\"756\" data-end=\"1124\">He <strong data-start=\"759\" data-end=\"802\">One More Up Advanced Post-Workout<\/strong> It combines high-quality proteins, amino acids, carbohydrates, and plant extracts in a complete formula to support your most intense routines.<br data-start=\"951\" data-end=\"954\" \/>Its balanced composition has been developed to easily integrate into a sporty lifestyle, providing key nutrients after each training session.<\/p>\n<p data-start=\"1126\" data-end=\"1193\">Flavor <strong data-start=\"1132\" data-end=\"1156\">Delicious Apple \ud83c\udf4f<\/strong>, light texture and fast dissolving.<\/p>\n<hr data-start=\"1195\" data-end=\"1198\" \/>\n<p data-start=\"1200\" data-end=\"1235\">\u2705 <strong data-start=\"1202\" data-end=\"1233\">Main features<\/strong><\/p>\n<ul data-start=\"1236\" data-end=\"1590\">\n<li data-start=\"1236\" data-end=\"1296\">\n<p data-start=\"1238\" data-end=\"1296\">It provides protein, carbohydrates, and essential amino acids.<\/p>\n<\/li>\n<li data-start=\"1297\" data-end=\"1346\">\n<p data-start=\"1299\" data-end=\"1346\">With Isolac\u00ae 90 % whey protein isolate<\/p>\n<\/li>\n<li data-start=\"1347\" data-end=\"1408\">\n<p data-start=\"1349\" data-end=\"1408\">Includes 2:1:1 BCAAs, Kyowa\u00ae Glutamine, and Creapure\u00ae Creatine<\/p>\n<\/li>\n<li data-start=\"1409\" data-end=\"1488\">\n<p data-start=\"1411\" data-end=\"1488\">Enriched with natural extracts (Cursol\u00ae turmeric, grape, boswellia and flax)<\/p>\n<\/li>\n<li data-start=\"1489\" data-end=\"1522\">\n<p data-start=\"1491\" data-end=\"1522\">With vitamins B1, B6, B12 and C<\/p>\n<\/li>\n<li data-start=\"1523\" data-end=\"1590\">\n<p data-start=\"1525\" data-end=\"1590\">Ideal to include after training or physical activity.<\/p>\n<\/li>\n<\/ul>\n<hr data-start=\"1592\" data-end=\"1595\" \/>\n<p data-start=\"1597\" data-end=\"1750\">\ud83e\udd64 <strong data-start=\"1600\" data-end=\"1628\">Suggested consumption method<\/strong><br data-start=\"1628\" data-end=\"1631\" \/>Mix 50g (1 scoop) with 300-350ml of water and take after physical activity, according to your nutritional needs.<\/p>\n<hr data-start=\"1752\" data-end=\"1755\" \/>\n<p data-start=\"1757\" data-end=\"1991\">\ud83e\uddea <strong data-start=\"1760\" data-end=\"1787\">Featured ingredients<\/strong><br data-start=\"1787\" data-end=\"1790\" \/>Isolac\u00ae 90 % protein isolate, Amylopeptin, Maltodextrin,<br data-start=\"1849\" data-end=\"1852\" \/>BCAA 2:1:1, Kyowa\u00ae Glutamine, Creapure\u00ae Creatine,<br data-start=\"1901\" data-end=\"1904\" \/>Cursol\u00ae turmeric extracts, grape, boswellia, flax,<br data-start=\"1954\" data-end=\"1957\" \/>GABA, Vitamins B1, B6, B12 and C.<\/p>\n<hr data-start=\"1993\" data-end=\"1996\" \/>\n<p data-start=\"1998\" data-end=\"2101\">\ud83d\udce6 <strong data-start=\"2001\" data-end=\"2013\">Format:<\/strong> 1 kg (post-workout powder)<br data-start=\"2045\" data-end=\"2048\" \/>\ud83d\ude9a <strong data-start=\"2051\" data-end=\"2070\">Fast delivery:<\/strong> 24 \u2013 72 business hours with MRW<\/p>\n<p data-start=\"2485\" data-end=\"2662\">","protected":false},"excerpt":{"rendered":"<p>\u26a1 Post-Entrenamiento Avanzado | F\u00f3rmula Premium One More Up \u2013 1 kg El Post-Entrenamiento Avanzado One More Up combina prote\u00ednas, amino\u00e1cidos, carbohidratos y extractos vegetales de alta calidad en una f\u00f3rmula completa para acompa\u00f1ar tus rutinas m\u00e1s intensas.Su composici\u00f3n equilibrada ha sido desarrollada para integrarse f\u00e1cilmente en un estilo de vida deportivo, aportando nutrientes clave [&hellip;]<\/p>\n","protected":false},"featured_media":2840,"comment_status":"open","ping_status":"closed","template":"","meta":[],"product_brand":[],"product_cat":[18,161],"product_tag":[],"class_list":{"0":"post-2835","1":"product","2":"type-product","3":"status-publish","4":"has-post-thumbnail","6":"product_cat-complementacion-alimentaria","7":"product_cat-pre-y-post-entrenos","9":"first","10":"instock","11":"taxable","12":"shipping-taxable","13":"purchasable","14":"product-type-simple"},"aioseo_notices":[],"_links":{"self":[{"href":"https:\/\/onemoreup.es\/en\/wp-json\/wp\/v2\/product\/2835","targetHints":{"allow":["GET"]}}],"collection":[{"href":"https:\/\/onemoreup.es\/en\/wp-json\/wp\/v2\/product"}],"about":[{"href":"https:\/\/onemoreup.es\/en\/wp-json\/wp\/v2\/types\/product"}],"replies":[{"embeddable":true,"href":"https:\/\/onemoreup.es\/en\/wp-json\/wp\/v2\/comments?post=2835"}],"wp:featuredmedia":[{"embeddable":true,"href":"https:\/\/onemoreup.es\/en\/wp-json\/wp\/v2\/media\/2840"}],"wp:attachment":[{"href":"https:\/\/onemoreup.es\/en\/wp-json\/wp\/v2\/media?parent=2835"}],"wp:term":[{"taxonomy":"product_brand","embeddable":true,"href":"https:\/\/onemoreup.es\/en\/wp-json\/wp\/v2\/product_brand?post=2835"},{"taxonomy":"product_cat","embeddable":true,"href":"https:\/\/onemoreup.es\/en\/wp-json\/wp\/v2\/product_cat?post=2835"},{"taxonomy":"product_tag","embeddable":true,"href":"https:\/\/onemoreup.es\/en\/wp-json\/wp\/v2\/product_tag?post=2835"}],"curies":[{"name":"wp","href":"https:\/\/api.w.org\/{rel}","templated":true}]}}