{"id":2841,"date":"2025-09-23T08:56:13","date_gmt":"2025-09-23T08:56:13","guid":{"rendered":"https:\/\/onemoreup.es\/?post_type=product&#038;p=2841"},"modified":"2025-09-24T11:15:50","modified_gmt":"2025-09-24T11:15:50","slug":"smoothies-oatmeal-2kg-harina-de-avena-con-sabor","status":"publish","type":"product","link":"https:\/\/onemoreup.es\/en\/tienda\/smoothies-oatmeal-2kg-harina-de-avena-con-sabor\/","title":{"rendered":"Oatmeal Smoothies 2KG | Flavored Oat Flour"},"content":{"rendered":"<p>Oatmeal Smoothies 2KG | Flavored Oat Flour<\/p>\n<p data-start=\"386\" data-end=\"630\">Enjoy the best source of natural energy with our <strong data-start=\"445\" data-end=\"496\">Oat flour powder with delicious flavors<\/strong>. Nutritious, versatile and easy to prepare, it&#039;s the perfect complement to your <strong data-start=\"574\" data-end=\"627\">breakfast, post-workout or healthy recipes<\/strong>.<\/p>\n<p data-start=\"632\" data-end=\"964\">With <strong data-start=\"636\" data-end=\"678\">low glycemic index carbohydrates<\/strong>, This flour provides fiber and vegetable protein. <strong data-start=\"728\" data-end=\"793\">sustained energy, satiety and an excellent nutritional profile<\/strong>, becoming the ideal ally for those seeking <strong data-start=\"849\" data-end=\"961\">taking care of your diet, improving athletic performance, or enjoying fitness snacks without added sugars<\/strong>.<\/p>\n<h3 data-start=\"966\" data-end=\"1001\">\ud83d\udd39 <strong data-start=\"973\" data-end=\"999\">Main benefits<\/strong><\/h3>\n<ul data-start=\"1002\" data-end=\"1463\">\n<li data-start=\"1002\" data-end=\"1075\">\n<p data-start=\"1004\" data-end=\"1075\">\u2705 <strong data-start=\"1006\" data-end=\"1048\">Low glycemic index carbohydrates<\/strong> for prolonged energy.<\/p>\n<\/li>\n<li data-start=\"1076\" data-end=\"1148\">\n<p data-start=\"1078\" data-end=\"1148\">\u2705 <strong data-start=\"1080\" data-end=\"1107\">Source of soluble fiber<\/strong> which improves digestion and satiety.<\/p>\n<\/li>\n<li data-start=\"1149\" data-end=\"1233\">\n<p data-start=\"1151\" data-end=\"1233\">\u2705 <strong data-start=\"1153\" data-end=\"1201\">Rich in protein and healthy carbohydrates<\/strong> to support muscle mass.<\/p>\n<\/li>\n<li data-start=\"1234\" data-end=\"1299\">\n<p data-start=\"1236\" data-end=\"1299\">\u2705 <strong data-start=\"1238\" data-end=\"1273\">Improves athletic performance<\/strong> and provides daily strength.<\/p>\n<\/li>\n<li data-start=\"1300\" data-end=\"1332\">\n<p data-start=\"1302\" data-end=\"1332\">\u2705 <strong data-start=\"1304\" data-end=\"1329\">No added sugars<\/strong>.<\/p>\n<\/li>\n<li data-start=\"1333\" data-end=\"1401\">\n<p data-start=\"1335\" data-end=\"1401\">\u2705 <strong data-start=\"1337\" data-end=\"1362\">Versatile in the kitchen<\/strong>: smoothies, pancakes, cakes and more.<\/p>\n<\/li>\n<li data-start=\"1402\" data-end=\"1463\">\n<p data-start=\"1404\" data-end=\"1463\">\u2705 <strong data-start=\"1406\" data-end=\"1446\">Delicious flavors and creamy texture<\/strong> that don&#039;t tire you out.<\/p>\n<\/li>\n<\/ul>\n<h3 data-start=\"1465\" data-end=\"1492\">\ud83d\udd39 <strong data-start=\"1472\" data-end=\"1490\">Instructions for use<\/strong><\/h3>\n<ul data-start=\"1493\" data-end=\"1796\">\n<li data-start=\"1493\" data-end=\"1596\">\n<p data-start=\"1495\" data-end=\"1596\"><strong data-start=\"1495\" data-end=\"1518\">Energizing breakfast<\/strong>: adds <strong data-start=\"1526\" data-end=\"1550\">2 tablespoons (100 g)<\/strong> Add your smoothie to start the day strong.<\/p>\n<\/li>\n<li data-start=\"1597\" data-end=\"1691\">\n<p data-start=\"1599\" data-end=\"1691\"><strong data-start=\"1599\" data-end=\"1621\">Post-workout<\/strong>Combine it with your favorite protein to optimize recovery.<\/p>\n<\/li>\n<li data-start=\"1692\" data-end=\"1796\">\n<p data-start=\"1694\" data-end=\"1796\"><strong data-start=\"1694\" data-end=\"1718\">Healthy Baking<\/strong>: ideal for preparing <strong data-start=\"1740\" data-end=\"1793\">pancakes, cookies, cakes or fitness snacks<\/strong>.<\/p>\n<\/li>\n<\/ul>\n<h3 data-start=\"1798\" data-end=\"1823\">\ud83d\udd39 <strong data-start=\"1805\" data-end=\"1821\">Ingredients<\/strong><\/h3>\n<ul data-start=\"1824\" data-end=\"1889\">\n<li data-start=\"1824\" data-end=\"1868\">\n<p data-start=\"1826\" data-end=\"1868\">Oat flour (Avena sativa L., grain)<\/p>\n<\/li>\n<li data-start=\"1869\" data-end=\"1889\">\n<p data-start=\"1871\" data-end=\"1889\">Natural aromas<\/p>\n<\/li>\n<\/ul>\n<h3 data-start=\"1891\" data-end=\"1947\">\ud83d\udce6 <strong data-start=\"1898\" data-end=\"1909\">Format<\/strong>2 KG \u2013 Flavored Oat Flour<\/h3>\n<h3 data-start=\"1948\" data-end=\"2010\">\ud83d\ude9a <strong data-start=\"1955\" data-end=\"1981\">Fast delivery with MRW<\/strong>: 24 \u2013 72 working hours.<\/h3>\n<p data-start=\"2012\" data-end=\"2203\">With <strong data-start=\"2016\" data-end=\"2049\">Oatmeal Smoothies One More Up<\/strong> enjoy a <strong data-start=\"2065\" data-end=\"2109\">a complete, delicious and healthy food<\/strong> that will give you the <strong data-start=\"2125\" data-end=\"2159\">energy and vitality needed<\/strong> to reach your fitness goals. \ud83c\udf31\ud83d\udcaa<\/p>","protected":false},"excerpt":{"rendered":"<p>Smoothies Oatmeal 2KG | Harina de Avena con Sabor Disfruta de la mejor fuente de energ\u00eda natural con nuestra Harina de Avena en polvo con deliciosos sabores. Nutritiva, vers\u00e1til y f\u00e1cil de preparar, es el complemento perfecto para tu desayuno, post-entrenamiento o recetas saludables. Con carbohidratos de bajo \u00edndice gluc\u00e9mico, fibra y prote\u00ednas vegetales, esta [&hellip;]<\/p>\n","protected":false},"featured_media":2842,"comment_status":"open","ping_status":"closed","template":"","meta":[],"product_brand":[],"product_cat":[18,160],"product_tag":[],"class_list":{"0":"post-2841","1":"product","2":"type-product","3":"status-publish","4":"has-post-thumbnail","6":"product_cat-complementacion-alimentaria","7":"product_cat-harinas-avena-sabores","9":"first","10":"instock","11":"taxable","12":"shipping-taxable","13":"purchasable","14":"product-type-variable"},"aioseo_notices":[],"_links":{"self":[{"href":"https:\/\/onemoreup.es\/en\/wp-json\/wp\/v2\/product\/2841","targetHints":{"allow":["GET"]}}],"collection":[{"href":"https:\/\/onemoreup.es\/en\/wp-json\/wp\/v2\/product"}],"about":[{"href":"https:\/\/onemoreup.es\/en\/wp-json\/wp\/v2\/types\/product"}],"replies":[{"embeddable":true,"href":"https:\/\/onemoreup.es\/en\/wp-json\/wp\/v2\/comments?post=2841"}],"wp:featuredmedia":[{"embeddable":true,"href":"https:\/\/onemoreup.es\/en\/wp-json\/wp\/v2\/media\/2842"}],"wp:attachment":[{"href":"https:\/\/onemoreup.es\/en\/wp-json\/wp\/v2\/media?parent=2841"}],"wp:term":[{"taxonomy":"product_brand","embeddable":true,"href":"https:\/\/onemoreup.es\/en\/wp-json\/wp\/v2\/product_brand?post=2841"},{"taxonomy":"product_cat","embeddable":true,"href":"https:\/\/onemoreup.es\/en\/wp-json\/wp\/v2\/product_cat?post=2841"},{"taxonomy":"product_tag","embeddable":true,"href":"https:\/\/onemoreup.es\/en\/wp-json\/wp\/v2\/product_tag?post=2841"}],"curies":[{"name":"wp","href":"https:\/\/api.w.org\/{rel}","templated":true}]}}