{"id":2878,"date":"2025-09-24T08:07:03","date_gmt":"2025-09-24T08:07:03","guid":{"rendered":"https:\/\/onemoreup.es\/?post_type=product&#038;p=2878"},"modified":"2025-09-24T11:09:26","modified_gmt":"2025-09-24T11:09:26","slug":"creatine-mix-creatina-120-capsul","status":"publish","type":"product","link":"https:\/\/onemoreup.es\/en\/tienda\/creatine-mix-creatina-120-capsul\/","title":{"rendered":"Creatine Mix | Creatine | 120 Capsule"},"content":{"rendered":"<h3 data-start=\"178\" data-end=\"244\">Creatine Capsules | Monohydrate + Kre-Alkalyn\u00ae + MagnaPower\u00ae<\/h3>\n<p data-start=\"246\" data-end=\"425\">\ud83d\udcaa <strong data-start=\"249\" data-end=\"290\">Maximize your workouts<\/strong> with our exclusive creatine capsules, an advanced formula that combines <strong data-start=\"370\" data-end=\"422\">Creatine Monohydrate, Kre-Alkalyn\u00ae and MagnaPower\u00ae<\/strong>.<\/p>\n<p data-start=\"427\" data-end=\"758\">This patented combination guarantees a <strong data-start=\"468\" data-end=\"501\">solubility and total absorption<\/strong>, which allows your body <strong data-start=\"532\" data-end=\"563\">maximize ATP synthesis<\/strong>, This premium creatine will help you achieve greater strength, endurance, and muscle mass. With it, you can take your performance to the next level and reach your fitness goals faster and more effectively.<\/p>\n<p data-start=\"760\" data-end=\"869\">\u26a1 <strong data-start=\"762\" data-end=\"867\">Make every session an opportunity to push yourself with One More Up&#039;s superior quality creatine.<\/strong><\/p>\n<hr data-start=\"871\" data-end=\"874\" \/>\n<h3 data-start=\"876\" data-end=\"892\">\u2705 Benefits<\/h3>\n<ul data-start=\"893\" data-end=\"1257\">\n<li data-start=\"893\" data-end=\"924\">\n<p data-start=\"895\" data-end=\"924\">It increases ATP synthesis.<\/p>\n<\/li>\n<li data-start=\"925\" data-end=\"982\">\n<p data-start=\"927\" data-end=\"982\">It improves muscle structure, preventing sarcopenia.<\/p>\n<\/li>\n<li data-start=\"983\" data-end=\"1022\">\n<p data-start=\"985\" data-end=\"1022\">Increases strength and endurance.<\/p>\n<\/li>\n<li data-start=\"1023\" data-end=\"1068\">\n<p data-start=\"1025\" data-end=\"1068\">It promotes an increase in muscle volume.<\/p>\n<\/li>\n<li data-start=\"1069\" data-end=\"1107\">\n<p data-start=\"1071\" data-end=\"1107\">It facilitates muscle recovery.<\/p>\n<\/li>\n<li data-start=\"1108\" data-end=\"1144\">\n<p data-start=\"1110\" data-end=\"1144\">It reduces fatigue and tiredness.<\/p>\n<\/li>\n<li data-start=\"1145\" data-end=\"1180\">\n<p data-start=\"1147\" data-end=\"1180\">Increase energy output.<\/p>\n<\/li>\n<li data-start=\"1181\" data-end=\"1214\">\n<p data-start=\"1183\" data-end=\"1214\">It prevents muscle injuries.<\/p>\n<\/li>\n<li data-start=\"1215\" data-end=\"1257\">\n<p data-start=\"1217\" data-end=\"1257\">Promotes muscle mass gain.<\/p>\n<\/li>\n<\/ul>\n<hr data-start=\"1259\" data-end=\"1262\" \/>\n<h3 data-start=\"1264\" data-end=\"1285\">\ud83d\udccc Instructions for use<\/h3>\n<p data-start=\"1286\" data-end=\"1384\">Take from <strong data-start=\"1295\" data-end=\"1320\">2 to 3 capsules per day<\/strong>, preferably before training, with plenty of water.<\/p>\n<hr data-start=\"1386\" data-end=\"1389\" \/>\n<h3 data-start=\"1391\" data-end=\"1424\">\ud83e\uddec Ingredients (per capsule)<\/h3>\n<ul data-start=\"1425\" data-end=\"1518\">\n<li data-start=\"1425\" data-end=\"1461\">\n<p data-start=\"1427\" data-end=\"1461\">Creatine Monohydrate: <strong data-start=\"1449\" data-end=\"1459\">300 mg<\/strong><\/p>\n<\/li>\n<li data-start=\"1462\" data-end=\"1490\">\n<p data-start=\"1464\" data-end=\"1490\">Kre-Alkalyn\u00ae: <strong data-start=\"1478\" data-end=\"1488\">200 mg<\/strong><\/p>\n<\/li>\n<li data-start=\"1491\" data-end=\"1518\">\n<p data-start=\"1493\" data-end=\"1518\">MagnaPower\u00ae: <strong data-start=\"1506\" data-end=\"1516\">200 mg<\/strong><\/p>\n<\/li>\n<\/ul>\n<hr data-start=\"1520\" data-end=\"1523\" \/>\n<h3 data-start=\"1525\" data-end=\"1567\">\u26a1 Nutritional composition (per 100 g*)<\/h3>\n<ul data-start=\"1568\" data-end=\"1825\">\n<li data-start=\"1568\" data-end=\"1618\">\n<p data-start=\"1570\" data-end=\"1618\">Energy value: <strong data-start=\"1588\" data-end=\"1616\">324.62 Kcal = 1356.91 kJ<\/strong><\/p>\n<\/li>\n<li data-start=\"1619\" data-end=\"1684\">\n<p data-start=\"1621\" data-end=\"1641\">Fats: <strong data-start=\"1629\" data-end=\"1639\">2.36 g<\/strong><\/p>\n<ul data-start=\"1645\" data-end=\"1684\">\n<li data-start=\"1645\" data-end=\"1684\">\n<p data-start=\"1647\" data-end=\"1684\">of which saturated: <strong data-start=\"1672\" data-end=\"1682\">2.36 g<\/strong><\/p>\n<\/li>\n<\/ul>\n<\/li>\n<li data-start=\"1685\" data-end=\"1755\">\n<p data-start=\"1687\" data-end=\"1714\">Carbohydrates: <strong data-start=\"1702\" data-end=\"1712\">1.88 g<\/strong><\/p>\n<ul data-start=\"1718\" data-end=\"1755\">\n<li data-start=\"1718\" data-end=\"1755\">\n<p data-start=\"1720\" data-end=\"1755\">of which sugars: <strong data-start=\"1744\" data-end=\"1753\">0.0 g<\/strong><\/p>\n<\/li>\n<\/ul>\n<\/li>\n<li data-start=\"1756\" data-end=\"1778\">\n<p data-start=\"1758\" data-end=\"1778\">Fiber: <strong data-start=\"1765\" data-end=\"1776\">13.28 g<\/strong><\/p>\n<\/li>\n<li data-start=\"1779\" data-end=\"1805\">\n<p data-start=\"1781\" data-end=\"1805\">Proteins: <strong data-start=\"1792\" data-end=\"1803\">53.49 g<\/strong><\/p>\n<\/li>\n<li data-start=\"1806\" data-end=\"1825\">\n<p data-start=\"1808\" data-end=\"1825\">Salt: <strong data-start=\"1813\" data-end=\"1823\">0.00 g<\/strong><\/p>\n<\/li>\n<\/ul>\n<p data-start=\"1827\" data-end=\"1851\">*Approximate values.<\/p>\n<hr data-start=\"1853\" data-end=\"1856\" \/>\n<p data-start=\"1858\" data-end=\"1915\">\ud83d\udce6 <strong data-start=\"1861\" data-end=\"1913\">Delivery time: 1 to 3 business days with MRW.<\/strong><\/p>","protected":false},"excerpt":{"rendered":"<p>Creatina C\u00e1psulas | Monohidrato + Kre-Alkalyn\u00ae + MagnaPower\u00ae \ud83d\udcaa Potencia tus entrenamientos al m\u00e1ximo con nuestras c\u00e1psulas exclusivas de creatina, una f\u00f3rmula avanzada que combina Creatina Monohidrato, Kre-Alkalyn\u00ae y MagnaPower\u00ae. Esta combinaci\u00f3n patentada garantiza una solubilidad y absorci\u00f3n total, lo que permite que tu cuerpo maximice la s\u00edntesis de ATP, logrando m\u00e1s fuerza, resistencia y [&hellip;]<\/p>\n","protected":false},"featured_media":2879,"comment_status":"open","ping_status":"closed","template":"","meta":[],"product_brand":[],"product_cat":[18,159],"product_tag":[],"class_list":{"0":"post-2878","1":"product","2":"type-product","3":"status-publish","4":"has-post-thumbnail","6":"product_cat-complementacion-alimentaria","7":"product_cat-creatina-cretaine","9":"first","10":"instock","11":"taxable","12":"shipping-taxable","13":"purchasable","14":"product-type-simple"},"aioseo_notices":[],"_links":{"self":[{"href":"https:\/\/onemoreup.es\/en\/wp-json\/wp\/v2\/product\/2878","targetHints":{"allow":["GET"]}}],"collection":[{"href":"https:\/\/onemoreup.es\/en\/wp-json\/wp\/v2\/product"}],"about":[{"href":"https:\/\/onemoreup.es\/en\/wp-json\/wp\/v2\/types\/product"}],"replies":[{"embeddable":true,"href":"https:\/\/onemoreup.es\/en\/wp-json\/wp\/v2\/comments?post=2878"}],"wp:featuredmedia":[{"embeddable":true,"href":"https:\/\/onemoreup.es\/en\/wp-json\/wp\/v2\/media\/2879"}],"wp:attachment":[{"href":"https:\/\/onemoreup.es\/en\/wp-json\/wp\/v2\/media?parent=2878"}],"wp:term":[{"taxonomy":"product_brand","embeddable":true,"href":"https:\/\/onemoreup.es\/en\/wp-json\/wp\/v2\/product_brand?post=2878"},{"taxonomy":"product_cat","embeddable":true,"href":"https:\/\/onemoreup.es\/en\/wp-json\/wp\/v2\/product_cat?post=2878"},{"taxonomy":"product_tag","embeddable":true,"href":"https:\/\/onemoreup.es\/en\/wp-json\/wp\/v2\/product_tag?post=2878"}],"curies":[{"name":"wp","href":"https:\/\/api.w.org\/{rel}","templated":true}]}}