{"id":2889,"date":"2025-09-24T08:31:06","date_gmt":"2025-09-24T08:31:06","guid":{"rendered":"https:\/\/onemoreup.es\/?post_type=product&#038;p=2889"},"modified":"2025-11-05T10:16:12","modified_gmt":"2025-11-05T10:16:12","slug":"isact-cfm-isolate-proteina-isolate-2kg","status":"publish","type":"product","link":"https:\/\/onemoreup.es\/en\/tienda\/isact-cfm-isolate-proteina-isolate-2kg\/","title":{"rendered":"ISACT CFM Isolate 2 kg \u2013 Hypertrophy Nutrition \u2013 Whey Protein Isolate"},"content":{"rendered":"<p data-start=\"1168\" data-end=\"1427\"><strong data-start=\"1168\" data-end=\"1189\">ISACT CFM Isolate<\/strong> It has been prepared by <strong data-start=\"1212\" data-end=\"1237\">Hypertrophy Nutrition<\/strong> from whey proteins obtained through processes of <strong data-start=\"1309\" data-end=\"1339\">ultramicrofiltration (CFM)<\/strong>, This allows the product to maintain its nutritional quality and a pleasant texture.<\/p>\n<p data-start=\"1429\" data-end=\"1642\">Its formula combines <strong data-start=\"1448\" data-end=\"1470\">concentrate (80 %)<\/strong>, <strong data-start=\"1472\" data-end=\"1499\">whey isolate (90 %)<\/strong> and a fraction of <strong data-start=\"1518\" data-end=\"1529\">casein<\/strong>, along with <strong data-start=\"1541\" data-end=\"1563\">Kyowa\u00ae L-Glutamine<\/strong> and <strong data-start=\"1566\" data-end=\"1596\">digestive enzymes lactase<\/strong>, which facilitate the assimilation of the product.<\/p>\n<p data-start=\"1644\" data-end=\"1823\">The result is a versatile protein supplement, suitable for integration into any balanced diet plan and compatible with sports routines or active lifestyles.<\/p>\n<p data-start=\"1825\" data-end=\"1861\">\u2728 <strong data-start=\"1827\" data-end=\"1859\">Main features:<\/strong><\/p>\n<ul data-start=\"1862\" data-end=\"2141\">\n<li data-start=\"1862\" data-end=\"1934\">\n<p data-start=\"1864\" data-end=\"1934\">Blend of whey protein concentrate and isolate (WPC 80 \/ WPI 90).<\/p>\n<\/li>\n<li data-start=\"1935\" data-end=\"1984\">\n<p data-start=\"1937\" data-end=\"1984\">Includes micellar casein and Kyowa\u00ae L-Glutamine.<\/p>\n<\/li>\n<li data-start=\"1985\" data-end=\"2022\">\n<p data-start=\"1987\" data-end=\"2022\">With digestive enzymes (lactase).<\/p>\n<\/li>\n<li data-start=\"2023\" data-end=\"2062\">\n<p data-start=\"2025\" data-end=\"2062\">Creamy texture and good solubility.<\/p>\n<\/li>\n<li data-start=\"2063\" data-end=\"2096\">\n<p data-start=\"2065\" data-end=\"2096\">Available in several flavors.<\/p>\n<\/li>\n<li data-start=\"2097\" data-end=\"2141\">\n<p data-start=\"2099\" data-end=\"2141\">Manufactured by <strong data-start=\"2113\" data-end=\"2138\">Hypertrophy Nutrition<\/strong>.<\/p>\n<\/li>\n<\/ul>\n<p data-start=\"2143\" data-end=\"2326\">\ud83e\udd64 <strong data-start=\"2146\" data-end=\"2162\">How to use:<\/strong><br data-start=\"2162\" data-end=\"2165\" \/>Dissolve one serving (38 g) in 200\u2013250 ml of water or plant-based drink. It can be taken at any time of day according to individual nutritional needs.<\/p>\n<p data-start=\"2328\" data-end=\"2603\">\ud83e\uddea <strong data-start=\"2331\" data-end=\"2360\">Main ingredients:<\/strong><br data-start=\"2360\" data-end=\"2363\" \/>Whey protein concentrate and isolate <strong data-start=\"2409\" data-end=\"2418\">MILK<\/strong>, casein, L-Glutamine Kyowa\u00ae, glycine, vitamin blend (C, E, B1, B2, B6, B12, niacin, pantothenic acid, folate and biotin), digestive enzymes (lactase), sweeteners and flavorings.<\/p>\n<p data-start=\"2605\" data-end=\"2677\">\ud83d\udce6 <strong data-start=\"2608\" data-end=\"2629\">Delivery time:<\/strong><br data-start=\"2629\" data-end=\"2632\" \/><strong data-start=\"2632\" data-end=\"2657\">1 to 3 business days<\/strong> through <strong data-start=\"2667\" data-end=\"2674\">MRW<\/strong>.<\/p>\n<p data-start=\"2679\" data-end=\"2749\">\ud83d\udc9c <strong data-start=\"2682\" data-end=\"2749\">One More Up \u2013 Quality, nutrition and trust for your everyday life.<\/strong><\/p>","protected":false},"excerpt":{"rendered":"<p><strong data-start=\"824\" data-end=\"845\">ISACT CFM Isolate<\/strong> of <strong data-start=\"849\" data-end=\"874\">Hypertrophy Nutrition<\/strong> es una prote\u00edna de suero de alta calidad que combina concentrado, aislado y case\u00edna micelar para ofrecer un perfil completo de amino\u00e1cidos y una textura suave de excelente disoluci\u00f3n.<br data-start=\"1058\" data-end=\"1061\" \/><strong data-start=\"1061\" data-end=\"1100\">Formato: 2 kg | Env\u00edo MRW 1\u20133 d\u00ed<\/strong><\/p>","protected":false},"featured_media":2885,"comment_status":"open","ping_status":"closed","template":"","meta":[],"product_brand":[],"product_cat":[18,158],"product_tag":[],"class_list":{"0":"post-2889","1":"product","2":"type-product","3":"status-publish","4":"has-post-thumbnail","6":"product_cat-complementacion-alimentaria","7":"product_cat-proteinas","9":"first","10":"instock","11":"taxable","12":"shipping-taxable","13":"purchasable","14":"product-type-variable"},"aioseo_notices":[],"_links":{"self":[{"href":"https:\/\/onemoreup.es\/en\/wp-json\/wp\/v2\/product\/2889","targetHints":{"allow":["GET"]}}],"collection":[{"href":"https:\/\/onemoreup.es\/en\/wp-json\/wp\/v2\/product"}],"about":[{"href":"https:\/\/onemoreup.es\/en\/wp-json\/wp\/v2\/types\/product"}],"replies":[{"embeddable":true,"href":"https:\/\/onemoreup.es\/en\/wp-json\/wp\/v2\/comments?post=2889"}],"wp:featuredmedia":[{"embeddable":true,"href":"https:\/\/onemoreup.es\/en\/wp-json\/wp\/v2\/media\/2885"}],"wp:attachment":[{"href":"https:\/\/onemoreup.es\/en\/wp-json\/wp\/v2\/media?parent=2889"}],"wp:term":[{"taxonomy":"product_brand","embeddable":true,"href":"https:\/\/onemoreup.es\/en\/wp-json\/wp\/v2\/product_brand?post=2889"},{"taxonomy":"product_cat","embeddable":true,"href":"https:\/\/onemoreup.es\/en\/wp-json\/wp\/v2\/product_cat?post=2889"},{"taxonomy":"product_tag","embeddable":true,"href":"https:\/\/onemoreup.es\/en\/wp-json\/wp\/v2\/product_tag?post=2889"}],"curies":[{"name":"wp","href":"https:\/\/api.w.org\/{rel}","templated":true}]}}