{"id":2894,"date":"2025-09-24T08:39:38","date_gmt":"2025-09-24T08:39:38","guid":{"rendered":"https:\/\/onemoreup.es\/?post_type=product&#038;p=2894"},"modified":"2025-11-03T12:00:35","modified_gmt":"2025-11-03T12:00:35","slug":"podium-elite-proteina-2kg","status":"publish","type":"product","link":"https:\/\/onemoreup.es\/en\/tienda\/podium-elite-proteina-2kg\/","title":{"rendered":"Podium Elite Protein 2kg"},"content":{"rendered":"<h3 data-start=\"511\" data-end=\"566\">\ud83c\udfcb\ufe0f\u200d\u2642\ufe0f <strong data-start=\"522\" data-end=\"564\">Podium Elite Whey Protein Blend \u2013 2 kg<\/strong><\/h3>\n<p data-start=\"567\" data-end=\"596\"><strong data-start=\"567\" data-end=\"577\">Brand:<\/strong> Podium Nutrition<\/p>\n<p data-start=\"598\" data-end=\"903\">The <strong data-start=\"601\" data-end=\"629\">Elite Whey Protein Blend<\/strong> Podium Nutrition&#039;s formula is made with a balanced blend of high-quality proteins, ideal for those who lead an active lifestyle.<br data-start=\"773\" data-end=\"776\" \/>Its formula combines different protein sources to offer a smooth texture, a delicious flavor, and perfect dissolution.<\/p>\n<p data-start=\"905\" data-end=\"974\">Available in strawberry, chocolate, cookie, and vanilla flavors \ud83c\udf53\ud83c\udf6b\ud83c\udf6a\ud83c\udf66<\/p>\n<hr data-start=\"976\" data-end=\"979\" \/>\n<p data-start=\"981\" data-end=\"1016\">\u2705 <strong data-start=\"983\" data-end=\"1014\">Main features<\/strong><\/p>\n<ul data-start=\"1017\" data-end=\"1213\">\n<li data-start=\"1017\" data-end=\"1072\">\n<p data-start=\"1019\" data-end=\"1072\">Blend of whey protein, milk, soy and collagen<\/p>\n<\/li>\n<li data-start=\"1073\" data-end=\"1110\">\n<p data-start=\"1075\" data-end=\"1110\">Creamy texture and excellent flavor<\/p>\n<\/li>\n<li data-start=\"1111\" data-end=\"1147\">\n<p data-start=\"1113\" data-end=\"1147\">Easily dissolves in water or milk<\/p>\n<\/li>\n<li data-start=\"1148\" data-end=\"1167\">\n<p data-start=\"1150\" data-end=\"1167\">2 kg per package<\/p>\n<\/li>\n<li data-start=\"1168\" data-end=\"1213\">\n<p data-start=\"1170\" data-end=\"1213\">Ideal for active people and athletes<\/p>\n<\/li>\n<\/ul>\n<hr data-start=\"1215\" data-end=\"1218\" \/>\n<p data-start=\"1220\" data-end=\"1470\">\ud83e\udd64 <strong data-start=\"1223\" data-end=\"1251\">Suggested consumption method<\/strong><br data-start=\"1251\" data-end=\"1254\" \/>Mix 50g of the product in 200-250ml of water or milk, once or twice a day, depending on your protein needs.<br data-start=\"1368\" data-end=\"1371\" \/>You can enjoy it after training or between meals as part of a balanced diet.<\/p>\n<hr data-start=\"1472\" data-end=\"1475\" \/>\n<p data-start=\"1477\" data-end=\"1498\">\ud83e\uddec <strong data-start=\"1480\" data-end=\"1496\">Ingredients<\/strong><\/p>\n<ul data-start=\"1499\" data-end=\"1676\">\n<li data-start=\"1499\" data-end=\"1544\">\n<p data-start=\"1501\" data-end=\"1544\">Whey protein concentrate<\/p>\n<\/li>\n<li data-start=\"1545\" data-end=\"1591\">\n<p data-start=\"1547\" data-end=\"1591\">Milk protein isolate (MPI Isolate)<\/p>\n<\/li>\n<li data-start=\"1592\" data-end=\"1623\">\n<p data-start=\"1594\" data-end=\"1623\">Soy protein isolate<\/p>\n<\/li>\n<li data-start=\"1624\" data-end=\"1636\">\n<p data-start=\"1626\" data-end=\"1636\">Collagen<\/p>\n<\/li>\n<li data-start=\"1637\" data-end=\"1676\">\n<p data-start=\"1639\" data-end=\"1676\">Flavorings and sweeteners (depending on flavor)<\/p>\n<\/li>\n<\/ul>\n<hr data-start=\"1678\" data-end=\"1681\" \/>\n<p data-start=\"1683\" data-end=\"1737\">\ud83d\udce6 <strong data-start=\"1686\" data-end=\"1707\">Delivery time:<\/strong> 1-3 business days with MRW<\/p>","protected":false},"excerpt":{"rendered":"<p>\ud83c\udfcb\ufe0f\u200d\u2642\ufe0f Podium Elite Whey Protein Blend \u2013 2 kg Marca: Podium Nutrition La Elite Whey Protein Blend de Podium Nutrition est\u00e1 elaborada con una mezcla equilibrada de prote\u00ednas de alta calidad, ideal para quienes siguen un estilo de vida activo.Su f\u00f3rmula combina diferentes fuentes proteicas para ofrecer una textura suave, un sabor delicioso y una [&hellip;]<\/p>\n","protected":false},"featured_media":2895,"comment_status":"open","ping_status":"closed","template":"","meta":[],"product_brand":[],"product_cat":[18,158],"product_tag":[],"class_list":{"0":"post-2894","1":"product","2":"type-product","3":"status-publish","4":"has-post-thumbnail","6":"product_cat-complementacion-alimentaria","7":"product_cat-proteinas","9":"first","10":"instock","11":"taxable","12":"shipping-taxable","13":"purchasable","14":"product-type-variable"},"aioseo_notices":[],"_links":{"self":[{"href":"https:\/\/onemoreup.es\/en\/wp-json\/wp\/v2\/product\/2894","targetHints":{"allow":["GET"]}}],"collection":[{"href":"https:\/\/onemoreup.es\/en\/wp-json\/wp\/v2\/product"}],"about":[{"href":"https:\/\/onemoreup.es\/en\/wp-json\/wp\/v2\/types\/product"}],"replies":[{"embeddable":true,"href":"https:\/\/onemoreup.es\/en\/wp-json\/wp\/v2\/comments?post=2894"}],"wp:featuredmedia":[{"embeddable":true,"href":"https:\/\/onemoreup.es\/en\/wp-json\/wp\/v2\/media\/2895"}],"wp:attachment":[{"href":"https:\/\/onemoreup.es\/en\/wp-json\/wp\/v2\/media?parent=2894"}],"wp:term":[{"taxonomy":"product_brand","embeddable":true,"href":"https:\/\/onemoreup.es\/en\/wp-json\/wp\/v2\/product_brand?post=2894"},{"taxonomy":"product_cat","embeddable":true,"href":"https:\/\/onemoreup.es\/en\/wp-json\/wp\/v2\/product_cat?post=2894"},{"taxonomy":"product_tag","embeddable":true,"href":"https:\/\/onemoreup.es\/en\/wp-json\/wp\/v2\/product_tag?post=2894"}],"curies":[{"name":"wp","href":"https:\/\/api.w.org\/{rel}","templated":true}]}}